{"id":703962,"date":"2025-08-27T15:30:41","date_gmt":"2025-08-27T12:30:41","guid":{"rendered":"https:\/\/roveyayinevi.com.tr\/index.php\/urun\/ipekbocegi\/"},"modified":"2026-04-16T02:13:04","modified_gmt":"2026-04-15T23:13:04","slug":"ipekbocegi","status":"publish","type":"product","link":"https:\/\/roveyayinevi.com.tr\/index.php\/urun\/ipekbocegi\/","title":{"rendered":"\u0130pekb\u00f6ce\u011fi"},"content":{"rendered":"<p>Roman yazar\u0131 Owen Quine ortadan kaybolunca kar\u0131s\u0131 Leonora, \u00f6zel dedektif Cormoran Strike\u2019\u0131n kap\u0131s\u0131n\u0131 \u00e7alar. Leonora ilk ba\u015fta kocas\u0131n\u0131n ara s\u0131ra yapt\u0131\u011f\u0131 gibi birka\u00e7 g\u00fcnl\u00fc\u011f\u00fcne uzakla\u015fmak istedi\u011fini d\u00fc\u015f\u00fcnm\u00fc\u015f ve Strike\u2019tan da onun bu kez nerede oldu\u011funu bulmas\u0131n\u0131 istemi\u015ftir. Ancak Strike, kay\u0131p yazara ait izlerin pe\u015fine d\u00fc\u015ft\u00fc\u011f\u00fcnde i\u015flerin o kadar da basit olmad\u0131\u011f\u0131n\u0131 anla\u015f\u0131l\u0131r. Owen Quine son yazd\u0131\u011f\u0131 ve bas\u0131lmas\u0131 i\u00e7in u\u011fra\u015ft\u0131\u011f\u0131 roman\u0131nda, yay\u0131nc\u0131l\u0131k d\u00fcnyas\u0131ndan ve yak\u0131n \u00e7evresinden bir\u00e7ok ki\u015fiyi betimledi\u011fi korkun\u00e7 karakterler yaratm\u0131\u015ft\u0131r. E\u011fer roman yay\u0131nlan\u0131rsa bir\u00e7ok ki\u015finin hayat\u0131 kitapta yaz\u0131lanlar y\u00fcz\u00fcnden alt \u00fcst olacak, \u00e7irkin s\u0131rlar ortaya d\u00f6k\u00fclecektir. Dolay\u0131s\u0131yla Owen Quine\u2019i \u00f6ld\u00fcrmek isteyebilecek pek \u00e7ok \u015f\u00fcpheli vard\u0131r\u2026 Ve k\u0131sa bir s\u00fcre sonra Strike, yazar\u0131n cesedini en so\u011fukkanl\u0131 insan\u0131n bile midesini buland\u0131racak halde buldu\u011funda ak\u0131l almaz cinayeti kimin i\u015fledi\u011fini ortaya \u00e7\u0131karmak ve cinayet sebebini anlamak i\u00e7in amans\u0131z bir aray\u0131\u015f ba\u015flar. Bu b\u00fcy\u00fck, tehlikeli bulmaca ayn\u0131 zamanda Strike\u2019\u0131 daha \u00f6nce kar\u015f\u0131la\u015fmad\u0131\u011f\u0131 kadar \u00e7etin bir katille kar\u015f\u0131 kar\u015f\u0131ya getirecektir\u2026 \ufffcTan\u0131t\u0131m Metni<\/p>\n","protected":false},"excerpt":{"rendered":"<p>Roman yazar\u0131 Owen Quine ortadan kaybolunca kar\u0131s\u0131 Leonora, \u00f6zel dedektif Cormoran Strike\u2019\u0131n kap\u0131s\u0131n\u0131 \u00e7alar. Leonora ilk ba\u015fta kocas\u0131n\u0131n ara s\u0131ra yapt\u0131\u011f\u0131 gibi birka\u00e7 g\u00fcnl\u00fc\u011f\u00fcne uzakla\u015fmak istedi\u011fini<span class=\"excerpt-hellip\"> [\u2026]<\/span><\/p>\n","protected":false},"featured_media":0,"template":"","meta":{"_monsterinsights_skip_tracking":false,"_monsterinsights_sitenote_active":false,"_monsterinsights_sitenote_note":"","_monsterinsights_sitenote_category":0},"product_brand":[],"product_cat":[12291,12711],"product_tag":[],"class_list":{"0":"post-703962","1":"product","2":"type-product","3":"status-publish","5":"product_cat-edebiyat","6":"product_cat-roman-oyku","7":"pa_cilt-ciltsiz","8":"pa_tur-kitap","9":"pa_yayinevi-pegasus-yayinlari","10":"pa_yazar-robert-galbraith","12":"first","13":"instock","14":"sale","15":"shipping-taxable","16":"purchasable","17":"product-type-simple"},"_links":{"self":[{"href":"https:\/\/roveyayinevi.com.tr\/index.php\/wp-json\/wp\/v2\/product\/703962","targetHints":{"allow":["GET"]}}],"collection":[{"href":"https:\/\/roveyayinevi.com.tr\/index.php\/wp-json\/wp\/v2\/product"}],"about":[{"href":"https:\/\/roveyayinevi.com.tr\/index.php\/wp-json\/wp\/v2\/types\/product"}],"wp:attachment":[{"href":"https:\/\/roveyayinevi.com.tr\/index.php\/wp-json\/wp\/v2\/media?parent=703962"}],"wp:term":[{"taxonomy":"product_brand","embeddable":true,"href":"https:\/\/roveyayinevi.com.tr\/index.php\/wp-json\/wp\/v2\/product_brand?post=703962"},{"taxonomy":"product_cat","embeddable":true,"href":"https:\/\/roveyayinevi.com.tr\/index.php\/wp-json\/wp\/v2\/product_cat?post=703962"},{"taxonomy":"product_tag","embeddable":true,"href":"https:\/\/roveyayinevi.com.tr\/index.php\/wp-json\/wp\/v2\/product_tag?post=703962"}],"curies":[{"name":"wp","href":"https:\/\/api.w.org\/{rel}","templated":true}]}}