{"id":703961,"date":"2025-08-27T15:30:40","date_gmt":"2025-08-27T12:30:40","guid":{"rendered":"https:\/\/roveyayinevi.com.tr\/index.php\/urun\/kiler-bir-kacis\/"},"modified":"2026-04-16T02:13:04","modified_gmt":"2026-04-15T23:13:04","slug":"kiler-bir-kacis","status":"publish","type":"product","link":"https:\/\/roveyayinevi.com.tr\/index.php\/urun\/kiler-bir-kacis\/","title":{"rendered":"Kiler &#8211; Bir Ka\u00e7\u0131\u015f"},"content":{"rendered":"<p>Thomas Bernhard otobiyografik be\u015flemesinin ikinci kitab\u0131 Kiler &#8211; Bir Ka\u00e7\u0131\u015f&#8217;ta, \u00f6n\u00fcnde uzanan yolu reddedi\u015finin hikayesini anlat\u0131yor bu kez. Kendisinden \u00e7ok \u015fey beklenen, gelece\u011fi parlak lise \u00f6\u011frencisinin yaln\u0131zca iki se\u00e7ene\u011fi vard\u0131r: ya t\u00fcm arzular\u0131na ve hayallerine ayk\u0131r\u0131 bu k\u00fc\u00e7\u00fck burjuva e\u011fitim sistemine katlanmaya \u00e7al\u0131\u015f\u0131p en sonunda intihar edecek, ya da t\u00fcm beklentileri bo\u015fa \u00e7\u0131kararak tam ters y\u00f6ne gidecektir. Bir sabah okula giderken aniden gerisin geriye d\u00f6ner ve yoksul mahallesindeki bir bakkalda \u00e7\u0131rakl\u0131k yapmaya ba\u015flar. \u015eekillendirilmeyi, yeti\u015ftirilmeyi reddedi\u015fin, kendi yolunu se\u00e7me m\u00fccadelesinin hikayesi.Bu eserinde Bernhard, b\u00fcy\u00fck bir yazar olman\u0131n ta\u015flar\u0131n\u0131n nas\u0131l d\u00f6\u015fendi\u011fine dair ipu\u00e7lar\u0131n\u0131 vermeye ba\u015fl\u0131yor. Dedesinden \u00f6\u011frendi\u011fi teori ve felsefe bilgisine, \u00e7\u0131rakl\u0131k yaparken edindi\u011fi ya\u015fam tecr\u00fcbesinin eklenmesiyle d\u00fcnyas\u0131n\u0131n nas\u0131l bir renklilik ve \u00e7e\u015fitlilik kazand\u0131\u011f\u0131n\u0131 g\u00f6r\u00fcyoruz&#8230; \ufffc<\/p>\n","protected":false},"excerpt":{"rendered":"<p>Thomas Bernhard otobiyografik be\u015flemesinin ikinci kitab\u0131 Kiler &#8211; Bir Ka\u00e7\u0131\u015f&#8217;ta, \u00f6n\u00fcnde uzanan yolu reddedi\u015finin hikayesini anlat\u0131yor bu kez. Kendisinden \u00e7ok \u015fey beklenen, gelece\u011fi parlak lise \u00f6\u011frencisinin<span class=\"excerpt-hellip\"> [\u2026]<\/span><\/p>\n","protected":false},"featured_media":0,"template":"","meta":{"_monsterinsights_skip_tracking":false,"_monsterinsights_sitenote_active":false,"_monsterinsights_sitenote_note":"","_monsterinsights_sitenote_category":0},"product_brand":[],"product_cat":[12777,12291],"product_tag":[],"class_list":{"0":"post-703961","1":"product","2":"type-product","3":"status-publish","5":"product_cat-deneme","6":"product_cat-edebiyat","7":"pa_cilt-ciltsiz","8":"pa_tur-kitap","9":"pa_yayinevi-sel-yayincilik","10":"pa_yazar-thomas-bernhard","12":"first","13":"instock","14":"sale","15":"shipping-taxable","16":"purchasable","17":"product-type-simple"},"_links":{"self":[{"href":"https:\/\/roveyayinevi.com.tr\/index.php\/wp-json\/wp\/v2\/product\/703961","targetHints":{"allow":["GET"]}}],"collection":[{"href":"https:\/\/roveyayinevi.com.tr\/index.php\/wp-json\/wp\/v2\/product"}],"about":[{"href":"https:\/\/roveyayinevi.com.tr\/index.php\/wp-json\/wp\/v2\/types\/product"}],"wp:attachment":[{"href":"https:\/\/roveyayinevi.com.tr\/index.php\/wp-json\/wp\/v2\/media?parent=703961"}],"wp:term":[{"taxonomy":"product_brand","embeddable":true,"href":"https:\/\/roveyayinevi.com.tr\/index.php\/wp-json\/wp\/v2\/product_brand?post=703961"},{"taxonomy":"product_cat","embeddable":true,"href":"https:\/\/roveyayinevi.com.tr\/index.php\/wp-json\/wp\/v2\/product_cat?post=703961"},{"taxonomy":"product_tag","embeddable":true,"href":"https:\/\/roveyayinevi.com.tr\/index.php\/wp-json\/wp\/v2\/product_tag?post=703961"}],"curies":[{"name":"wp","href":"https:\/\/api.w.org\/{rel}","templated":true}]}}