{"id":703959,"date":"2025-08-27T15:30:39","date_gmt":"2025-08-27T12:30:39","guid":{"rendered":"https:\/\/roveyayinevi.com.tr\/index.php\/urun\/bilgi-toplumu-ve-universiteler\/"},"modified":"2026-04-16T02:13:04","modified_gmt":"2026-04-15T23:13:04","slug":"bilgi-toplumu-ve-universiteler","status":"publish","type":"product","link":"https:\/\/roveyayinevi.com.tr\/index.php\/urun\/bilgi-toplumu-ve-universiteler\/","title":{"rendered":"Bilgi Toplumu Ve \u00dcniversiteler"},"content":{"rendered":"<p>Yirmi birinci y\u00fczy\u0131l \u00fcniversiteleri yeniden \u015fekillendiriyor. Ekonomik ve sosyal etkenler 1980\u2019lerden bu yana geleneksel \u00fcniversiteyi de\u011fi\u015fime zorlamaktad\u0131r. Yeni e\u011fitim modellerinden, sanal \u00fcniversitelere giderek artan uluslararas\u0131la\u015fmaya kadar pek \u00e7ok alanda \u00fcniversiteler bilgi toplumu olarak tarif edilen yeni paradigmayla gerilimli bir ili\u015fki i\u00e7ine girdiler. <\/p>\n","protected":false},"excerpt":{"rendered":"<p>Yirmi birinci y\u00fczy\u0131l \u00fcniversiteleri yeniden \u015fekillendiriyor. Ekonomik ve sosyal etkenler 1980\u2019lerden bu yana geleneksel \u00fcniversiteyi de\u011fi\u015fime zorlamaktad\u0131r. Yeni e\u011fitim modellerinden, sanal \u00fcniversitelere giderek artan uluslararas\u0131la\u015fmaya kadar<span class=\"excerpt-hellip\"> [\u2026]<\/span><\/p>\n","protected":false},"featured_media":0,"template":"","meta":{"_monsterinsights_skip_tracking":false,"_monsterinsights_sitenote_active":false,"_monsterinsights_sitenote_note":"","_monsterinsights_sitenote_category":0},"product_brand":[],"product_cat":[12567,12566],"product_tag":[],"class_list":{"0":"post-703959","1":"product","2":"type-product","3":"status-publish","5":"product_cat-diger-egitim","6":"product_cat-egitim","7":"pa_tur-kitap","8":"pa_yayinevi-efil-yayinevi","9":"pa_yazar-kadri-yamac","11":"first","12":"instock","13":"sale","14":"shipping-taxable","15":"purchasable","16":"product-type-simple"},"_links":{"self":[{"href":"https:\/\/roveyayinevi.com.tr\/index.php\/wp-json\/wp\/v2\/product\/703959","targetHints":{"allow":["GET"]}}],"collection":[{"href":"https:\/\/roveyayinevi.com.tr\/index.php\/wp-json\/wp\/v2\/product"}],"about":[{"href":"https:\/\/roveyayinevi.com.tr\/index.php\/wp-json\/wp\/v2\/types\/product"}],"wp:attachment":[{"href":"https:\/\/roveyayinevi.com.tr\/index.php\/wp-json\/wp\/v2\/media?parent=703959"}],"wp:term":[{"taxonomy":"product_brand","embeddable":true,"href":"https:\/\/roveyayinevi.com.tr\/index.php\/wp-json\/wp\/v2\/product_brand?post=703959"},{"taxonomy":"product_cat","embeddable":true,"href":"https:\/\/roveyayinevi.com.tr\/index.php\/wp-json\/wp\/v2\/product_cat?post=703959"},{"taxonomy":"product_tag","embeddable":true,"href":"https:\/\/roveyayinevi.com.tr\/index.php\/wp-json\/wp\/v2\/product_tag?post=703959"}],"curies":[{"name":"wp","href":"https:\/\/api.w.org\/{rel}","templated":true}]}}