{"id":703958,"date":"2025-08-27T15:30:39","date_gmt":"2025-08-27T12:30:39","guid":{"rendered":"https:\/\/roveyayinevi.com.tr\/index.php\/urun\/kacirdiklarimiz\/"},"modified":"2026-04-16T02:13:04","modified_gmt":"2026-04-15T23:13:04","slug":"kacirdiklarimiz","status":"publish","type":"product","link":"https:\/\/roveyayinevi.com.tr\/index.php\/urun\/kacirdiklarimiz\/","title":{"rendered":"Ka\u00e7\u0131rd\u0131klar\u0131m\u0131z"},"content":{"rendered":"<p>Hepimiz bir \u015feyleri se\u00e7mekle ba\u015fka \u015feyleri ka\u00e7\u0131rd\u0131\u011f\u0131m\u0131z hissine kap\u0131l\u0131r\u0131z zaman zaman. Bir hayat\u0131 se\u00e7mekle ba\u015fka hayatlardan mahrum kald\u0131\u011f\u0131m\u0131z\u0131 d\u00fc\u015f\u00fcn\u00fcr\u00fcz. Psikanalist ve yazar Adam Phillips\u2019in kitab\u0131n\u0131n ad\u0131 bu ka\u00e7\u0131n\u0131lmaz ve i\u00e7inden \u00e7\u0131k\u0131lmaz duruma at\u0131fta bulunuyor.Ama kitab\u0131n konusu bununla s\u0131n\u0131rl\u0131 de\u011fil: Her zamanki incelikli ve \u00f6zg\u00fcn bak\u0131\u015f a\u00e7\u0131s\u0131yla Phillips, temel insani duygu ve tecr\u00fcbelerden baz\u0131lar\u0131n\u0131 mercek alt\u0131na al\u0131yor.K\u00fc\u00e7\u00fckl\u00fc\u011f\u00fcm\u00fczden beri yak\u0131ndan tan\u0131d\u0131\u011f\u0131m\u0131z h\u00fcsran neden kaynaklan\u0131r?A\u015fkla h\u00fcsran aras\u0131nda nas\u0131l bir ili\u015fki var?Peki ya tatmin?Arzulanan \u015feye ula\u015fmak tatmin getirir mi, yoksa olas\u0131 bir tatmini sonsuza dek yok etmekten ba\u015fka bir i\u015fe yaramaz m\u0131?Ger\u00e7ek bir tatmin m\u00fcmk\u00fcn m\u00fc?Neden illaki bir \u015feyleri anlamak, kavramak isteriz?Kavrayamamak neden bir d\u0131\u015flanm\u0131\u015fl\u0131k ve k\u00fc\u00e7\u00fck d\u00fc\u015fme duygusu verir?Kurallar\u0131 ihlal etmenin yan\u0131m\u0131za k\u00e2r kalmas\u0131ndan keyif almam\u0131z bizim hakk\u0131m\u0131zda ne s\u00f6yler?Nas\u0131l olur da ya\u015famad\u0131\u011f\u0131m\u0131z deneyimler hakk\u0131nda, ya\u015fad\u0131\u011f\u0131m\u0131z deneyimlere k\u0131yasla daha \u00e7ok \u015fey biliyormu\u015f gibi g\u00f6r\u00fcn\u00fcr\u00fcz?Bu ve benzer sorular \u00fczerine kafa yorarken Phillips, ba\u015fta Shakespeare ve Freud olmak \u00fczere edebiyat\u0131n ve psikanalizin \u00f6nde gelen isimlerinden faydalan\u0131yor ve ele ald\u0131\u011f\u0131 eserlere taze bir soluk getiriyor. <\/p>\n","protected":false},"excerpt":{"rendered":"<p>Hepimiz bir \u015feyleri se\u00e7mekle ba\u015fka \u015feyleri ka\u00e7\u0131rd\u0131\u011f\u0131m\u0131z hissine kap\u0131l\u0131r\u0131z zaman zaman. Bir hayat\u0131 se\u00e7mekle ba\u015fka hayatlardan mahrum kald\u0131\u011f\u0131m\u0131z\u0131 d\u00fc\u015f\u00fcn\u00fcr\u00fcz. Psikanalist ve yazar Adam Phillips\u2019in kitab\u0131n\u0131n ad\u0131<span class=\"excerpt-hellip\"> [\u2026]<\/span><\/p>\n","protected":false},"featured_media":0,"template":"","meta":{"_monsterinsights_skip_tracking":false,"_monsterinsights_sitenote_active":false,"_monsterinsights_sitenote_note":"","_monsterinsights_sitenote_category":0},"product_brand":[],"product_cat":[12358,12357],"product_tag":[],"class_list":{"0":"post-703958","1":"product","2":"type-product","3":"status-publish","5":"product_cat-genel-psikoloji","6":"product_cat-psikoloji","7":"pa_cilt-ciltsiz","8":"pa_tur-kitap","9":"pa_yayinevi-metis-yayinlari","10":"pa_yazar-adam-phillips","12":"first","13":"instock","14":"sale","15":"shipping-taxable","16":"purchasable","17":"product-type-simple"},"_links":{"self":[{"href":"https:\/\/roveyayinevi.com.tr\/index.php\/wp-json\/wp\/v2\/product\/703958","targetHints":{"allow":["GET"]}}],"collection":[{"href":"https:\/\/roveyayinevi.com.tr\/index.php\/wp-json\/wp\/v2\/product"}],"about":[{"href":"https:\/\/roveyayinevi.com.tr\/index.php\/wp-json\/wp\/v2\/types\/product"}],"wp:attachment":[{"href":"https:\/\/roveyayinevi.com.tr\/index.php\/wp-json\/wp\/v2\/media?parent=703958"}],"wp:term":[{"taxonomy":"product_brand","embeddable":true,"href":"https:\/\/roveyayinevi.com.tr\/index.php\/wp-json\/wp\/v2\/product_brand?post=703958"},{"taxonomy":"product_cat","embeddable":true,"href":"https:\/\/roveyayinevi.com.tr\/index.php\/wp-json\/wp\/v2\/product_cat?post=703958"},{"taxonomy":"product_tag","embeddable":true,"href":"https:\/\/roveyayinevi.com.tr\/index.php\/wp-json\/wp\/v2\/product_tag?post=703958"}],"curies":[{"name":"wp","href":"https:\/\/api.w.org\/{rel}","templated":true}]}}