{"id":703957,"date":"2025-08-27T15:30:38","date_gmt":"2025-08-27T12:30:38","guid":{"rendered":"https:\/\/roveyayinevi.com.tr\/index.php\/urun\/fidel-castro-resimlerle-kuba-devrimi\/"},"modified":"2026-04-16T02:13:03","modified_gmt":"2026-04-15T23:13:03","slug":"fidel-castro-resimlerle-kuba-devrimi","status":"publish","type":"product","link":"https:\/\/roveyayinevi.com.tr\/index.php\/urun\/fidel-castro-resimlerle-kuba-devrimi\/","title":{"rendered":"Fidel Castro &#8211; Resimlerle K\u00fcba Devrimi"},"content":{"rendered":"<p>Hayatta iken efsane olmu\u015f devrimci, ad\u0131n\u0131 tarihin sayfalar\u0131na b\u00fcy\u00fck harflerle yazd\u0131rm\u0131\u015f devlet adam\u0131 kimdir sorusunun cevab\u0131 ku\u015fkusuz Fidel Castro Ruz\u2019dur. Fidel Castro\u2019nun hayat\u0131, Latin Amerika romanlar\u0131nda kar\u015f\u0131la\u015ft\u0131\u011f\u0131m\u0131z kahramanlar\u0131n hayat\u0131na benziyor. Tek fark\u0131, onun hayat \u00f6yk\u00fcs\u00fcn\u00fcn bir kurgu de\u011fil, ger\u00e7ek olu\u015fudur. \u0130nsan\u0131n hayal dahi edemeyece\u011fi ger\u00e7ek bir hayat\u2026 <\/p>\n","protected":false},"excerpt":{"rendered":"<p>Hayatta iken efsane olmu\u015f devrimci, ad\u0131n\u0131 tarihin sayfalar\u0131na b\u00fcy\u00fck harflerle yazd\u0131rm\u0131\u015f devlet adam\u0131 kimdir sorusunun cevab\u0131 ku\u015fkusuz Fidel Castro Ruz\u2019dur. Fidel Castro\u2019nun hayat\u0131, Latin Amerika romanlar\u0131nda<span class=\"excerpt-hellip\"> [\u2026]<\/span><\/p>\n","protected":false},"featured_media":0,"template":"","meta":{"_monsterinsights_skip_tracking":false,"_monsterinsights_sitenote_active":false,"_monsterinsights_sitenote_note":"","_monsterinsights_sitenote_category":0},"product_brand":[],"product_cat":[12370,12304],"product_tag":[],"class_list":{"0":"post-703957","1":"product","2":"type-product","3":"status-publish","5":"product_cat-arastirma-inceleme","6":"product_cat-tarih","7":"pa_cilt-ciltsiz","8":"pa_tur-kitap","9":"pa_yayinevi-akil-celen-kitaplar","10":"pa_yazar-reinhard-kleist","12":"first","13":"instock","14":"sale","15":"shipping-taxable","16":"purchasable","17":"product-type-simple"},"_links":{"self":[{"href":"https:\/\/roveyayinevi.com.tr\/index.php\/wp-json\/wp\/v2\/product\/703957","targetHints":{"allow":["GET"]}}],"collection":[{"href":"https:\/\/roveyayinevi.com.tr\/index.php\/wp-json\/wp\/v2\/product"}],"about":[{"href":"https:\/\/roveyayinevi.com.tr\/index.php\/wp-json\/wp\/v2\/types\/product"}],"wp:attachment":[{"href":"https:\/\/roveyayinevi.com.tr\/index.php\/wp-json\/wp\/v2\/media?parent=703957"}],"wp:term":[{"taxonomy":"product_brand","embeddable":true,"href":"https:\/\/roveyayinevi.com.tr\/index.php\/wp-json\/wp\/v2\/product_brand?post=703957"},{"taxonomy":"product_cat","embeddable":true,"href":"https:\/\/roveyayinevi.com.tr\/index.php\/wp-json\/wp\/v2\/product_cat?post=703957"},{"taxonomy":"product_tag","embeddable":true,"href":"https:\/\/roveyayinevi.com.tr\/index.php\/wp-json\/wp\/v2\/product_tag?post=703957"}],"curies":[{"name":"wp","href":"https:\/\/api.w.org\/{rel}","templated":true}]}}