{"id":703956,"date":"2025-08-27T15:30:37","date_gmt":"2025-08-27T12:30:37","guid":{"rendered":"https:\/\/roveyayinevi.com.tr\/index.php\/urun\/islam-kaynaklarina-gore-hz-ibrahim-ve-haniflik\/"},"modified":"2026-04-16T02:13:03","modified_gmt":"2026-04-15T23:13:03","slug":"islam-kaynaklarina-gore-hz-ibrahim-ve-haniflik","status":"publish","type":"product","link":"https:\/\/roveyayinevi.com.tr\/index.php\/urun\/islam-kaynaklarina-gore-hz-ibrahim-ve-haniflik\/","title":{"rendered":"\u0130slam Kaynaklar\u0131na G\u00f6re Hz. \u0130brahim ve Haniflik"},"content":{"rendered":"<p>Yahudi ve Hristiyan kaynaklarda Hz. \u0130brahim sadece vahiy alan bir ata olarak kabul edilmekte, onun tebli\u011f etti\u011fi inanca bir isim verilmemektedir. \u0130sl\u00e2m kaynaklar\u0131nda ise onun tebli\u011f etti\u011fi inanc\u0131n ad\u0131 a\u00e7\u0131k\u00e7a Haniflik olarak belirtilmektedir. Buna ra\u011fmen baz\u0131 ara\u015ft\u0131rmac\u0131lar, Yahudi ve Hristiyan kaynaklar\u0131n etkisi alt\u0131nda kalarak Hanifli\u011fi bir din olarak kabul etmek istememektedirler. <\/p>\n","protected":false},"excerpt":{"rendered":"<p>Yahudi ve Hristiyan kaynaklarda Hz. \u0130brahim sadece vahiy alan bir ata olarak kabul edilmekte, onun tebli\u011f etti\u011fi inanca bir isim verilmemektedir. \u0130sl\u00e2m kaynaklar\u0131nda ise onun tebli\u011f<span class=\"excerpt-hellip\"> [\u2026]<\/span><\/p>\n","protected":false},"featured_media":0,"template":"","meta":{"_monsterinsights_skip_tracking":false,"_monsterinsights_sitenote_active":false,"_monsterinsights_sitenote_note":"","_monsterinsights_sitenote_category":0},"product_brand":[],"product_cat":[12718,12719,12720],"product_tag":[],"class_list":{"0":"post-703956","1":"product","2":"type-product","3":"status-publish","5":"product_cat-din","6":"product_cat-islam","7":"product_cat-tasavvuf-mezhepler-tarikatlar","8":"pa_cilt-ciltsiz","9":"pa_tur-kitap","10":"pa_yayinevi-bilge-kultur-sanat","11":"pa_yazar-saban-kuzgun","13":"first","14":"instock","15":"sale","16":"shipping-taxable","17":"purchasable","18":"product-type-simple"},"_links":{"self":[{"href":"https:\/\/roveyayinevi.com.tr\/index.php\/wp-json\/wp\/v2\/product\/703956","targetHints":{"allow":["GET"]}}],"collection":[{"href":"https:\/\/roveyayinevi.com.tr\/index.php\/wp-json\/wp\/v2\/product"}],"about":[{"href":"https:\/\/roveyayinevi.com.tr\/index.php\/wp-json\/wp\/v2\/types\/product"}],"wp:attachment":[{"href":"https:\/\/roveyayinevi.com.tr\/index.php\/wp-json\/wp\/v2\/media?parent=703956"}],"wp:term":[{"taxonomy":"product_brand","embeddable":true,"href":"https:\/\/roveyayinevi.com.tr\/index.php\/wp-json\/wp\/v2\/product_brand?post=703956"},{"taxonomy":"product_cat","embeddable":true,"href":"https:\/\/roveyayinevi.com.tr\/index.php\/wp-json\/wp\/v2\/product_cat?post=703956"},{"taxonomy":"product_tag","embeddable":true,"href":"https:\/\/roveyayinevi.com.tr\/index.php\/wp-json\/wp\/v2\/product_tag?post=703956"}],"curies":[{"name":"wp","href":"https:\/\/api.w.org\/{rel}","templated":true}]}}