{"id":703954,"date":"2025-08-27T15:30:36","date_gmt":"2025-08-27T12:30:36","guid":{"rendered":"https:\/\/roveyayinevi.com.tr\/index.php\/urun\/brief-kisa-ve-oz\/"},"modified":"2026-04-16T02:13:03","modified_gmt":"2026-04-15T23:13:03","slug":"brief-kisa-ve-oz","status":"publish","type":"product","link":"https:\/\/roveyayinevi.com.tr\/index.php\/urun\/brief-kisa-ve-oz\/","title":{"rendered":"Brief (K\u0131sa ve \u00d6z)"},"content":{"rendered":"<p>\u201cHer g\u00fcn y\u00fczlerce e-posta al\u0131yorum. Ke\u015fke insanlar ne istediklerini ilk c\u00fcmlede s\u00f6ylese! K\u0131sa ve \u00f6zl\u00fc olmak, herkese \u00e7ok\u00e7a vakit kazand\u0131racakt\u0131r.\u201d                             -Guy Kawasaki, yazar, yay\u0131nc\u0131 ve giri\u015fimci. G\u00fcn\u00fcm\u00fcz i\u015f d\u00fcnyas\u0131nda hayatta kalabilmenin tek yolu, yal\u0131n ileti\u015fimci olmak. Gelen verinin \u00e7oklu\u011fu nedeniyle olu\u015fan dikkat da\u011f\u0131n\u0131kl\u0131\u011f\u0131, sadece i\u015fe de\u011fil, hayat\u0131n her alan\u0131na yay\u0131lm\u0131\u015f durumda. Pazarlama ileti\u015fimi uzman\u0131 Joseph McCormack, enformasyon selinde bo\u011fulmamak i\u00e7in geli\u015ftirdi\u011fi \u00f6zg\u00fcn y\u00f6ntemiyle kapsaml\u0131 veriyi \u00f6zetlemeyi, k\u00fc\u00e7\u00fck hik\u00e2yeler kurabilmeyi, g\u00f6rselli\u011fin g\u00fcc\u00fcn\u00fc kullanmay\u0131 ve monolog \u015feklinde uzay\u0131p giden sunumlar\u0131 diyalo\u011fa d\u00f6n\u00fc\u015ft\u00fcrmeyi \u00f6\u011fretiyor. K\u0131sa ve \u00d6z, \u00e7abucak sadede gelmenin ve mesaj\u0131n\u0131z\u0131 maksimum etkiyle iletmenin yollar\u0131n\u0131 g\u00f6steriyor. <\/p>\n","protected":false},"excerpt":{"rendered":"<p>\u201cHer g\u00fcn y\u00fczlerce e-posta al\u0131yorum. Ke\u015fke insanlar ne istediklerini ilk c\u00fcmlede s\u00f6ylese! K\u0131sa ve \u00f6zl\u00fc olmak, herkese \u00e7ok\u00e7a vakit kazand\u0131racakt\u0131r.\u201d -Guy Kawasaki, yazar, yay\u0131nc\u0131 ve giri\u015fimci.<span class=\"excerpt-hellip\"> [\u2026]<\/span><\/p>\n","protected":false},"featured_media":0,"template":"","meta":{"_monsterinsights_skip_tracking":false,"_monsterinsights_sitenote_active":false,"_monsterinsights_sitenote_note":"","_monsterinsights_sitenote_category":0},"product_brand":[],"product_cat":[13043,17647],"product_tag":[],"class_list":{"0":"post-703954","1":"product","2":"type-product","3":"status-publish","5":"product_cat-ekonomi","6":"product_cat-is-dunyasi","7":"pa_cilt-ciltsiz","8":"pa_tur-kitap","9":"pa_yayinevi-mediacat-kitaplari","10":"pa_yazar-joseph-mcmormack","12":"first","13":"instock","14":"sale","15":"shipping-taxable","16":"purchasable","17":"product-type-simple"},"_links":{"self":[{"href":"https:\/\/roveyayinevi.com.tr\/index.php\/wp-json\/wp\/v2\/product\/703954","targetHints":{"allow":["GET"]}}],"collection":[{"href":"https:\/\/roveyayinevi.com.tr\/index.php\/wp-json\/wp\/v2\/product"}],"about":[{"href":"https:\/\/roveyayinevi.com.tr\/index.php\/wp-json\/wp\/v2\/types\/product"}],"wp:attachment":[{"href":"https:\/\/roveyayinevi.com.tr\/index.php\/wp-json\/wp\/v2\/media?parent=703954"}],"wp:term":[{"taxonomy":"product_brand","embeddable":true,"href":"https:\/\/roveyayinevi.com.tr\/index.php\/wp-json\/wp\/v2\/product_brand?post=703954"},{"taxonomy":"product_cat","embeddable":true,"href":"https:\/\/roveyayinevi.com.tr\/index.php\/wp-json\/wp\/v2\/product_cat?post=703954"},{"taxonomy":"product_tag","embeddable":true,"href":"https:\/\/roveyayinevi.com.tr\/index.php\/wp-json\/wp\/v2\/product_tag?post=703954"}],"curies":[{"name":"wp","href":"https:\/\/api.w.org\/{rel}","templated":true}]}}