{"id":703953,"date":"2025-08-27T15:30:36","date_gmt":"2025-08-27T12:30:36","guid":{"rendered":"https:\/\/roveyayinevi.com.tr\/index.php\/urun\/batili-gizli-servislerden-iside-giden-yol\/"},"modified":"2026-04-12T02:15:29","modified_gmt":"2026-04-11T23:15:29","slug":"batili-gizli-servislerden-iside-giden-yol","status":"publish","type":"product","link":"https:\/\/roveyayinevi.com.tr\/index.php\/urun\/batili-gizli-servislerden-iside-giden-yol\/","title":{"rendered":"Bat\u0131l\u0131 Gizli Servislerden I\u015fid\u2019e Giden Yol"},"content":{"rendered":"<p>Ter\u00f6rizm pahal\u0131 bir i\u015ftir. Bug\u00fcn yery\u00fcz\u00fcn\u00fcn farkl\u0131 co\u011frafyalar\u0131na da\u011f\u0131lm\u0131\u015f ter\u00f6r \u00f6rg\u00fctleri \u201cideolojilerinin\u201d propagandas\u0131n\u0131 daha etkin yapabilmek ad\u0131na insanl\u0131k d\u00fc\u015fman\u0131 eylemlere pervas\u0131zca imza at\u0131yorlar. Ter\u00f6r \u00f6rg\u00fctleri e\u011fitimlerinden temel ihtiya\u00e7lar\u0131na, kulland\u0131klar\u0131 silahlar\u0131n temininden di\u011fer lojistik gereksinimlerine kadar, ancak belli bir \u00f6l\u00e7e\u011fin \u00fczerindeki devletlerin deste\u011fiyle varl\u0131klar\u0131n\u0131 s\u00fcrd\u00fcrebiliyorlar. Bu deste\u011fin bedelini ise yapt\u0131klar\u0131 eylemlerle \u00f6d\u00fcyorlar. 10 y\u0131ll\u0131k gazetecilik \u00e7abas\u0131n\u0131n \u00fcr\u00fcn\u00fc olan bu kitap, Bat\u0131l\u0131 gizli servislerin I\u015e\u0130D\u2019in palazlanmas\u0131 ve bug\u00fcnk\u00fc varl\u0131\u011f\u0131 \u00fczerindeki rol\u00fcn\u00fc ayr\u0131nt\u0131lar\u0131yla anlat\u0131yor. Kitapla birlikte ter\u00f6r ve ter\u00f6rist \u00f6rg\u00fctler \u00fczerindeki sis perdesi bir kez daha da\u011f\u0131l\u0131yor. Ter\u00f6rizm birka\u00e7 k\u0131zg\u0131n adam\u0131n i\u015fi de\u011fil, tersine, \u201cb\u00fcy\u00fck\u201d devletlerin organize su\u00e7udur. I\u015e\u0130D bir cihat \u00f6rg\u00fct\u00fc de\u011fil, emperyalizmin be\u015finci koludur. <\/p>\n","protected":false},"excerpt":{"rendered":"<p>Ter\u00f6rizm pahal\u0131 bir i\u015ftir. Bug\u00fcn yery\u00fcz\u00fcn\u00fcn farkl\u0131 co\u011frafyalar\u0131na da\u011f\u0131lm\u0131\u015f ter\u00f6r \u00f6rg\u00fctleri \u201cideolojilerinin\u201d propagandas\u0131n\u0131 daha etkin yapabilmek ad\u0131na insanl\u0131k d\u00fc\u015fman\u0131 eylemlere pervas\u0131zca imza at\u0131yorlar. Ter\u00f6r \u00f6rg\u00fctleri e\u011fitimlerinden<span class=\"excerpt-hellip\"> [\u2026]<\/span><\/p>\n","protected":false},"featured_media":0,"template":"","meta":{"_monsterinsights_skip_tracking":false,"_monsterinsights_sitenote_active":false,"_monsterinsights_sitenote_note":"","_monsterinsights_sitenote_category":0},"product_brand":[],"product_cat":[16058,12337],"product_tag":[],"class_list":{"0":"post-703953","1":"product","2":"type-product","3":"status-publish","5":"product_cat-kurumlar-orgutler","6":"product_cat-politika-siyaset","7":"pa_tur-kitap","8":"pa_yayinevi-kaynak-yayinlari","9":"pa_yazar-jurgen-elsasser","11":"first","12":"instock","13":"sale","14":"shipping-taxable","15":"purchasable","16":"product-type-simple"},"_links":{"self":[{"href":"https:\/\/roveyayinevi.com.tr\/index.php\/wp-json\/wp\/v2\/product\/703953","targetHints":{"allow":["GET"]}}],"collection":[{"href":"https:\/\/roveyayinevi.com.tr\/index.php\/wp-json\/wp\/v2\/product"}],"about":[{"href":"https:\/\/roveyayinevi.com.tr\/index.php\/wp-json\/wp\/v2\/types\/product"}],"wp:attachment":[{"href":"https:\/\/roveyayinevi.com.tr\/index.php\/wp-json\/wp\/v2\/media?parent=703953"}],"wp:term":[{"taxonomy":"product_brand","embeddable":true,"href":"https:\/\/roveyayinevi.com.tr\/index.php\/wp-json\/wp\/v2\/product_brand?post=703953"},{"taxonomy":"product_cat","embeddable":true,"href":"https:\/\/roveyayinevi.com.tr\/index.php\/wp-json\/wp\/v2\/product_cat?post=703953"},{"taxonomy":"product_tag","embeddable":true,"href":"https:\/\/roveyayinevi.com.tr\/index.php\/wp-json\/wp\/v2\/product_tag?post=703953"}],"curies":[{"name":"wp","href":"https:\/\/api.w.org\/{rel}","templated":true}]}}