{"id":703952,"date":"2025-08-27T15:30:35","date_gmt":"2025-08-27T12:30:35","guid":{"rendered":"https:\/\/roveyayinevi.com.tr\/index.php\/urun\/disil-dindarlik-islamci-kadin-hareketinin-donusumu\/"},"modified":"2026-04-16T02:13:03","modified_gmt":"2026-04-15T23:13:03","slug":"disil-dindarlik-islamci-kadin-hareketinin-donusumu","status":"publish","type":"product","link":"https:\/\/roveyayinevi.com.tr\/index.php\/urun\/disil-dindarlik-islamci-kadin-hareketinin-donusumu\/","title":{"rendered":"Di\u015fil Dindarl\u0131k: \u0130slamc\u0131 Kad\u0131n Hareketinin D\u00f6n\u00fc\u015f\u00fcm\u00fc"},"content":{"rendered":"<p>Dindarl\u0131\u011f\u0131n \u201c\u00f6l\u00e7\u00fcleri\u201d, epeydir, kad\u0131n kimli\u011fi ve bedeni \u00fczerinden tart\u0131\u015f\u0131l\u0131yor. \u0130slamc\u0131l\u0131k ve kar\u015f\u0131tlar\u0131 aras\u0131ndaki m\u00fccadele, kad\u0131n\u0131n stat\u00fcs\u00fcn\u00fc, k\u0131l\u0131\u011f\u0131n\u0131 k\u0131yafetini tayin etmek etraf\u0131nda d\u00f6n\u00fcyor. Bu durum, dinin anla\u015f\u0131lma ve ya\u015fanma bi\u00e7imini nas\u0131l etkiliyor? Dindar kad\u0131nlar bu m\u00fccadelenin i\u00e7inde bir \u00f6zne olarak neredeler, \u201cneyliyorlar\u201d? Zehra Y\u0131lmaz bu sorulara cevap ararken, T\u00fcrkiye g\u00fcndeminin yan\u0131 s\u0131ra, global d\u00fczlemdeki tart\u0131\u015fmalar\u0131n, bu arada \u00f6zellikle \u0130slami feminizm tart\u0131\u015fmalar\u0131n\u0131n etkisini de hesaba kat\u0131yor. Kad\u0131n dindarl\u0131\u011f\u0131n\u0131n kazand\u0131\u011f\u0131 anlam\u0131 ve ge\u00e7irdi\u011fi d\u00f6n\u00fc\u015f\u00fcm\u00fc, hem teorik d\u00fczeyde hem de derinlemesine g\u00f6r\u00fc\u015fmelere dayanarak \u201csahada\u201d tahlil ediyor. <\/p>\n","protected":false},"excerpt":{"rendered":"<p>Dindarl\u0131\u011f\u0131n \u201c\u00f6l\u00e7\u00fcleri\u201d, epeydir, kad\u0131n kimli\u011fi ve bedeni \u00fczerinden tart\u0131\u015f\u0131l\u0131yor. \u0130slamc\u0131l\u0131k ve kar\u015f\u0131tlar\u0131 aras\u0131ndaki m\u00fccadele, kad\u0131n\u0131n stat\u00fcs\u00fcn\u00fc, k\u0131l\u0131\u011f\u0131n\u0131 k\u0131yafetini tayin etmek etraf\u0131nda d\u00f6n\u00fcyor. Bu durum, dinin anla\u015f\u0131lma<span class=\"excerpt-hellip\"> [\u2026]<\/span><\/p>\n","protected":false},"featured_media":0,"template":"","meta":{"_monsterinsights_skip_tracking":false,"_monsterinsights_sitenote_active":false,"_monsterinsights_sitenote_note":"","_monsterinsights_sitenote_category":0},"product_brand":[],"product_cat":[13252,12324],"product_tag":[],"class_list":{"0":"post-703952","1":"product","2":"type-product","3":"status-publish","5":"product_cat-kadin-calismalari","6":"product_cat-sosyoloji","7":"pa_cilt-ciltsiz","8":"pa_tur-kitap","9":"pa_yayinevi-iletisim-yayinlari","10":"pa_yazar-zehra-yilmaz","12":"first","13":"instock","14":"sale","15":"shipping-taxable","16":"purchasable","17":"product-type-simple"},"_links":{"self":[{"href":"https:\/\/roveyayinevi.com.tr\/index.php\/wp-json\/wp\/v2\/product\/703952","targetHints":{"allow":["GET"]}}],"collection":[{"href":"https:\/\/roveyayinevi.com.tr\/index.php\/wp-json\/wp\/v2\/product"}],"about":[{"href":"https:\/\/roveyayinevi.com.tr\/index.php\/wp-json\/wp\/v2\/types\/product"}],"wp:attachment":[{"href":"https:\/\/roveyayinevi.com.tr\/index.php\/wp-json\/wp\/v2\/media?parent=703952"}],"wp:term":[{"taxonomy":"product_brand","embeddable":true,"href":"https:\/\/roveyayinevi.com.tr\/index.php\/wp-json\/wp\/v2\/product_brand?post=703952"},{"taxonomy":"product_cat","embeddable":true,"href":"https:\/\/roveyayinevi.com.tr\/index.php\/wp-json\/wp\/v2\/product_cat?post=703952"},{"taxonomy":"product_tag","embeddable":true,"href":"https:\/\/roveyayinevi.com.tr\/index.php\/wp-json\/wp\/v2\/product_tag?post=703952"}],"curies":[{"name":"wp","href":"https:\/\/api.w.org\/{rel}","templated":true}]}}