{"id":703951,"date":"2025-08-27T15:30:35","date_gmt":"2025-08-27T12:30:35","guid":{"rendered":"https:\/\/roveyayinevi.com.tr\/index.php\/urun\/hakerenler-buyruk\/"},"modified":"2026-04-16T02:13:03","modified_gmt":"2026-04-15T23:13:03","slug":"hakerenler-buyruk","status":"publish","type":"product","link":"https:\/\/roveyayinevi.com.tr\/index.php\/urun\/hakerenler-buyruk\/","title":{"rendered":"Hakerenler \/ Buyruk"},"content":{"rendered":"<p>\u201c\u2018\u0130mam Cafer Buyru\u011fu\u2019 ya da k\u0131saca \u2018Buyruk\u2019 diye bilinen yap\u0131t, Aleviler aras\u0131nda en \u00e7ok okunan kitaplar\u0131n ba\u015f\u0131nda gelir; ya\u015fam ve inan\u00e7 yolunu ayd\u0131nlatan kutsal kitap olarak benimsenir. Yap\u0131t\u0131n Aleviler aras\u0131nda b\u00f6ylesine \u00fcst\u00fcn tutulmas\u0131, onun Alevi inan\u00e7, t\u00f6re, t\u00f6ren ve s\u00f6ylencelerini i\u00e7ermesinden kaynaklan\u0131r.\u201d <\/p>\n","protected":false},"excerpt":{"rendered":"<p>\u201c\u2018\u0130mam Cafer Buyru\u011fu\u2019 ya da k\u0131saca \u2018Buyruk\u2019 diye bilinen yap\u0131t, Aleviler aras\u0131nda en \u00e7ok okunan kitaplar\u0131n ba\u015f\u0131nda gelir; ya\u015fam ve inan\u00e7 yolunu ayd\u0131nlatan kutsal kitap olarak<span class=\"excerpt-hellip\"> [\u2026]<\/span><\/p>\n","protected":false},"featured_media":0,"template":"","meta":{"_monsterinsights_skip_tracking":false,"_monsterinsights_sitenote_active":false,"_monsterinsights_sitenote_note":"","_monsterinsights_sitenote_category":0},"product_brand":[],"product_cat":[13575,12718,12719],"product_tag":[],"class_list":{"0":"post-703951","1":"product","2":"type-product","3":"status-publish","5":"product_cat-alevilik-bektasilik","6":"product_cat-din","7":"product_cat-islam","8":"pa_tur-kitap","9":"pa_yayinevi-kaynak-yayinlari","10":"pa_yazar-fuat-bozkurt","12":"first","13":"instock","14":"sale","15":"shipping-taxable","16":"purchasable","17":"product-type-simple"},"_links":{"self":[{"href":"https:\/\/roveyayinevi.com.tr\/index.php\/wp-json\/wp\/v2\/product\/703951","targetHints":{"allow":["GET"]}}],"collection":[{"href":"https:\/\/roveyayinevi.com.tr\/index.php\/wp-json\/wp\/v2\/product"}],"about":[{"href":"https:\/\/roveyayinevi.com.tr\/index.php\/wp-json\/wp\/v2\/types\/product"}],"wp:attachment":[{"href":"https:\/\/roveyayinevi.com.tr\/index.php\/wp-json\/wp\/v2\/media?parent=703951"}],"wp:term":[{"taxonomy":"product_brand","embeddable":true,"href":"https:\/\/roveyayinevi.com.tr\/index.php\/wp-json\/wp\/v2\/product_brand?post=703951"},{"taxonomy":"product_cat","embeddable":true,"href":"https:\/\/roveyayinevi.com.tr\/index.php\/wp-json\/wp\/v2\/product_cat?post=703951"},{"taxonomy":"product_tag","embeddable":true,"href":"https:\/\/roveyayinevi.com.tr\/index.php\/wp-json\/wp\/v2\/product_tag?post=703951"}],"curies":[{"name":"wp","href":"https:\/\/api.w.org\/{rel}","templated":true}]}}