{"id":703950,"date":"2025-08-27T15:30:34","date_gmt":"2025-08-27T12:30:34","guid":{"rendered":"https:\/\/roveyayinevi.com.tr\/index.php\/urun\/gezi-tartismalari\/"},"modified":"2026-01-29T02:24:01","modified_gmt":"2026-01-28T23:24:01","slug":"gezi-tartismalari","status":"publish","type":"product","link":"https:\/\/roveyayinevi.com.tr\/index.php\/urun\/gezi-tartismalari\/","title":{"rendered":"Gezi Tart\u0131\u015fmalar\u0131"},"content":{"rendered":"<p>Fikret BA\u015eKAYA \u2013 Kadir CANGIZBAYUla\u015f Ba\u015far GEZG\u0130N \u2013 Dave HILL \u2013 Evren HO\u015eG\u00d6RKemal \u0130NAL \u2013 Asl\u0131 KAYHAN \u2013 \u0130zzettin \u00d6NDERNuray SANCAR \u2013 Cenk SARA\u00c7O\u011eLUKostas SKORDOULIS \u2013 G\u00fcnd\u00fcz VASSAF \u2013 G\u00fcn Z\u0130LEL\u0130\u201c\u0130nsanl\u0131\u011f\u0131n ortak iyili\u011fini ihya etmek i\u00e7in ortak k\u00f6t\u00fcl\u00fc\u011f\u00fcn bertaraf edilmesi gerekiyor; ayn\u0131 anlama gelmek \u00fczere vakitlice kapitalizm belas\u0131ndan kurtulmak gerekiyor. Bunun i\u00e7in de Gezi Direni\u015fi\u2019nin i\u015faret etti\u011fi tarafa bakmak gerekiyor.\u201d \u2013Fikret Ba\u015fkaya\u201cBelli bir iktidar perspektifi olmayan, yani devleti ele ge\u00e7irmeyi ve d\u00f6n\u00fc\u015ft\u00fcrmeyi hedeflemeyen hi\u00e7bir direni\u015fin insan\u0131 ve do\u011fay\u0131 \u00f6zg\u00fcrle\u015ftirecek radikal bir d\u00f6n\u00fc\u015f\u00fcm\u00fc ger\u00e7ekle\u015ftirmesi m\u00fcmk\u00fcn de\u011fildir.\u201d \u2013Evren Ho\u015fg\u00f6r\u201cGezi, bir kalk\u0131\u015f olarak, toplumda ciddi bir \u2018kar\u015f\u0131 \u00e7\u0131k\u0131\u015f\u2019 k\u00fclt\u00fcr\u00fc olu\u015fumuna yol a\u00e7m\u0131\u015ft\u0131r. Bu k\u00fclt\u00fcr\u00fcn s\u00f6n\u00fcmlendirilmemesi i\u00e7in ya\u015fanan sorunlar kar\u015f\u0131s\u0131nda farkl\u0131 boyutlarda ve farkl\u0131 ortamlarda \u2013sanal ortam da d\u00e2hil olarak\u2013 toplumsal kalk\u0131\u015f hareketlerinin s\u00fcrd\u00fcr\u00fclmesi ka\u00e7\u0131n\u0131lmazd\u0131r.\u201d \u2013\u0130zzettin \u00d6nder\u201cGezi Direni\u015fi T\u00fcrkiye\u2019deki sermaye d\u00fczenini b\u00fct\u00fcn olarak sarsan bir s\u00fcreklili\u011fe sahip halk hareketi \u00e7\u0131karamad\u0131.\u201d \u2013Cenk Sara\u00e7o\u011flu\u201cHer \u015feyden \u00f6nce, Gezi Direni\u015fi, solda bir\u00e7ok yap\u0131 ve akt\u00f6r\u00fc, bu direni\u015fi yeterince \u00f6ng\u00f6rememe ve haz\u0131rl\u0131ks\u0131z yakalanma bak\u0131m\u0131ndan bir \u00f6zele\u015ftiriye y\u00f6neltmi\u015ftir. (\u2026) Ge\u00e7mi\u015fte, gen\u00e7li\u011fin apolitikli\u011fini gerek\u00e7e g\u00f6sterip bu kesime tepeden ve k\u00fc\u00e7\u00fcmseyerek bakan yakla\u015f\u0131m b\u00fcy\u00fck \u00f6l\u00e7\u00fcde ge\u00e7erlili\u011fini yitirmi\u015ftir.\u201d \u2013Kemal \u0130nal\u201cBelirli bir kimliksel aidiyet ve siyasal mensubiyete dayan\u0131yor olmamas\u0131 sayesindedir ki, \u2018Gezi\u2019 s\u00fcreci herkese e\u015fit derecede ve her \u015feyiyle t\u00fcm\u00fcyle a\u00e7\u0131k bir kolektif ger\u00e7eklik olarak ya\u015fanm\u0131\u015ft\u0131r: Gezi, en m\u00fckemmelinden bir \u2018respublica (umum\u00ee ve alen\u00ee olan \u015fey\/varl\u0131k)\u2019 deneyimidir.\u201d \u2013Kadir Cang\u0131zbay\u201cHaziran Direni\u015fi\u2019ne d\u00e2hil olan siyasi ve toplumsal g\u00fc\u00e7lerin (\u2026) olu\u015fturmaya \u00e7al\u0131\u015ft\u0131klar\u0131 toplumsal d\u00fczen modelinin \u00f6rg\u00fctl\u00fc ve stratejik kar\u015f\u0131l\u0131\u011f\u0131n\u0131n al\u0131nd\u0131\u011f\u0131 yer R ojava olmu\u015ftur.\u201d \u2013Nuray Sancar\u201cGezi \u0130syan\u0131\u2019n\u0131n gelece\u011fe b\u0131rakt\u0131\u011f\u0131 en b\u00fcy\u00fck mesaj, partiler \u00e7a\u011f\u0131n\u0131n biti\u015fini ilan etmesidir. Gezi kat\u0131l\u0131mc\u0131lar\u0131, her \u015feyi kendili\u011finden ve kendi ba\u015flar\u0131na m\u00fckemmel bir \u015fekilde \u00f6rg\u00fctleyerek, kendilerini \u00fcstten g\u00fcdecek bir partiye, devrimi \u2018y\u00f6netecek\u2019 bir partiye hi\u00e7 de ihtiya\u00e7lar\u0131 olmad\u0131\u011f\u0131n\u0131 ortaya koydular.\u201d \u2013G\u00fcn Zileli\u201cGezi, bir vicdan hareketi. D\u00fcnyam\u0131zda olup bitenden ac\u0131 duydu\u011fu i\u00e7in sorumluluk alan. Duyarl\u0131l\u0131\u011f\u0131yla seferber olan. Toplum m\u00fchendisli\u011fini reddeden.\u201d \u2013G\u00fcnd\u00fcz Vassaf <\/p>\n","protected":false},"excerpt":{"rendered":"<p>Fikret BA\u015eKAYA \u2013 Kadir CANGIZBAYUla\u015f Ba\u015far GEZG\u0130N \u2013 Dave HILL \u2013 Evren HO\u015eG\u00d6RKemal \u0130NAL \u2013 Asl\u0131 KAYHAN \u2013 \u0130zzettin \u00d6NDERNuray SANCAR \u2013 Cenk SARA\u00c7O\u011eLUKostas SKORDOULIS \u2013<span class=\"excerpt-hellip\"> [\u2026]<\/span><\/p>\n","protected":false},"featured_media":0,"template":"","meta":{"_monsterinsights_skip_tracking":false,"_monsterinsights_sitenote_active":false,"_monsterinsights_sitenote_note":"","_monsterinsights_sitenote_category":0},"product_brand":[],"product_cat":[12337,14543],"product_tag":[],"class_list":{"0":"post-703950","1":"product","2":"type-product","3":"status-publish","5":"product_cat-politika-siyaset","6":"product_cat-turkiye-siyaseti-ve-politikasi","7":"pa_cilt-ciltsiz","8":"pa_tur-kitap","9":"pa_yayinevi-utopya-yayinevi","10":"pa_yazar-kolektif","12":"first","13":"instock","14":"sale","15":"shipping-taxable","16":"purchasable","17":"product-type-simple"},"_links":{"self":[{"href":"https:\/\/roveyayinevi.com.tr\/index.php\/wp-json\/wp\/v2\/product\/703950","targetHints":{"allow":["GET"]}}],"collection":[{"href":"https:\/\/roveyayinevi.com.tr\/index.php\/wp-json\/wp\/v2\/product"}],"about":[{"href":"https:\/\/roveyayinevi.com.tr\/index.php\/wp-json\/wp\/v2\/types\/product"}],"wp:attachment":[{"href":"https:\/\/roveyayinevi.com.tr\/index.php\/wp-json\/wp\/v2\/media?parent=703950"}],"wp:term":[{"taxonomy":"product_brand","embeddable":true,"href":"https:\/\/roveyayinevi.com.tr\/index.php\/wp-json\/wp\/v2\/product_brand?post=703950"},{"taxonomy":"product_cat","embeddable":true,"href":"https:\/\/roveyayinevi.com.tr\/index.php\/wp-json\/wp\/v2\/product_cat?post=703950"},{"taxonomy":"product_tag","embeddable":true,"href":"https:\/\/roveyayinevi.com.tr\/index.php\/wp-json\/wp\/v2\/product_tag?post=703950"}],"curies":[{"name":"wp","href":"https:\/\/api.w.org\/{rel}","templated":true}]}}