{"id":703942,"date":"2025-08-27T15:30:29","date_gmt":"2025-08-27T12:30:29","guid":{"rendered":"https:\/\/roveyayinevi.com.tr\/index.php\/urun\/ihanetin-5-yuzu\/"},"modified":"2026-04-16T02:13:03","modified_gmt":"2026-04-15T23:13:03","slug":"ihanetin-5-yuzu","status":"publish","type":"product","link":"https:\/\/roveyayinevi.com.tr\/index.php\/urun\/ihanetin-5-yuzu\/","title":{"rendered":"\u0130hanetin 5 Y\u00fcz\u00fc"},"content":{"rendered":"<p>Asl\u0131nda her \u015fey yaland\u0131\u2026   Will ve a\u011fabeyi Ken\u2019in hayat\u0131 \u0131l\u0131k, sakin bir gecede Will\u2019in sevgilisi Julie\u2019nin vah\u015fice \u00f6ld\u00fcr\u00fclmesiyle alt\u00fcst olur. Bu cinayetin ba\u015f \u015f\u00fcphelisi de Ken\u2019dir. Aleyhine onlarca kan\u0131t olmas\u0131na ra\u011fmen ortadan kaybolan Ken, arkas\u0131nda bir\u00e7ok soru i\u015fareti, par\u00e7alanm\u0131\u015f bir aile ve b\u00fcy\u00fck bir gizem b\u0131rak\u0131r. Ondan uzun s\u00fcre haber alamayan Will ise a\u011fabeyinin \u00f6ld\u00fc\u011f\u00fcne inan\u0131r.   \u015eimdi, on bir y\u0131l sonra Will, Ken\u2019in hayatta oldu\u011funa dair bir iz bulur. Bu, Will\u2019in a\u011fabeyi ve kendisiyle ilgili sars\u0131c\u0131 ger\u00e7ekleri \u00f6\u011frenece\u011fi olaylar zincirinin ba\u015flang\u0131c\u0131d\u0131r. Etraf\u0131n\u0131 saran \u015fiddet dolu gizem \u00e7\u00f6z\u00fcld\u00fck\u00e7e, Will kendini sonuna kadar gitmek isteyece\u011fi soluk solu\u011fa bir maceran\u0131n i\u00e7inde bulur. \u00dcstelik en b\u00fcy\u00fck s\u00fcrprizi daha \u00f6\u011frenmemi\u015ftir.<\/p>\n","protected":false},"excerpt":{"rendered":"<p>Asl\u0131nda her \u015fey yaland\u0131\u2026 Will ve a\u011fabeyi Ken\u2019in hayat\u0131 \u0131l\u0131k, sakin bir gecede Will\u2019in sevgilisi Julie\u2019nin vah\u015fice \u00f6ld\u00fcr\u00fclmesiyle alt\u00fcst olur. Bu cinayetin ba\u015f \u015f\u00fcphelisi de Ken\u2019dir.<span class=\"excerpt-hellip\"> [\u2026]<\/span><\/p>\n","protected":false},"featured_media":0,"template":"","meta":{"_monsterinsights_skip_tracking":false,"_monsterinsights_sitenote_active":false,"_monsterinsights_sitenote_note":"","_monsterinsights_sitenote_category":0},"product_brand":[],"product_cat":[12291,12711],"product_tag":[],"class_list":{"0":"post-703942","1":"product","2":"type-product","3":"status-publish","5":"product_cat-edebiyat","6":"product_cat-roman-oyku","7":"pa_cilt-ciltsiz","8":"pa_tur-kitap","9":"pa_yayinevi-marti-yayinlari","10":"pa_yazar-harlan-coben","12":"first","13":"instock","14":"sale","15":"shipping-taxable","16":"purchasable","17":"product-type-simple"},"_links":{"self":[{"href":"https:\/\/roveyayinevi.com.tr\/index.php\/wp-json\/wp\/v2\/product\/703942","targetHints":{"allow":["GET"]}}],"collection":[{"href":"https:\/\/roveyayinevi.com.tr\/index.php\/wp-json\/wp\/v2\/product"}],"about":[{"href":"https:\/\/roveyayinevi.com.tr\/index.php\/wp-json\/wp\/v2\/types\/product"}],"wp:attachment":[{"href":"https:\/\/roveyayinevi.com.tr\/index.php\/wp-json\/wp\/v2\/media?parent=703942"}],"wp:term":[{"taxonomy":"product_brand","embeddable":true,"href":"https:\/\/roveyayinevi.com.tr\/index.php\/wp-json\/wp\/v2\/product_brand?post=703942"},{"taxonomy":"product_cat","embeddable":true,"href":"https:\/\/roveyayinevi.com.tr\/index.php\/wp-json\/wp\/v2\/product_cat?post=703942"},{"taxonomy":"product_tag","embeddable":true,"href":"https:\/\/roveyayinevi.com.tr\/index.php\/wp-json\/wp\/v2\/product_tag?post=703942"}],"curies":[{"name":"wp","href":"https:\/\/api.w.org\/{rel}","templated":true}]}}