{"id":703940,"date":"2025-08-27T15:30:28","date_gmt":"2025-08-27T12:30:28","guid":{"rendered":"https:\/\/roveyayinevi.com.tr\/index.php\/urun\/hayat-kitabi\/"},"modified":"2026-04-16T02:13:03","modified_gmt":"2026-04-15T23:13:03","slug":"hayat-kitabi","status":"publish","type":"product","link":"https:\/\/roveyayinevi.com.tr\/index.php\/urun\/hayat-kitabi\/","title":{"rendered":"Hayat Kitab\u0131"},"content":{"rendered":"<p>Sonlar. Ba\u015flang\u0131\u00e7lar. De\u011fi\u015fim. Ge\u00e7mi\u015fin s\u0131rlar\u0131n\u0131 ve gelece\u011fin anahtar\u0131n\u0131 gizleyen bir el yazmas\u0131.Her \u015feyin tam kalbinde, \u00f6l\u00fcms\u00fcz bir a\u015fk.Cad\u0131 tarih\u00e7i Diana Bishop ve vampir bilimci Matthew Clairmont ge\u00e7mi\u015ften g\u00fcn\u00fcm\u00fcze d\u00f6n\u00fcnce yeni sorunlar ve eski d\u00fc\u015fmanlarla kar\u015f\u0131la\u015f\u0131r. Fransada, Matthewun atalar\u0131ndan kalma evinde tan\u0131d\u0131klar\u0131 pek \u00e7ok ki\u015fiyle tekrar bir araya gelirler ancak \u00e7ok \u00f6nemli bir ki\u015fi eksiktir. Geleceklerine dair en b\u00fcy\u00fck tehdit ise hen\u00fcz a\u00e7\u0131\u011fa \u00e7\u0131kmam\u0131\u015ft\u0131r ve bunun fark\u0131na vard\u0131klar\u0131 an, h\u0131zla Ashmole 782 ile kay\u0131p sayfalar\u0131n\u0131 bulma \u00e7abas\u0131na gireceklerdir.Ruhlar \u00fc\u00e7lemesinin son kitab\u0131nda Harkness g\u00fc\u00e7 ve tutku, aile ve sevgi, ge\u00e7mi\u015ften gelen meseleler ile g\u00fcn\u00fcm\u00fcze yans\u0131yan sonu\u00e7lar\u0131n\u0131 derinlemesine inceliyor. Auvergne\u2019in tepelerinden Venedik\u2019in saraylar\u0131na uzanan bu macerada Diana ve Matthew, devasa \u015fatolar ve \u00fcniversite laboratuvarlar\u0131nda, kadim bilgiler ile modern bilimi kullanarak, sonunda cad\u0131lar\u0131n y\u00fczy\u0131llar \u00f6nceki ke\u015ffini g\u00fcn \u0131\u015f\u0131\u011f\u0131na \u00e7\u0131karacak.\u201cNe kadar zengin, heyecan verici ve e\u011fitici bir \u00f6yk\u00fc\u2026 \u0130nsan\u0131 i\u00e7ine \u00e7ekiyor; romantik ve fevkalade.\u201d- E L James, The Guardian\u201c\u0130ncelikle i\u015flenmi\u015f, cevher gibi bir kitap\u2026 \u0130\u00e7inde kaybolup bir daha d\u00f6nmemek istedim. Daha b\u00fcy\u00fck bir \u00f6vg\u00fc olabilir mi? Her a\u00e7\u0131dan m\u00fcthi\u015f.\u201d- Manda Scott\u201cUnutulmayacak bir macera.\u201d- Us Weekly\u201cYasak tutkular\u0131n kaynad\u0131\u011f\u0131 bir kazan\u2026 \u0130\u00e7ine at\u0131lan t\u00fcm malzemeler romantizmi fantazyayla bir araya getiren bir destan yarat\u0131yor.\u201d- Daily Mail\u201cB\u00fcy\u00fc ve bilim, tarih ve kurgu, tutku ve g\u00fc\u00e7, gizemler ve ger\u00e7eklerle dolu harikulade bir \u00f6yk\u00fc. Harkness ka\u00e7\u0131r\u0131lmamas\u0131 gereken, unutulmaz ve b\u00fcy\u00fcleyici bir final kitab\u0131 yazm\u0131\u015f.\u201d- USA Today\u201cMacera, renk renk b\u00fcy\u00fc ve biraz \u00f6fkeli bir romantizm\u2026\u201d- Kirkus Reviews \u201cHarkness\u2019\u0131n canl\u0131 hayal g\u00fcc\u00fcnden \u015f\u00fcphe etmeyin.\u201d- Daily Mirror\u201cOlay \u00f6rg\u00fcs\u00fc canl\u0131 ve enerji dolu. \u00dc\u00e7lemeye harika bir son.\u201d- Publishers Weekly\u201cYazar, roman\u0131n dokunakl\u0131 ba\u015flang\u0131c\u0131ndan itibaren kalp k\u0131r\u0131kl\u0131klar\u0131 ve dayan\u0131kl\u0131l\u0131\u011fa dair bir b\u00fcy\u00fc yarat\u0131p kendi sihrini h\u0131zl\u0131 olay \u00f6rg\u00fcs\u00fcne katmay\u0131 ba\u015far\u0131yor.\u201d- The Boston Globe\u201cMacera dolu ve destans\u0131 bu vampir-cad\u0131 romantizmi, Ruhlar \u00fc\u00e7lemesini tatmin edici bir sonla kapat\u0131yor.\u201d- Entertainment Weekly\u201cDo\u011fa\u00fcst\u00fcn\u00fc sevenler i\u00e7in yarat\u0131c\u0131 bir kitap. \u0130\u00e7inde heyecan uyand\u0131racak kadar \u00e7ok b\u00fcy\u00fc, \u00f6p\u00fcc\u00fck ve sava\u015f var, ayr\u0131ca sayfalar\u0131 birbiri ard\u0131na \u00e7evirmenizi sa\u011flayacak kadar hareket dolu.\u201d &#8211; Marie Claire \ufffc<\/p>\n","protected":false},"excerpt":{"rendered":"<p>Sonlar. Ba\u015flang\u0131\u00e7lar. De\u011fi\u015fim. Ge\u00e7mi\u015fin s\u0131rlar\u0131n\u0131 ve gelece\u011fin anahtar\u0131n\u0131 gizleyen bir el yazmas\u0131.Her \u015feyin tam kalbinde, \u00f6l\u00fcms\u00fcz bir a\u015fk.Cad\u0131 tarih\u00e7i Diana Bishop ve vampir bilimci Matthew Clairmont<span class=\"excerpt-hellip\"> [\u2026]<\/span><\/p>\n","protected":false},"featured_media":0,"template":"","meta":{"_monsterinsights_skip_tracking":false,"_monsterinsights_sitenote_active":false,"_monsterinsights_sitenote_note":"","_monsterinsights_sitenote_category":0},"product_brand":[],"product_cat":[12291,12711],"product_tag":[],"class_list":{"0":"post-703940","1":"product","2":"type-product","3":"status-publish","5":"product_cat-edebiyat","6":"product_cat-roman-oyku","7":"pa_cilt-ciltsiz","8":"pa_tur-kitap","9":"pa_yayinevi-pegasus-yayinlari","10":"pa_yazar-deborah-harkness","12":"first","13":"instock","14":"sale","15":"shipping-taxable","16":"purchasable","17":"product-type-simple"},"_links":{"self":[{"href":"https:\/\/roveyayinevi.com.tr\/index.php\/wp-json\/wp\/v2\/product\/703940","targetHints":{"allow":["GET"]}}],"collection":[{"href":"https:\/\/roveyayinevi.com.tr\/index.php\/wp-json\/wp\/v2\/product"}],"about":[{"href":"https:\/\/roveyayinevi.com.tr\/index.php\/wp-json\/wp\/v2\/types\/product"}],"wp:attachment":[{"href":"https:\/\/roveyayinevi.com.tr\/index.php\/wp-json\/wp\/v2\/media?parent=703940"}],"wp:term":[{"taxonomy":"product_brand","embeddable":true,"href":"https:\/\/roveyayinevi.com.tr\/index.php\/wp-json\/wp\/v2\/product_brand?post=703940"},{"taxonomy":"product_cat","embeddable":true,"href":"https:\/\/roveyayinevi.com.tr\/index.php\/wp-json\/wp\/v2\/product_cat?post=703940"},{"taxonomy":"product_tag","embeddable":true,"href":"https:\/\/roveyayinevi.com.tr\/index.php\/wp-json\/wp\/v2\/product_tag?post=703940"}],"curies":[{"name":"wp","href":"https:\/\/api.w.org\/{rel}","templated":true}]}}