{"id":703937,"date":"2025-08-27T15:30:25","date_gmt":"2025-08-27T12:30:25","guid":{"rendered":"https:\/\/roveyayinevi.com.tr\/index.php\/urun\/ay-tutuldugu-gece\/"},"modified":"2026-04-16T02:13:03","modified_gmt":"2026-04-15T23:13:03","slug":"ay-tutuldugu-gece","status":"publish","type":"product","link":"https:\/\/roveyayinevi.com.tr\/index.php\/urun\/ay-tutuldugu-gece\/","title":{"rendered":"Ay Tutuldu\u011fu Gece"},"content":{"rendered":"<p>Ay Tutuldu\u011fu Gece\u2019de Kemal Bilba\u015far, Demokrat Parti\u2019nin iktidara geli\u015finin, daha \u00e7ok Yunanistan g\u00f6\u00e7menlerinin ya\u015fad\u0131\u011f\u0131 bir Bat\u0131 Anadolu sahil kasabas\u0131ndaki yans\u0131malar\u0131n\u0131, kasabada ge\u00e7ici olarak bulunan anlat\u0131c\u0131n\u0131n g\u00f6z\u00fcyle, ince bir mizah\u0131n yumu\u015fatt\u0131\u011f\u0131 bir ger\u00e7ek\u00e7ilikle anlat\u0131yor. De\u011fi\u015fen iktidarla birlikte toplumsal ili\u015fkiler de de\u011fi\u015fmekte, yeni bi\u00e7imler almaktad\u0131r. \ufffcTan\u0131t\u0131m Metni<\/p>\n","protected":false},"excerpt":{"rendered":"<p>Ay Tutuldu\u011fu Gece\u2019de Kemal Bilba\u015far, Demokrat Parti\u2019nin iktidara geli\u015finin, daha \u00e7ok Yunanistan g\u00f6\u00e7menlerinin ya\u015fad\u0131\u011f\u0131 bir Bat\u0131 Anadolu sahil kasabas\u0131ndaki yans\u0131malar\u0131n\u0131, kasabada ge\u00e7ici olarak bulunan anlat\u0131c\u0131n\u0131n g\u00f6z\u00fcyle,<span class=\"excerpt-hellip\"> [\u2026]<\/span><\/p>\n","protected":false},"featured_media":0,"template":"","meta":{"_monsterinsights_skip_tracking":false,"_monsterinsights_sitenote_active":false,"_monsterinsights_sitenote_note":"","_monsterinsights_sitenote_category":0},"product_brand":[],"product_cat":[12291,12711],"product_tag":[],"class_list":{"0":"post-703937","1":"product","2":"type-product","3":"status-publish","5":"product_cat-edebiyat","6":"product_cat-roman-oyku","7":"pa_cilt-ciltsiz","8":"pa_tur-kitap","9":"pa_yayinevi-can-yayinlari","10":"pa_yazar-kemal-bilbasar","12":"first","13":"instock","14":"sale","15":"shipping-taxable","16":"purchasable","17":"product-type-simple"},"_links":{"self":[{"href":"https:\/\/roveyayinevi.com.tr\/index.php\/wp-json\/wp\/v2\/product\/703937","targetHints":{"allow":["GET"]}}],"collection":[{"href":"https:\/\/roveyayinevi.com.tr\/index.php\/wp-json\/wp\/v2\/product"}],"about":[{"href":"https:\/\/roveyayinevi.com.tr\/index.php\/wp-json\/wp\/v2\/types\/product"}],"wp:attachment":[{"href":"https:\/\/roveyayinevi.com.tr\/index.php\/wp-json\/wp\/v2\/media?parent=703937"}],"wp:term":[{"taxonomy":"product_brand","embeddable":true,"href":"https:\/\/roveyayinevi.com.tr\/index.php\/wp-json\/wp\/v2\/product_brand?post=703937"},{"taxonomy":"product_cat","embeddable":true,"href":"https:\/\/roveyayinevi.com.tr\/index.php\/wp-json\/wp\/v2\/product_cat?post=703937"},{"taxonomy":"product_tag","embeddable":true,"href":"https:\/\/roveyayinevi.com.tr\/index.php\/wp-json\/wp\/v2\/product_tag?post=703937"}],"curies":[{"name":"wp","href":"https:\/\/api.w.org\/{rel}","templated":true}]}}