{"id":703935,"date":"2025-08-27T15:30:24","date_gmt":"2025-08-27T12:30:24","guid":{"rendered":"https:\/\/roveyayinevi.com.tr\/index.php\/urun\/cirkin-ask\/"},"modified":"2026-04-03T02:17:33","modified_gmt":"2026-04-02T23:17:33","slug":"cirkin-ask","status":"publish","type":"product","link":"https:\/\/roveyayinevi.com.tr\/index.php\/urun\/cirkin-ask\/","title":{"rendered":"\u00c7irkin A\u015fk"},"content":{"rendered":"<p>New York Times&#8217;\u0131n \u00e7ok satan yazar\u0131 Colleen Hoover y\u00fcrekleri s\u0131zlatan yeni bir a\u015fk hik\u00e2yesiylegeri d\u00f6n\u00fcyor.Tate Collins havayolu pilotu Miles Archer&#8217;la tan\u0131\u015ft\u0131\u011f\u0131nda, bunun ilk g\u00f6r\u00fc\u015fte a\u015fk oldu\u011funu d\u00fc\u015f\u00fcnmez. Birbirlerini arkada\u015f olarak g\u00f6recek kadar bile ileti\u015fim kurmazlar. Tate ve Miles&#8217;\u0131n tek ortak noktas\u0131 birbirlerine kar\u015f\u0131 ink\u00e2r edilemez bir \u00e7ekim hissetmeleridir. Tutkular\u0131n\u0131 a\u00e7\u0131k\u00e7a ortaya koyduklar\u0131nda, kusursuz bir planlar\u0131 oldu\u011funu anlarlar. Gen\u00e7 adam a\u015fk pe\u015finde de\u011fildir, gen\u00e7 kad\u0131n\u0131n ise a\u015fka ay\u0131racak vakti yoktur, geriye sadece seks kal\u0131r. Tate, Miles&#8217;\u0131n ona sundu\u011fu iki kurala uydu\u011fu s\u00fcrece anla\u015fmalar\u0131 \u015fa\u015f\u0131rt\u0131c\u0131 bir \u015fekilde sorunsuz olacakt\u0131r.Asla ge\u00e7mi\u015fim hakk\u0131nda soru sorma. Bir gelecek bekleme. \u0130dare edebileceklerini d\u00fc\u015f\u00fcn\u00fcrler, ama \u00e7ok ge\u00e7meden bunun hi\u00e7 de kolay olmad\u0131\u011f\u0131n\u0131 anlarlar.Kalplere s\u0131z\u0131l\u0131yor.S\u00f6zler bozuluyor.Kurallar \u00e7i\u011fneniyor.A\u015fk \u00e7irkinle\u015fiyor.(Tan\u0131t\u0131m B\u00fclteninden) <\/p>\n","protected":false},"excerpt":{"rendered":"<p>New York Times&#8217;\u0131n \u00e7ok satan yazar\u0131 Colleen Hoover y\u00fcrekleri s\u0131zlatan yeni bir a\u015fk hik\u00e2yesiylegeri d\u00f6n\u00fcyor.Tate Collins havayolu pilotu Miles Archer&#8217;la tan\u0131\u015ft\u0131\u011f\u0131nda, bunun ilk g\u00f6r\u00fc\u015fte a\u015fk oldu\u011funu<span class=\"excerpt-hellip\"> [\u2026]<\/span><\/p>\n","protected":false},"featured_media":0,"template":"","meta":{"_monsterinsights_skip_tracking":false,"_monsterinsights_sitenote_active":false,"_monsterinsights_sitenote_note":"","_monsterinsights_sitenote_category":0},"product_brand":[],"product_cat":[12291,12711],"product_tag":[],"class_list":{"0":"post-703935","1":"product","2":"type-product","3":"status-publish","5":"product_cat-edebiyat","6":"product_cat-roman-oyku","7":"pa_cilt-ciltsiz","8":"pa_tur-kitap","9":"pa_yayinevi-epsilon-yayinlari","10":"pa_yazar-colleen-hoover","12":"first","13":"instock","14":"sale","15":"shipping-taxable","16":"purchasable","17":"product-type-simple"},"_links":{"self":[{"href":"https:\/\/roveyayinevi.com.tr\/index.php\/wp-json\/wp\/v2\/product\/703935","targetHints":{"allow":["GET"]}}],"collection":[{"href":"https:\/\/roveyayinevi.com.tr\/index.php\/wp-json\/wp\/v2\/product"}],"about":[{"href":"https:\/\/roveyayinevi.com.tr\/index.php\/wp-json\/wp\/v2\/types\/product"}],"wp:attachment":[{"href":"https:\/\/roveyayinevi.com.tr\/index.php\/wp-json\/wp\/v2\/media?parent=703935"}],"wp:term":[{"taxonomy":"product_brand","embeddable":true,"href":"https:\/\/roveyayinevi.com.tr\/index.php\/wp-json\/wp\/v2\/product_brand?post=703935"},{"taxonomy":"product_cat","embeddable":true,"href":"https:\/\/roveyayinevi.com.tr\/index.php\/wp-json\/wp\/v2\/product_cat?post=703935"},{"taxonomy":"product_tag","embeddable":true,"href":"https:\/\/roveyayinevi.com.tr\/index.php\/wp-json\/wp\/v2\/product_tag?post=703935"}],"curies":[{"name":"wp","href":"https:\/\/api.w.org\/{rel}","templated":true}]}}