{"id":703933,"date":"2025-08-27T15:30:23","date_gmt":"2025-08-27T12:30:23","guid":{"rendered":"https:\/\/roveyayinevi.com.tr\/index.php\/urun\/irgatlarin-ofkesi-oykuler-2\/"},"modified":"2026-04-16T02:13:03","modified_gmt":"2026-04-15T23:13:03","slug":"irgatlarin-ofkesi-oykuler-2","status":"publish","type":"product","link":"https:\/\/roveyayinevi.com.tr\/index.php\/urun\/irgatlarin-ofkesi-oykuler-2\/","title":{"rendered":"Irgatlar\u0131n \u00d6fkesi &#8211; \u00d6yk\u00fcler 2"},"content":{"rendered":"<p>\u201c\u00d6\u011fretmensiz kalmaktan korkun da neden, anam babam, neye u\u011fra\u015f\u0131p didiniyoruz zati? \u00dc\u00e7 g\u00fcn sonra ba\u015fa ge\u00e7ti\u011fimiz vakit, \u00e7ocuklar\u0131m\u0131z\u0131, hele k\u0131zlar\u0131m\u0131z\u0131 o \u015farts\u0131z herife mi emanet edece\u011fiz san\u0131yorsun? Yok karde\u015fim, yok anam babam yok, okulda fink atmaya paydos art\u0131k. \u0130mam, Allah\u2019\u0131n yolunu g\u00f6stersin \u00e7ocuklar\u0131m\u0131za&#8230;\u201d <\/p>\n","protected":false},"excerpt":{"rendered":"<p>\u201c\u00d6\u011fretmensiz kalmaktan korkun da neden, anam babam, neye u\u011fra\u015f\u0131p didiniyoruz zati? \u00dc\u00e7 g\u00fcn sonra ba\u015fa ge\u00e7ti\u011fimiz vakit, \u00e7ocuklar\u0131m\u0131z\u0131, hele k\u0131zlar\u0131m\u0131z\u0131 o \u015farts\u0131z herife mi emanet edece\u011fiz<span class=\"excerpt-hellip\"> [\u2026]<\/span><\/p>\n","protected":false},"featured_media":0,"template":"","meta":{"_monsterinsights_skip_tracking":false,"_monsterinsights_sitenote_active":false,"_monsterinsights_sitenote_note":"","_monsterinsights_sitenote_category":0},"product_brand":[],"product_cat":[12291,12711],"product_tag":[],"class_list":{"0":"post-703933","1":"product","2":"type-product","3":"status-publish","5":"product_cat-edebiyat","6":"product_cat-roman-oyku","7":"pa_cilt-ciltsiz","8":"pa_tur-kitap","9":"pa_yayinevi-can-yayinlari","10":"pa_yazar-kemal-bilbasar","12":"first","13":"instock","14":"sale","15":"shipping-taxable","16":"purchasable","17":"product-type-simple"},"_links":{"self":[{"href":"https:\/\/roveyayinevi.com.tr\/index.php\/wp-json\/wp\/v2\/product\/703933","targetHints":{"allow":["GET"]}}],"collection":[{"href":"https:\/\/roveyayinevi.com.tr\/index.php\/wp-json\/wp\/v2\/product"}],"about":[{"href":"https:\/\/roveyayinevi.com.tr\/index.php\/wp-json\/wp\/v2\/types\/product"}],"wp:attachment":[{"href":"https:\/\/roveyayinevi.com.tr\/index.php\/wp-json\/wp\/v2\/media?parent=703933"}],"wp:term":[{"taxonomy":"product_brand","embeddable":true,"href":"https:\/\/roveyayinevi.com.tr\/index.php\/wp-json\/wp\/v2\/product_brand?post=703933"},{"taxonomy":"product_cat","embeddable":true,"href":"https:\/\/roveyayinevi.com.tr\/index.php\/wp-json\/wp\/v2\/product_cat?post=703933"},{"taxonomy":"product_tag","embeddable":true,"href":"https:\/\/roveyayinevi.com.tr\/index.php\/wp-json\/wp\/v2\/product_tag?post=703933"}],"curies":[{"name":"wp","href":"https:\/\/api.w.org\/{rel}","templated":true}]}}