{"id":703931,"date":"2025-08-27T15:30:22","date_gmt":"2025-08-27T12:30:22","guid":{"rendered":"https:\/\/roveyayinevi.com.tr\/index.php\/urun\/haci-bektasi-veliyle-bir-gun\/"},"modified":"2026-04-16T02:13:03","modified_gmt":"2026-04-15T23:13:03","slug":"haci-bektasi-veliyle-bir-gun","status":"publish","type":"product","link":"https:\/\/roveyayinevi.com.tr\/index.php\/urun\/haci-bektasi-veliyle-bir-gun\/","title":{"rendered":"Hac\u0131 Bekta\u015fi Veli\u2019yle Bir G\u00fcn"},"content":{"rendered":"<p>Sevgili Ebeveynler, \u00c7ocuklar\u0131n\u0131z\u0131n kendi tarihlerini s\u0131k\u0131lmadan severek \u00f6\u011frenmesini mi istiyorsunuz? O zaman \u00e7ocuklar\u0131n\u0131z\u0131 \u201c\u00dcnl\u00fclerle bir g\u00fcn\u201d serisini okumaya davet ediyoruz. \u201c\u00dcnl\u00fclerle Bir G\u00fcn\u201d dizisinin \u201cHac\u0131 Bekta\u015f\u0131 Veli\u2019yle Bir G\u00fcn\u201d adl\u0131 bu kitab\u0131yla \u00e7ocuklar, ho\u015fg\u00f6r\u00fcs\u00fc ve bilginli\u011fiyle \u00fcnlenmi\u015f Hac\u0131 Bekta\u015f\u0131 Veli\u2019yi tan\u0131rken, insanl\u0131\u011fa hizmet etmi\u015f ki\u015filerin hayatlar\u0131n\u0131 ara\u015ft\u0131rma al\u0131\u015fkanl\u0131\u011f\u0131 geli\u015ftirir, g\u00fczel s\u00f6z\u00fcn, tatl\u0131 dilin bir\u00e7ok problemi \u00e7\u00f6zece\u011fini; \u00f6fkenin, k\u0131zg\u0131nl\u0131\u011f\u0131n insan\u0131n kendisine zarar oldu\u011funu anlar ve metinde verilen ipu\u00e7lar\u0131ndan hareketle kar\u015f\u0131la\u015ft\u0131\u011f\u0131 yeni kelimelerin anlamlar\u0131n\u0131 tahmin ederler. \ufffc<\/p>\n","protected":false},"excerpt":{"rendered":"<p>Sevgili Ebeveynler, \u00c7ocuklar\u0131n\u0131z\u0131n kendi tarihlerini s\u0131k\u0131lmadan severek \u00f6\u011frenmesini mi istiyorsunuz? O zaman \u00e7ocuklar\u0131n\u0131z\u0131 \u201c\u00dcnl\u00fclerle bir g\u00fcn\u201d serisini okumaya davet ediyoruz. \u201c\u00dcnl\u00fclerle Bir G\u00fcn\u201d dizisinin \u201cHac\u0131 Bekta\u015f\u0131<span class=\"excerpt-hellip\"> [\u2026]<\/span><\/p>\n","protected":false},"featured_media":0,"template":"","meta":{"_monsterinsights_skip_tracking":false,"_monsterinsights_sitenote_active":false,"_monsterinsights_sitenote_note":"","_monsterinsights_sitenote_category":0},"product_brand":[],"product_cat":[12275,12274],"product_tag":[],"class_list":{"0":"post-703931","1":"product","2":"type-product","3":"status-publish","5":"product_cat-6-12-yas-kitaplari","6":"product_cat-cocuk-ve-genclik-kitaplari","7":"pa_cilt-ciltli","8":"pa_tur-kitap","9":"pa_yayinevi-timas-cocuk","10":"pa_yazar-mustafa-orakci","12":"first","13":"instock","14":"sale","15":"shipping-taxable","16":"purchasable","17":"product-type-simple"},"_links":{"self":[{"href":"https:\/\/roveyayinevi.com.tr\/index.php\/wp-json\/wp\/v2\/product\/703931","targetHints":{"allow":["GET"]}}],"collection":[{"href":"https:\/\/roveyayinevi.com.tr\/index.php\/wp-json\/wp\/v2\/product"}],"about":[{"href":"https:\/\/roveyayinevi.com.tr\/index.php\/wp-json\/wp\/v2\/types\/product"}],"wp:attachment":[{"href":"https:\/\/roveyayinevi.com.tr\/index.php\/wp-json\/wp\/v2\/media?parent=703931"}],"wp:term":[{"taxonomy":"product_brand","embeddable":true,"href":"https:\/\/roveyayinevi.com.tr\/index.php\/wp-json\/wp\/v2\/product_brand?post=703931"},{"taxonomy":"product_cat","embeddable":true,"href":"https:\/\/roveyayinevi.com.tr\/index.php\/wp-json\/wp\/v2\/product_cat?post=703931"},{"taxonomy":"product_tag","embeddable":true,"href":"https:\/\/roveyayinevi.com.tr\/index.php\/wp-json\/wp\/v2\/product_tag?post=703931"}],"curies":[{"name":"wp","href":"https:\/\/api.w.org\/{rel}","templated":true}]}}