{"id":703928,"date":"2025-08-27T15:30:20","date_gmt":"2025-08-27T12:30:20","guid":{"rendered":"https:\/\/roveyayinevi.com.tr\/index.php\/urun\/benim-adim-vincent-van-gogh\/"},"modified":"2026-04-16T02:13:03","modified_gmt":"2026-04-15T23:13:03","slug":"benim-adim-vincent-van-gogh","status":"publish","type":"product","link":"https:\/\/roveyayinevi.com.tr\/index.php\/urun\/benim-adim-vincent-van-gogh\/","title":{"rendered":"Benim Ad\u0131m&#8230; Vincent Van Gogh"},"content":{"rendered":"<p>Benim ad\u0131m\u2026 Vincent van GoghHayat\u0131m boyunca bir\u00e7ok i\u015f de\u011fi\u015ftirdim: Sanat simsar\u0131, maden b\u00f6lgesinde vaiz, \u00f6\u011fretmen ve kitap sat\u0131c\u0131s\u0131 oldum. Ama bunlar\u0131n \u00f6n\u00fcne ge\u00e7en bir \u015fey vard\u0131: Resim yapma tutkum. Bana \u201cK\u0131z\u0131l Sa\u00e7l\u0131 Deli\u201d derlerdi. \u201cK\u0131z\u0131l Sa\u00e7\u201d demelerini anl\u0131yordum, \u00e7\u00fcnk\u00fc sa\u00e7lar\u0131m do\u011fu\u015ftan dalgal\u0131 ve k\u0131z\u0131ld\u0131. \u201cDeli\u201dye gelince, o bamba\u015fka bir konu.<\/p>\n","protected":false},"excerpt":{"rendered":"<p>Benim ad\u0131m\u2026 Vincent van GoghHayat\u0131m boyunca bir\u00e7ok i\u015f de\u011fi\u015ftirdim: Sanat simsar\u0131, maden b\u00f6lgesinde vaiz, \u00f6\u011fretmen ve kitap sat\u0131c\u0131s\u0131 oldum. Ama bunlar\u0131n \u00f6n\u00fcne ge\u00e7en bir \u015fey vard\u0131:<span class=\"excerpt-hellip\"> [\u2026]<\/span><\/p>\n","protected":false},"featured_media":0,"template":"","meta":{"_monsterinsights_skip_tracking":false,"_monsterinsights_sitenote_active":false,"_monsterinsights_sitenote_note":"","_monsterinsights_sitenote_category":0},"product_brand":[],"product_cat":[12274,14573],"product_tag":[],"class_list":{"0":"post-703928","1":"product","2":"type-product","3":"status-publish","5":"product_cat-cocuk-ve-genclik-kitaplari","6":"product_cat-referans-kitaplar-cocuk-ve-genclik-kitaplari","7":"pa_cilt-ciltsiz","8":"pa_tur-kitap","9":"pa_yayinevi-altin-kitaplar-cocuk-kitaplari","10":"pa_yazar-carme-martin","12":"first","13":"instock","14":"sale","15":"shipping-taxable","16":"purchasable","17":"product-type-simple"},"_links":{"self":[{"href":"https:\/\/roveyayinevi.com.tr\/index.php\/wp-json\/wp\/v2\/product\/703928","targetHints":{"allow":["GET"]}}],"collection":[{"href":"https:\/\/roveyayinevi.com.tr\/index.php\/wp-json\/wp\/v2\/product"}],"about":[{"href":"https:\/\/roveyayinevi.com.tr\/index.php\/wp-json\/wp\/v2\/types\/product"}],"wp:attachment":[{"href":"https:\/\/roveyayinevi.com.tr\/index.php\/wp-json\/wp\/v2\/media?parent=703928"}],"wp:term":[{"taxonomy":"product_brand","embeddable":true,"href":"https:\/\/roveyayinevi.com.tr\/index.php\/wp-json\/wp\/v2\/product_brand?post=703928"},{"taxonomy":"product_cat","embeddable":true,"href":"https:\/\/roveyayinevi.com.tr\/index.php\/wp-json\/wp\/v2\/product_cat?post=703928"},{"taxonomy":"product_tag","embeddable":true,"href":"https:\/\/roveyayinevi.com.tr\/index.php\/wp-json\/wp\/v2\/product_tag?post=703928"}],"curies":[{"name":"wp","href":"https:\/\/api.w.org\/{rel}","templated":true}]}}