{"id":703927,"date":"2025-08-27T15:30:20","date_gmt":"2025-08-27T12:30:20","guid":{"rendered":"https:\/\/roveyayinevi.com.tr\/index.php\/urun\/cin-ali-kitap-seti-10-kitap-takim\/"},"modified":"2026-04-16T02:13:03","modified_gmt":"2026-04-15T23:13:03","slug":"cin-ali-kitap-seti-10-kitap-takim","status":"publish","type":"product","link":"https:\/\/roveyayinevi.com.tr\/index.php\/urun\/cin-ali-kitap-seti-10-kitap-takim\/","title":{"rendered":"Cin Ali Kitap Seti (10 Kitap Tak\u0131m)"},"content":{"rendered":"<p>Cin Ali Okuma takvimiyle beraber bir zamanlar\u0131n klasikle\u015fmi\u015f 10 kitapl\u0131k bu efsane \u00e7ocuk kitab\u0131 serisi; D\u00fcn\u00fcn \u00e7ocuklar\u0131 olan bug\u00fcn\u00fcn yeti\u015fkinleri ve yeni nesil \u00e7ocuklar i\u00e7in e\u015fsiz bir hazine niteli\u011finde.SET \u0130\u00c7ER\u0130\u011e\u0130Cin Ali&#8217;nin At\u0131Cin Ali&#8217;nin TopuCin Ali&#8217;nin Topac\u0131Cin Ali&#8217;nin Karag\u00f6zl\u00fc KuzusuCin Ali&#8217;nin Oyuncaklar\u0131Cin Ali Okula Ba\u015fl\u0131yorCin Ali OkuldaCin Ali \u00c7ocuk Bah\u00e7esindeCin Ali ile Berber FilCin Ali K\u0131r Gezisinde <\/p>\n","protected":false},"excerpt":{"rendered":"<p>Cin Ali Okuma takvimiyle beraber bir zamanlar\u0131n klasikle\u015fmi\u015f 10 kitapl\u0131k bu efsane \u00e7ocuk kitab\u0131 serisi; D\u00fcn\u00fcn \u00e7ocuklar\u0131 olan bug\u00fcn\u00fcn yeti\u015fkinleri ve yeni nesil \u00e7ocuklar i\u00e7in e\u015fsiz<span class=\"excerpt-hellip\"> [\u2026]<\/span><\/p>\n","protected":false},"featured_media":0,"template":"","meta":{"_monsterinsights_skip_tracking":false,"_monsterinsights_sitenote_active":false,"_monsterinsights_sitenote_note":"","_monsterinsights_sitenote_category":0},"product_brand":[],"product_cat":[12274,12284],"product_tag":[],"class_list":{"0":"post-703927","1":"product","2":"type-product","3":"status-publish","5":"product_cat-cocuk-ve-genclik-kitaplari","6":"product_cat-hikayeler","7":"pa_cilt-set","8":"pa_tur-kitap","9":"pa_yayinevi-cin-ali-yayinlari","10":"pa_yazar-rasim-kaygusuz","12":"first","13":"instock","14":"sale","15":"shipping-taxable","16":"purchasable","17":"product-type-simple"},"_links":{"self":[{"href":"https:\/\/roveyayinevi.com.tr\/index.php\/wp-json\/wp\/v2\/product\/703927","targetHints":{"allow":["GET"]}}],"collection":[{"href":"https:\/\/roveyayinevi.com.tr\/index.php\/wp-json\/wp\/v2\/product"}],"about":[{"href":"https:\/\/roveyayinevi.com.tr\/index.php\/wp-json\/wp\/v2\/types\/product"}],"wp:attachment":[{"href":"https:\/\/roveyayinevi.com.tr\/index.php\/wp-json\/wp\/v2\/media?parent=703927"}],"wp:term":[{"taxonomy":"product_brand","embeddable":true,"href":"https:\/\/roveyayinevi.com.tr\/index.php\/wp-json\/wp\/v2\/product_brand?post=703927"},{"taxonomy":"product_cat","embeddable":true,"href":"https:\/\/roveyayinevi.com.tr\/index.php\/wp-json\/wp\/v2\/product_cat?post=703927"},{"taxonomy":"product_tag","embeddable":true,"href":"https:\/\/roveyayinevi.com.tr\/index.php\/wp-json\/wp\/v2\/product_tag?post=703927"}],"curies":[{"name":"wp","href":"https:\/\/api.w.org\/{rel}","templated":true}]}}