{"id":703926,"date":"2025-08-27T15:30:19","date_gmt":"2025-08-27T12:30:19","guid":{"rendered":"https:\/\/roveyayinevi.com.tr\/index.php\/urun\/sanat-ve-yanilsama\/"},"modified":"2026-04-16T02:13:03","modified_gmt":"2026-04-15T23:13:03","slug":"sanat-ve-yanilsama","status":"publish","type":"product","link":"https:\/\/roveyayinevi.com.tr\/index.php\/urun\/sanat-ve-yanilsama\/","title":{"rendered":"Sanat ve Yan\u0131lsama"},"content":{"rendered":"<p>Kenneth Clarke\u2019\u0131n \u201cokudu\u011fum en ba\u015far\u0131l\u0131 sanat kitaplar\u0131ndan biri\u201d olarak tan\u0131mlad\u0131\u011f\u0131, Sanat ve Yan\u0131lsama klasik bir \u00e7al\u0131\u015fma. Bu kitap basit bir soruya yan\u0131t ar\u0131yor: sanat yap\u0131tlar\u0131nda niye \u2018\u00fcslup\u2019 diye tan\u0131mlad\u0131\u011f\u0131m\u0131z bir \u00f6zellik var? G\u00f6r\u00fcnd\u00fc\u011f\u00fcn\u00fcn aksine basit bir yan\u0131t\u0131 olmayan bu sorunun cevab\u0131n\u0131 bulmak, resimde betimlemenin tarihi ve psikolojisi \u00fczerine kapsaml\u0131 bir ara\u015ft\u0131rma gerektiriyor. Profes\u00f6r Gombrich bu kitapta, betimlemede benzerli\u011fe ula\u015fman\u0131n g\u00f6r\u00fcnd\u00fc\u011f\u00fcnden de zor oldu\u011funu g\u00f6sterirken, do\u011fan\u0131n taklidi, gelene\u011fin i\u015flevi, soyutlama sorunu, perspektifin ge\u00e7erlili\u011fi ve ifadenin yorumu gibi konularda eski ve yeni fikirleri g\u00f6zden ge\u00e7irip yeniden de\u011ferlendiriyor. <\/p>\n","protected":false},"excerpt":{"rendered":"<p>Kenneth Clarke\u2019\u0131n \u201cokudu\u011fum en ba\u015far\u0131l\u0131 sanat kitaplar\u0131ndan biri\u201d olarak tan\u0131mlad\u0131\u011f\u0131, Sanat ve Yan\u0131lsama klasik bir \u00e7al\u0131\u015fma. Bu kitap basit bir soruya yan\u0131t ar\u0131yor: sanat yap\u0131tlar\u0131nda niye<span class=\"excerpt-hellip\"> [\u2026]<\/span><\/p>\n","protected":false},"featured_media":0,"template":"","meta":{"_monsterinsights_skip_tracking":false,"_monsterinsights_sitenote_active":false,"_monsterinsights_sitenote_note":"","_monsterinsights_sitenote_category":0},"product_brand":[],"product_cat":[12312,12304],"product_tag":[],"class_list":{"0":"post-703926","1":"product","2":"type-product","3":"status-publish","5":"product_cat-diger","6":"product_cat-tarih","7":"pa_cilt-ciltsiz","8":"pa_tur-kitap","9":"pa_yayinevi-remzi-kitabevi-sanat","10":"pa_yazar-e-h-gombrich","12":"first","13":"instock","14":"sale","15":"shipping-taxable","16":"purchasable","17":"product-type-simple"},"_links":{"self":[{"href":"https:\/\/roveyayinevi.com.tr\/index.php\/wp-json\/wp\/v2\/product\/703926","targetHints":{"allow":["GET"]}}],"collection":[{"href":"https:\/\/roveyayinevi.com.tr\/index.php\/wp-json\/wp\/v2\/product"}],"about":[{"href":"https:\/\/roveyayinevi.com.tr\/index.php\/wp-json\/wp\/v2\/types\/product"}],"wp:attachment":[{"href":"https:\/\/roveyayinevi.com.tr\/index.php\/wp-json\/wp\/v2\/media?parent=703926"}],"wp:term":[{"taxonomy":"product_brand","embeddable":true,"href":"https:\/\/roveyayinevi.com.tr\/index.php\/wp-json\/wp\/v2\/product_brand?post=703926"},{"taxonomy":"product_cat","embeddable":true,"href":"https:\/\/roveyayinevi.com.tr\/index.php\/wp-json\/wp\/v2\/product_cat?post=703926"},{"taxonomy":"product_tag","embeddable":true,"href":"https:\/\/roveyayinevi.com.tr\/index.php\/wp-json\/wp\/v2\/product_tag?post=703926"}],"curies":[{"name":"wp","href":"https:\/\/api.w.org\/{rel}","templated":true}]}}