{"id":703925,"date":"2025-08-27T15:30:19","date_gmt":"2025-08-27T12:30:19","guid":{"rendered":"https:\/\/roveyayinevi.com.tr\/index.php\/urun\/turkiyenin-toplumsal-sorunlari\/"},"modified":"2026-04-16T02:13:03","modified_gmt":"2026-04-15T23:13:03","slug":"turkiyenin-toplumsal-sorunlari","status":"publish","type":"product","link":"https:\/\/roveyayinevi.com.tr\/index.php\/urun\/turkiyenin-toplumsal-sorunlari\/","title":{"rendered":"T\u00fcrkiye\u2019nin Toplumsal Sorunlar\u0131"},"content":{"rendered":"<p>T\u00fcrkiye&#8217; nin toplumsal sorunlar\u0131n\u0131n ancak k\u00fc\u00e7\u00fck bir b\u00f6l\u00fcm\u00fcn\u00fc belirlemeye y\u00f6nelen bu kitap, birbirinden ba\u011f\u0131ms\u0131z olarak farkl\u0131 zamanlarda yap\u0131lm\u0131\u015f \u00e7al\u0131\u015fmalara dayanmaktad\u0131r. Bu \u00e7al\u0131\u015fmalar aras\u0131ndaki anlaml\u0131 ili\u015fki hepsininde T\u00fcrkiye&#8217; nin toplumsal sorunu olmas\u0131d\u0131r. Kald\u0131 ki yaz\u0131lar\u0131n i\u00e7eri\u011finin de\u011fi\u015ftirilmesine gerek duyulmam\u0131\u015ft\u0131r. \u00c7\u00fcnk\u00fc b\u00fct\u00fcn toplumsal sorunlarda oldu\u011fu gibi, bu kitaptaki \u00e7al\u0131\u015fmalarda da ele al\u0131nan sorunlar a ta\u015f\u0131d\u0131klar\u0131 &#8220;toplumsal olgu&#8221; niteli\u011fiyle gelece\u011fi kapsamaktad\u0131r. T\u00fcrkiye&#8217; nin toplumsal sorunlar\u0131na duyarl\u0131 okuyucular\u0131n el alt\u0131 kitab\u0131 olmas\u0131 dile\u011fiyle okuyucunun dikkatine sunulmu\u015ftur. <\/p>\n","protected":false},"excerpt":{"rendered":"<p>T\u00fcrkiye&#8217; nin toplumsal sorunlar\u0131n\u0131n ancak k\u00fc\u00e7\u00fck bir b\u00f6l\u00fcm\u00fcn\u00fc belirlemeye y\u00f6nelen bu kitap, birbirinden ba\u011f\u0131ms\u0131z olarak farkl\u0131 zamanlarda yap\u0131lm\u0131\u015f \u00e7al\u0131\u015fmalara dayanmaktad\u0131r. Bu \u00e7al\u0131\u015fmalar aras\u0131ndaki anlaml\u0131 ili\u015fki hepsininde<span class=\"excerpt-hellip\"> [\u2026]<\/span><\/p>\n","protected":false},"featured_media":0,"template":"","meta":{"_monsterinsights_skip_tracking":false,"_monsterinsights_sitenote_active":false,"_monsterinsights_sitenote_note":"","_monsterinsights_sitenote_category":0},"product_brand":[],"product_cat":[12835,12324],"product_tag":[],"class_list":{"0":"post-703925","1":"product","2":"type-product","3":"status-publish","5":"product_cat-genel-sosyoloji","6":"product_cat-sosyoloji","7":"pa_cilt-ciltsiz","8":"pa_tur-kitap","9":"pa_yayinevi-ani-yayincilik","10":"pa_yazar-mustafa-gunduz","12":"first","13":"instock","14":"sale","15":"shipping-taxable","16":"purchasable","17":"product-type-simple"},"_links":{"self":[{"href":"https:\/\/roveyayinevi.com.tr\/index.php\/wp-json\/wp\/v2\/product\/703925","targetHints":{"allow":["GET"]}}],"collection":[{"href":"https:\/\/roveyayinevi.com.tr\/index.php\/wp-json\/wp\/v2\/product"}],"about":[{"href":"https:\/\/roveyayinevi.com.tr\/index.php\/wp-json\/wp\/v2\/types\/product"}],"wp:attachment":[{"href":"https:\/\/roveyayinevi.com.tr\/index.php\/wp-json\/wp\/v2\/media?parent=703925"}],"wp:term":[{"taxonomy":"product_brand","embeddable":true,"href":"https:\/\/roveyayinevi.com.tr\/index.php\/wp-json\/wp\/v2\/product_brand?post=703925"},{"taxonomy":"product_cat","embeddable":true,"href":"https:\/\/roveyayinevi.com.tr\/index.php\/wp-json\/wp\/v2\/product_cat?post=703925"},{"taxonomy":"product_tag","embeddable":true,"href":"https:\/\/roveyayinevi.com.tr\/index.php\/wp-json\/wp\/v2\/product_tag?post=703925"}],"curies":[{"name":"wp","href":"https:\/\/api.w.org\/{rel}","templated":true}]}}