{"id":703924,"date":"2025-08-27T15:30:18","date_gmt":"2025-08-27T12:30:18","guid":{"rendered":"https:\/\/roveyayinevi.com.tr\/index.php\/urun\/turk-egitim-sistemi-ve-okul-yonetimi-2\/"},"modified":"2026-04-16T02:13:03","modified_gmt":"2026-04-15T23:13:03","slug":"turk-egitim-sistemi-ve-okul-yonetimi-2","status":"publish","type":"product","link":"https:\/\/roveyayinevi.com.tr\/index.php\/urun\/turk-egitim-sistemi-ve-okul-yonetimi-2\/","title":{"rendered":"T\u00fcrk E\u011fitim Sistemi ve Okul Y\u00f6netimi"},"content":{"rendered":"<p>G\u00fcn\u00fcm\u00fczde b\u00fct\u00fcn d\u00fcnyada insana ili\u015fkin sorunlar konu\u015fulurken e\u011fitimin liste ba\u015f\u0131 olmas\u0131, e\u011fitim ve e\u011fitim sorunlar\u0131n\u0131n her zaman g\u00fcndemi i\u015fgal etmesinin bir g\u00f6stergesi olarak de\u011ferlendirilmelidir. Geli\u015fmi\u015f \u00fclkelerde siyasi propagandalarda gelece\u011fin e\u011fitimine yap\u0131lacak yeniliklerin katk\u0131lar\u0131n\u0131n tart\u0131\u015f\u0131l\u0131yor olmas\u0131, e\u011fitimin gelecekte de insanl\u0131\u011f\u0131n temel sorunlar\u0131 aras\u0131nda yer alaca\u011f\u0131n\u0131 g\u00f6stermektedir. \ufffcTan\u0131t\u0131m Metni<\/p>\n","protected":false},"excerpt":{"rendered":"<p>G\u00fcn\u00fcm\u00fczde b\u00fct\u00fcn d\u00fcnyada insana ili\u015fkin sorunlar konu\u015fulurken e\u011fitimin liste ba\u015f\u0131 olmas\u0131, e\u011fitim ve e\u011fitim sorunlar\u0131n\u0131n her zaman g\u00fcndemi i\u015fgal etmesinin bir g\u00f6stergesi olarak de\u011ferlendirilmelidir. Geli\u015fmi\u015f \u00fclkelerde<span class=\"excerpt-hellip\"> [\u2026]<\/span><\/p>\n","protected":false},"featured_media":0,"template":"","meta":{"_monsterinsights_skip_tracking":false,"_monsterinsights_sitenote_active":false,"_monsterinsights_sitenote_note":"","_monsterinsights_sitenote_category":0},"product_brand":[],"product_cat":[12312,12304],"product_tag":[],"class_list":{"0":"post-703924","1":"product","2":"type-product","3":"status-publish","5":"product_cat-diger","6":"product_cat-tarih","7":"pa_cilt-ciltsiz","8":"pa_tur-kitap","9":"pa_yayinevi-ani-yayincilik","10":"pa_yazar-sukru-ada-ridvan-kucukali","12":"first","13":"instock","14":"sale","15":"shipping-taxable","16":"purchasable","17":"product-type-simple"},"_links":{"self":[{"href":"https:\/\/roveyayinevi.com.tr\/index.php\/wp-json\/wp\/v2\/product\/703924","targetHints":{"allow":["GET"]}}],"collection":[{"href":"https:\/\/roveyayinevi.com.tr\/index.php\/wp-json\/wp\/v2\/product"}],"about":[{"href":"https:\/\/roveyayinevi.com.tr\/index.php\/wp-json\/wp\/v2\/types\/product"}],"wp:attachment":[{"href":"https:\/\/roveyayinevi.com.tr\/index.php\/wp-json\/wp\/v2\/media?parent=703924"}],"wp:term":[{"taxonomy":"product_brand","embeddable":true,"href":"https:\/\/roveyayinevi.com.tr\/index.php\/wp-json\/wp\/v2\/product_brand?post=703924"},{"taxonomy":"product_cat","embeddable":true,"href":"https:\/\/roveyayinevi.com.tr\/index.php\/wp-json\/wp\/v2\/product_cat?post=703924"},{"taxonomy":"product_tag","embeddable":true,"href":"https:\/\/roveyayinevi.com.tr\/index.php\/wp-json\/wp\/v2\/product_tag?post=703924"}],"curies":[{"name":"wp","href":"https:\/\/api.w.org\/{rel}","templated":true}]}}