{"id":703923,"date":"2025-08-27T15:30:18","date_gmt":"2025-08-27T12:30:18","guid":{"rendered":"https:\/\/roveyayinevi.com.tr\/index.php\/urun\/cthulhunun-cagrisi-2\/"},"modified":"2025-11-22T03:35:26","modified_gmt":"2025-11-22T00:35:26","slug":"cthulhunun-cagrisi-2","status":"publish","type":"product","link":"https:\/\/roveyayinevi.com.tr\/index.php\/urun\/cthulhunun-cagrisi-2\/","title":{"rendered":"Cthulhu&#8217;nun \u00c7a\u011fr\u0131s\u0131"},"content":{"rendered":"<p>D\u00fc\u015flerin d\u00fcnyas\u0131na ge\u00e7erek insanlar\u0131 uykular\u0131ndan \u00e7a\u011f\u0131ran kadim tanr\u0131 Cthulhu\u2019nun esrar\u0131, Lovecraft\u2019\u0131n m\u00fcthi\u015f hayal g\u00fcc\u00fcn\u00fcn eseri me\u015fhur \u201cCthulhu Mitosu\u201dyla birlikte bug\u00fcn bile pek \u00e7ok esere ilham vermeye devam ediyor. Korku edebiyat\u0131n\u0131n en s\u0131rad\u0131\u015f\u0131 hik\u00e2yelerini bar\u0131nd\u0131ran bu kitap, okuyucunun hayal d\u00fcnyas\u0131n\u0131 derin, karanl\u0131k, bilinmez k\u00f6\u015felere s\u00fcr\u00fcklerken, edebi altyap\u0131s\u0131yla da kendisine hayran b\u0131rak\u0131yor. Lovecraft\u2019\u0131n \u00fcrpertici \u00fcslubunu Hasan Fehmi Nemli aktar\u0131yor. \u201cR\u2019lyeh\u2019deki evinde \u00f6l\u00fc Cthulhu d\u00fc\u015f g\u00f6rerek bekliyor.\u201d\ufffc<\/p>\n","protected":false},"excerpt":{"rendered":"<p>D\u00fc\u015flerin d\u00fcnyas\u0131na ge\u00e7erek insanlar\u0131 uykular\u0131ndan \u00e7a\u011f\u0131ran kadim tanr\u0131 Cthulhu\u2019nun esrar\u0131, Lovecraft\u2019\u0131n m\u00fcthi\u015f hayal g\u00fcc\u00fcn\u00fcn eseri me\u015fhur \u201cCthulhu Mitosu\u201dyla birlikte bug\u00fcn bile pek \u00e7ok esere ilham vermeye<span class=\"excerpt-hellip\"> [\u2026]<\/span><\/p>\n","protected":false},"featured_media":0,"template":"","meta":{"_monsterinsights_skip_tracking":false,"_monsterinsights_sitenote_active":false,"_monsterinsights_sitenote_note":"","_monsterinsights_sitenote_category":0},"product_brand":[],"product_cat":[12291,12711],"product_tag":[],"class_list":{"0":"post-703923","1":"product","2":"type-product","3":"status-publish","5":"product_cat-edebiyat","6":"product_cat-roman-oyku","7":"pa_cilt-ciltsiz","8":"pa_tur-kitap","9":"pa_yayinevi-alfa-yayinlari","10":"pa_yazar-howard-phillips-lovecraft","12":"first","13":"instock","14":"sale","15":"shipping-taxable","16":"purchasable","17":"product-type-simple"},"_links":{"self":[{"href":"https:\/\/roveyayinevi.com.tr\/index.php\/wp-json\/wp\/v2\/product\/703923","targetHints":{"allow":["GET"]}}],"collection":[{"href":"https:\/\/roveyayinevi.com.tr\/index.php\/wp-json\/wp\/v2\/product"}],"about":[{"href":"https:\/\/roveyayinevi.com.tr\/index.php\/wp-json\/wp\/v2\/types\/product"}],"wp:attachment":[{"href":"https:\/\/roveyayinevi.com.tr\/index.php\/wp-json\/wp\/v2\/media?parent=703923"}],"wp:term":[{"taxonomy":"product_brand","embeddable":true,"href":"https:\/\/roveyayinevi.com.tr\/index.php\/wp-json\/wp\/v2\/product_brand?post=703923"},{"taxonomy":"product_cat","embeddable":true,"href":"https:\/\/roveyayinevi.com.tr\/index.php\/wp-json\/wp\/v2\/product_cat?post=703923"},{"taxonomy":"product_tag","embeddable":true,"href":"https:\/\/roveyayinevi.com.tr\/index.php\/wp-json\/wp\/v2\/product_tag?post=703923"}],"curies":[{"name":"wp","href":"https:\/\/api.w.org\/{rel}","templated":true}]}}