{"id":703922,"date":"2025-08-27T15:30:17","date_gmt":"2025-08-27T12:30:17","guid":{"rendered":"https:\/\/roveyayinevi.com.tr\/index.php\/urun\/daha-da-kucukler-icin-allahi-merak-ediyorum\/"},"modified":"2026-04-16T02:13:03","modified_gmt":"2026-04-15T23:13:03","slug":"daha-da-kucukler-icin-allahi-merak-ediyorum","status":"publish","type":"product","link":"https:\/\/roveyayinevi.com.tr\/index.php\/urun\/daha-da-kucukler-icin-allahi-merak-ediyorum\/","title":{"rendered":"Daha Da K\u00fc\u00e7\u00fckler \u0130\u00e7in Allah&#8217;\u0131 Merak Ediyorum"},"content":{"rendered":"<p>Daha \u00f6nce 5 ayr\u0131 kitap olarak bas\u0131lan Daha da k\u00fc\u00e7\u00fckler i\u00e7in Allah\u00b4\u0131 merak ediyorum kitab\u0131, \u015fimdi kal\u0131n kapakl\u0131 tek bir cilt halinde!Bu kitap, i\u00e7eri\u011fi, dili ve konuyu i\u015fleyi\u015f tarz\u0131yla dokuz ya\u015f ve alt\u0131 \u00e7ocuklar i\u00e7in manevi geli\u015fimi destekleyici niteliktedir. \ufffcTan\u0131t\u0131m Metni<\/p>\n","protected":false},"excerpt":{"rendered":"<p>Daha \u00f6nce 5 ayr\u0131 kitap olarak bas\u0131lan Daha da k\u00fc\u00e7\u00fckler i\u00e7in Allah\u00b4\u0131 merak ediyorum kitab\u0131, \u015fimdi kal\u0131n kapakl\u0131 tek bir cilt halinde!Bu kitap, i\u00e7eri\u011fi, dili ve<span class=\"excerpt-hellip\"> [\u2026]<\/span><\/p>\n","protected":false},"featured_media":0,"template":"","meta":{"_monsterinsights_skip_tracking":false,"_monsterinsights_sitenote_active":false,"_monsterinsights_sitenote_note":"","_monsterinsights_sitenote_category":0},"product_brand":[],"product_cat":[12274,18802],"product_tag":[],"class_list":{"0":"post-703922","1":"product","2":"type-product","3":"status-publish","5":"product_cat-cocuk-ve-genclik-kitaplari","6":"product_cat-din-egitimi","7":"pa_cilt-ciltsiz","8":"pa_tur-kitap","9":"pa_yayinevi-ugurbocegi-yayinlari-kampanyali","10":"pa_yazar-ozkan-oze","12":"first","13":"instock","14":"sale","15":"shipping-taxable","16":"purchasable","17":"product-type-simple"},"_links":{"self":[{"href":"https:\/\/roveyayinevi.com.tr\/index.php\/wp-json\/wp\/v2\/product\/703922","targetHints":{"allow":["GET"]}}],"collection":[{"href":"https:\/\/roveyayinevi.com.tr\/index.php\/wp-json\/wp\/v2\/product"}],"about":[{"href":"https:\/\/roveyayinevi.com.tr\/index.php\/wp-json\/wp\/v2\/types\/product"}],"wp:attachment":[{"href":"https:\/\/roveyayinevi.com.tr\/index.php\/wp-json\/wp\/v2\/media?parent=703922"}],"wp:term":[{"taxonomy":"product_brand","embeddable":true,"href":"https:\/\/roveyayinevi.com.tr\/index.php\/wp-json\/wp\/v2\/product_brand?post=703922"},{"taxonomy":"product_cat","embeddable":true,"href":"https:\/\/roveyayinevi.com.tr\/index.php\/wp-json\/wp\/v2\/product_cat?post=703922"},{"taxonomy":"product_tag","embeddable":true,"href":"https:\/\/roveyayinevi.com.tr\/index.php\/wp-json\/wp\/v2\/product_tag?post=703922"}],"curies":[{"name":"wp","href":"https:\/\/api.w.org\/{rel}","templated":true}]}}