{"id":703918,"date":"2025-08-27T15:30:15","date_gmt":"2025-08-27T12:30:15","guid":{"rendered":"https:\/\/roveyayinevi.com.tr\/index.php\/urun\/kanavice\/"},"modified":"2026-04-16T02:13:02","modified_gmt":"2026-04-15T23:13:02","slug":"kanavice","status":"publish","type":"product","link":"https:\/\/roveyayinevi.com.tr\/index.php\/urun\/kanavice\/","title":{"rendered":"Kanavi\u00e7e"},"content":{"rendered":"<p>1915\u2026 Ermeni Tehciri karar\u0131na, \u201cO benim kom\u015fum, o benim arkada\u015f\u0131m, o benim halk\u0131m!\u201d deyip itiraz eden cesur K\u00fctahya Mutasarr\u0131f\u0131 Faik Ali Bey\u2026 \ufffcTan\u0131t\u0131m Metni<\/p>\n","protected":false},"excerpt":{"rendered":"<p>1915\u2026 Ermeni Tehciri karar\u0131na, \u201cO benim kom\u015fum, o benim arkada\u015f\u0131m, o benim halk\u0131m!\u201d deyip itiraz eden cesur K\u00fctahya Mutasarr\u0131f\u0131 Faik Ali Bey\u2026 \ufffcTan\u0131t\u0131m Metni<\/p>\n","protected":false},"featured_media":0,"template":"","meta":{"_monsterinsights_skip_tracking":false,"_monsterinsights_sitenote_active":false,"_monsterinsights_sitenote_note":"","_monsterinsights_sitenote_category":0},"product_brand":[],"product_cat":[12291,12745],"product_tag":[],"class_list":{"0":"post-703918","1":"product","2":"type-product","3":"status-publish","5":"product_cat-edebiyat","6":"product_cat-tarihi-roman","7":"pa_cilt-ciltsiz","8":"pa_tur-kitap","9":"pa_yayinevi-timas-yayinlari","10":"pa_yazar-bahadir-yenisehirlioglu","12":"first","13":"instock","14":"sale","15":"shipping-taxable","16":"purchasable","17":"product-type-simple"},"_links":{"self":[{"href":"https:\/\/roveyayinevi.com.tr\/index.php\/wp-json\/wp\/v2\/product\/703918","targetHints":{"allow":["GET"]}}],"collection":[{"href":"https:\/\/roveyayinevi.com.tr\/index.php\/wp-json\/wp\/v2\/product"}],"about":[{"href":"https:\/\/roveyayinevi.com.tr\/index.php\/wp-json\/wp\/v2\/types\/product"}],"wp:attachment":[{"href":"https:\/\/roveyayinevi.com.tr\/index.php\/wp-json\/wp\/v2\/media?parent=703918"}],"wp:term":[{"taxonomy":"product_brand","embeddable":true,"href":"https:\/\/roveyayinevi.com.tr\/index.php\/wp-json\/wp\/v2\/product_brand?post=703918"},{"taxonomy":"product_cat","embeddable":true,"href":"https:\/\/roveyayinevi.com.tr\/index.php\/wp-json\/wp\/v2\/product_cat?post=703918"},{"taxonomy":"product_tag","embeddable":true,"href":"https:\/\/roveyayinevi.com.tr\/index.php\/wp-json\/wp\/v2\/product_tag?post=703918"}],"curies":[{"name":"wp","href":"https:\/\/api.w.org\/{rel}","templated":true}]}}