{"id":703917,"date":"2025-08-27T15:30:15","date_gmt":"2025-08-27T12:30:15","guid":{"rendered":"https:\/\/roveyayinevi.com.tr\/index.php\/urun\/yildiz-kusu\/"},"modified":"2025-12-30T09:57:06","modified_gmt":"2025-12-30T06:57:06","slug":"yildiz-kusu","status":"publish","type":"product","link":"https:\/\/roveyayinevi.com.tr\/index.php\/urun\/yildiz-kusu\/","title":{"rendered":"Y\u0131ld\u0131z Ku\u015fu"},"content":{"rendered":"<p>G\u00f6ky\u00fcz\u00fcne dikkatli bak\u0131n! Her an bir Y\u0131ld\u0131z Ku\u015fu g\u00f6rebilirsiniz!Yap\u0131 Kredi Yay\u0131nlar\u0131\u2019ndan Aram\u0131zda Beyaz Bir \u00c7izgi, Ay\u2019daki Dede, Bozuk M\u00fczik Kutusu adl\u0131 kitaplar\u0131 \u00e7\u0131kan, her hik\u00e2yesinde dostluk, bar\u0131\u015f, sevgi gibi evrensel temalar\u0131n yan\u0131 s\u0131ra mutlaka m\u00fczi\u011fe de yer veren \u00c7i\u011fdem Kaplang\u0131\u2019n\u0131n yeni kitab\u0131: Y\u0131ld\u0131z Ku\u015fu&#8230; Y\u0131ld\u0131z tozlar\u0131ndan do\u011fmu\u015f bir ku\u015f d\u00fc\u015f\u00fcn\u00fcn&#8230; Sevimli, canayak\u0131n, \u015fark\u0131lar s\u00f6yleyen ve bu \u015fark\u0131lar\u0131yla insanlarla dostluk kuran, onlara yard\u0131m eden&#8230; Bundan sonra g\u00f6ky\u00fcz\u00fcne daha dikkatli bak\u0131n! Kim bilir, belki sizin de yak\u0131n\u0131n\u0131zdan bir Y\u0131ld\u0131z Ku\u015fu ge\u00e7er! Belki sizin de hayat\u0131n\u0131z de\u011fi\u015fir! <\/p>\n","protected":false},"excerpt":{"rendered":"<p>G\u00f6ky\u00fcz\u00fcne dikkatli bak\u0131n! Her an bir Y\u0131ld\u0131z Ku\u015fu g\u00f6rebilirsiniz!Yap\u0131 Kredi Yay\u0131nlar\u0131\u2019ndan Aram\u0131zda Beyaz Bir \u00c7izgi, Ay\u2019daki Dede, Bozuk M\u00fczik Kutusu adl\u0131 kitaplar\u0131 \u00e7\u0131kan, her hik\u00e2yesinde dostluk,<span class=\"excerpt-hellip\"> [\u2026]<\/span><\/p>\n","protected":false},"featured_media":0,"template":"","meta":{"_monsterinsights_skip_tracking":false,"_monsterinsights_sitenote_active":false,"_monsterinsights_sitenote_note":"","_monsterinsights_sitenote_category":0},"product_brand":[],"product_cat":[12274,12518],"product_tag":[],"class_list":{"0":"post-703917","1":"product","2":"type-product","3":"status-publish","5":"product_cat-cocuk-ve-genclik-kitaplari","6":"product_cat-okul-oncesi-kitaplar","7":"pa_cilt-ciltsiz","8":"pa_tur-kitap","9":"pa_yayinevi-yapi-kredi-yayinlari","10":"pa_yazar-cigdem-kaplangi","12":"first","13":"instock","14":"sale","15":"shipping-taxable","16":"purchasable","17":"product-type-simple"},"_links":{"self":[{"href":"https:\/\/roveyayinevi.com.tr\/index.php\/wp-json\/wp\/v2\/product\/703917","targetHints":{"allow":["GET"]}}],"collection":[{"href":"https:\/\/roveyayinevi.com.tr\/index.php\/wp-json\/wp\/v2\/product"}],"about":[{"href":"https:\/\/roveyayinevi.com.tr\/index.php\/wp-json\/wp\/v2\/types\/product"}],"wp:attachment":[{"href":"https:\/\/roveyayinevi.com.tr\/index.php\/wp-json\/wp\/v2\/media?parent=703917"}],"wp:term":[{"taxonomy":"product_brand","embeddable":true,"href":"https:\/\/roveyayinevi.com.tr\/index.php\/wp-json\/wp\/v2\/product_brand?post=703917"},{"taxonomy":"product_cat","embeddable":true,"href":"https:\/\/roveyayinevi.com.tr\/index.php\/wp-json\/wp\/v2\/product_cat?post=703917"},{"taxonomy":"product_tag","embeddable":true,"href":"https:\/\/roveyayinevi.com.tr\/index.php\/wp-json\/wp\/v2\/product_tag?post=703917"}],"curies":[{"name":"wp","href":"https:\/\/api.w.org\/{rel}","templated":true}]}}