{"id":703914,"date":"2025-08-27T15:30:13","date_gmt":"2025-08-27T12:30:13","guid":{"rendered":"https:\/\/roveyayinevi.com.tr\/index.php\/urun\/dunyanin-butun-sabahlari\/"},"modified":"2026-04-13T02:15:47","modified_gmt":"2026-04-12T23:15:47","slug":"dunyanin-butun-sabahlari","status":"publish","type":"product","link":"https:\/\/roveyayinevi.com.tr\/index.php\/urun\/dunyanin-butun-sabahlari\/","title":{"rendered":"D\u00fcnyan\u0131n B\u00fct\u00fcn Sabahlar\u0131"},"content":{"rendered":"<p>D\u00dcNYANIN B\u00dcT\u00dcN SABAHLARI Bir usta. Sainte Colombe. \u00c7alg\u0131s\u0131yla insan sesindeki t\u00fcm t\u0131n\u0131lar\u0131 \u00e7\u0131karabildi\u011fi s\u00f6yleniyor. Kar\u0131s\u0131n\u0131n \u00f6l\u00fcm\u00fcyle iyiden iyiye i\u00e7ine, m\u00fczi\u011fine kapanan bu adam, k\u00f6\u015fesinde iki k\u0131z\u0131yla birlikte ya\u015f\u0131yor.   Bir \u00f6\u011frenci \u00e7al\u0131yor bir g\u00fcn kap\u0131s\u0131n\u0131. \u00d6\u011frenci dedi\u011fimize bakmay\u0131n, adam Marin Marais, ama daha gencecik. Sainte Colombe\u2019dan m\u00fczi\u011finin gizini \u00f6\u011frenmek istiyor. Sainte Colombe onu yan\u0131na alacak. B\u00fcy\u00fck k\u0131z\u0131 da vurulacak \u00e7ocu\u011fa.  D\u00fcnyan\u0131n B\u00fct\u00fcn Sabahlar\u0131 g\u00f6lgelere \u00f6vg\u00fcd\u00fcr, g\u00f6lgelere a\u011f\u0131t. Ulu bir dut a\u011fac\u0131n\u0131n dallar\u0131 aras\u0131na kurulmu\u015f, viyola sesinin eksik olmad\u0131\u011f\u0131 derme \u00e7atma bir kul\u00fcbenin alt\u0131nda biten, ya\u015fayan, \u00f6len ve dirilen g\u00f6lgelere\u2026  Alain Corneau taraf\u0131ndan 1991\u2019de filme uyarlanan, Jean-Pierre Marielle ve G\u00e9rard D\u00e9pardieu gibi usta oyuncular ve Jordi Savall\u2019in ezgileriyle zenginle\u015fen D\u00fcnyan\u0131n B\u00fct\u00fcn Sabahlar\u0131 \u00e7a\u011fda\u015f edebiyat kadar sinema tarihinin de unutulmazlar\u0131 aras\u0131ndad\u0131r.   <\/p>\n","protected":false},"excerpt":{"rendered":"<p>D\u00dcNYANIN B\u00dcT\u00dcN SABAHLARI Bir usta. Sainte Colombe. \u00c7alg\u0131s\u0131yla insan sesindeki t\u00fcm t\u0131n\u0131lar\u0131 \u00e7\u0131karabildi\u011fi s\u00f6yleniyor. Kar\u0131s\u0131n\u0131n \u00f6l\u00fcm\u00fcyle iyiden iyiye i\u00e7ine, m\u00fczi\u011fine kapanan bu adam, k\u00f6\u015fesinde iki k\u0131z\u0131yla<span class=\"excerpt-hellip\"> [\u2026]<\/span><\/p>\n","protected":false},"featured_media":0,"template":"","meta":{"_monsterinsights_skip_tracking":false,"_monsterinsights_sitenote_active":false,"_monsterinsights_sitenote_note":"","_monsterinsights_sitenote_category":0},"product_brand":[],"product_cat":[12291,12711],"product_tag":[],"class_list":{"0":"post-703914","1":"product","2":"type-product","3":"status-publish","5":"product_cat-edebiyat","6":"product_cat-roman-oyku","7":"pa_cilt-ciltsiz","8":"pa_tur-kitap","9":"pa_yayinevi-sel-yayincilik","10":"pa_yazar-pascal-quignard","12":"first","13":"instock","14":"sale","15":"shipping-taxable","16":"purchasable","17":"product-type-simple"},"_links":{"self":[{"href":"https:\/\/roveyayinevi.com.tr\/index.php\/wp-json\/wp\/v2\/product\/703914","targetHints":{"allow":["GET"]}}],"collection":[{"href":"https:\/\/roveyayinevi.com.tr\/index.php\/wp-json\/wp\/v2\/product"}],"about":[{"href":"https:\/\/roveyayinevi.com.tr\/index.php\/wp-json\/wp\/v2\/types\/product"}],"wp:attachment":[{"href":"https:\/\/roveyayinevi.com.tr\/index.php\/wp-json\/wp\/v2\/media?parent=703914"}],"wp:term":[{"taxonomy":"product_brand","embeddable":true,"href":"https:\/\/roveyayinevi.com.tr\/index.php\/wp-json\/wp\/v2\/product_brand?post=703914"},{"taxonomy":"product_cat","embeddable":true,"href":"https:\/\/roveyayinevi.com.tr\/index.php\/wp-json\/wp\/v2\/product_cat?post=703914"},{"taxonomy":"product_tag","embeddable":true,"href":"https:\/\/roveyayinevi.com.tr\/index.php\/wp-json\/wp\/v2\/product_tag?post=703914"}],"curies":[{"name":"wp","href":"https:\/\/api.w.org\/{rel}","templated":true}]}}