{"id":703910,"date":"2025-08-27T15:30:11","date_gmt":"2025-08-27T12:30:11","guid":{"rendered":"https:\/\/roveyayinevi.com.tr\/index.php\/urun\/sari-dunya\/"},"modified":"2026-04-16T02:13:02","modified_gmt":"2026-04-15T23:13:02","slug":"sari-dunya","status":"publish","type":"product","link":"https:\/\/roveyayinevi.com.tr\/index.php\/urun\/sari-dunya\/","title":{"rendered":"Sar\u0131 D\u00fcnya"},"content":{"rendered":"<p>Albert Espinosa\u2019n\u0131n hayat\u0131, kanser oldu\u011funu \u00f6\u011frendi\u011finde de\u011fi\u015fmeye ba\u015flad\u0131. On d\u00f6rt ya\u015f\u0131ndayken bir baca\u011f\u0131n\u0131 kaybetti, on alt\u0131s\u0131nda bir akci\u011ferini ve on sekizinde de karaci\u011ferinin bir par\u00e7as\u0131n\u0131. Hayat\u0131n\u0131n on y\u0131l\u0131n\u0131 kanserle ya\u015fad\u0131. Ondan hep kanseri nas\u0131l yendi\u011fini anlatmas\u0131n\u0131 istediler, o ise kanserden neler \u00f6\u011frendi\u011fini, \u00f6\u011frendiklerini nas\u0131l ya\u015fam\u0131na uyarlad\u0131\u011f\u0131n\u0131 anlatmay\u0131 se\u00e7ti. En k\u0131ymetlilerini payla\u015ft\u0131; sar\u0131lar\u0131n\u0131. Sar\u0131 D\u00fcnya\u2019s\u0131n\u0131 a\u00e7t\u0131 herkese. \u00d6l\u00fcm\u00fcn asl\u0131nda nas\u0131l mutlulukla ba\u011fda\u015ft\u0131r\u0131labilece\u011fini g\u00f6sterdi. Zira \u00f6l\u00fcm de\u011fildi \u00fcz\u00fcc\u00fc olan, ya\u015famay\u0131 bilmemekti. Ne de olsa \u00f6l\u00fcm, par\u00e7alara ayr\u0131l\u0131p pek \u00e7ok bedende var olmaya devam etmekti.\u201c\u0130nsan\u0131 derinden etkiliyor.\u201d-Top Sante\u201c\u0130ncelikler ve enerjiyle dolu \u0131\u015f\u0131l \u0131\u015f\u0131l bir kitap.\u201d-The Independent\u201cHerkes bu kitap hakk\u0131nda konu\u015fuyor. Ger\u00e7ekten insan\u0131n i\u00e7ini \u0131s\u0131t\u0131yor.\u201d ,-Mail on Sunday\u201cSar\u0131 D\u00fcnya, her daim g\u00fcne\u015fli ve iyimser bir \u00fctopya.\u201d-The Sunday Times\u201cBu kitap insan\u0131n kendisini ele\u015ftirmesine sebep olacak bir mizaha sahip.\u201d-The Times\u201cBasit felsefesi ve insana mutluluk veren mesajlar\u0131yla Sar\u0131 D\u00fcnya, alan\u0131nda bir klasik olabilir.\u201d-The Sunday Times\u201cOkuyan herkes \u015fiddetle tavsiye ediyor.\u201d-Guardian\u201cAlbert Espinosa, s\u0131rad\u0131\u015f\u0131 bir insan.\u201d-The Observer\u201cAlbert bizimle bilgeli\u011fini payla\u015fm\u0131\u015f. Te\u015fekk\u00fcrler, beni g\u00fcl\u00fcmsettin.\u201d-Elle Macpherson\u201cD\u00fc\u015f\u00fcnsenize, baca\u011f\u0131n\u0131 kaybetmeden \u00f6nceki gece ona bir veda partisi bile d\u00fczenlemi\u015f. Hastal\u0131k ve \u00f6l\u00fcmle ilgili k\u0131s\u0131mlar\u0131 var ama bu kitap her \u015feyiyle ya\u015fam\u0131n de\u011ferini anlat\u0131yor.\u201d-The Independent<\/p>\n","protected":false},"excerpt":{"rendered":"<p>Albert Espinosa\u2019n\u0131n hayat\u0131, kanser oldu\u011funu \u00f6\u011frendi\u011finde de\u011fi\u015fmeye ba\u015flad\u0131. On d\u00f6rt ya\u015f\u0131ndayken bir baca\u011f\u0131n\u0131 kaybetti, on alt\u0131s\u0131nda bir akci\u011ferini ve on sekizinde de karaci\u011ferinin bir par\u00e7as\u0131n\u0131. Hayat\u0131n\u0131n<span class=\"excerpt-hellip\"> [\u2026]<\/span><\/p>\n","protected":false},"featured_media":0,"template":"","meta":{"_monsterinsights_skip_tracking":false,"_monsterinsights_sitenote_active":false,"_monsterinsights_sitenote_note":"","_monsterinsights_sitenote_category":0},"product_brand":[],"product_cat":[14009,12291],"product_tag":[],"class_list":{"0":"post-703910","1":"product","2":"type-product","3":"status-publish","5":"product_cat-biyografi-otobiyografi-edebiyat","6":"product_cat-edebiyat","7":"pa_cilt-ciltsiz","8":"pa_tur-kitap","9":"pa_yayinevi-pegasus-yayinlari","10":"pa_yazar-albert-espinosa","12":"first","13":"instock","14":"sale","15":"shipping-taxable","16":"purchasable","17":"product-type-simple"},"_links":{"self":[{"href":"https:\/\/roveyayinevi.com.tr\/index.php\/wp-json\/wp\/v2\/product\/703910","targetHints":{"allow":["GET"]}}],"collection":[{"href":"https:\/\/roveyayinevi.com.tr\/index.php\/wp-json\/wp\/v2\/product"}],"about":[{"href":"https:\/\/roveyayinevi.com.tr\/index.php\/wp-json\/wp\/v2\/types\/product"}],"wp:attachment":[{"href":"https:\/\/roveyayinevi.com.tr\/index.php\/wp-json\/wp\/v2\/media?parent=703910"}],"wp:term":[{"taxonomy":"product_brand","embeddable":true,"href":"https:\/\/roveyayinevi.com.tr\/index.php\/wp-json\/wp\/v2\/product_brand?post=703910"},{"taxonomy":"product_cat","embeddable":true,"href":"https:\/\/roveyayinevi.com.tr\/index.php\/wp-json\/wp\/v2\/product_cat?post=703910"},{"taxonomy":"product_tag","embeddable":true,"href":"https:\/\/roveyayinevi.com.tr\/index.php\/wp-json\/wp\/v2\/product_tag?post=703910"}],"curies":[{"name":"wp","href":"https:\/\/api.w.org\/{rel}","templated":true}]}}