{"id":703902,"date":"2025-08-27T15:30:08","date_gmt":"2025-08-27T12:30:08","guid":{"rendered":"https:\/\/roveyayinevi.com.tr\/index.php\/urun\/ideolojik-hadisciligin-arkaplani-ciltli\/"},"modified":"2026-04-16T02:13:02","modified_gmt":"2026-04-15T23:13:02","slug":"ideolojik-hadisciligin-arkaplani-ciltli","status":"publish","type":"product","link":"https:\/\/roveyayinevi.com.tr\/index.php\/urun\/ideolojik-hadisciligin-arkaplani-ciltli\/","title":{"rendered":"\u0130deolojik Hadis\u00e7ili\u011fin Arkaplan\u0131 ( Ciltli )"},"content":{"rendered":"<p>Elinizdeki eser, Mihne olay\u0131 ile Ha\u015feviye olgusu aras\u0131ndaki ili\u015fkiye i\u015faret ederek bu iki fenomenin hadis tarihindeki etkisini irdelemektedir. Mihne olay\u0131yla hadis ve hadis\u00e7ili\u011fin sosyal tarihine; Ha\u015feviye olgusuyla da onun ideolojik tarihine vurgu yap\u0131lmaktad\u0131r. Bu olgu hadis literat\u00fcr\u00fcn\u00fcn m\u00fchim bir k\u0131sm\u0131n\u0131 te\u015fkil eden biyografi, cerh ve ta\u2019dil, menak\u0131b t\u00fcr\u00fc eserlere ciddi katk\u0131da bulunmu\u015f, hadis tarihini de derinden etkilemi\u015f, kitabu\u2019s-s\u00fcnne gibi yeni edebi t\u00fcrlere de hayat vermi\u015ftir. Bu durum dikkate al\u0131nmadan s\u00f6z konusu eserleri sa\u011fl\u0131kl\u0131 bir \u015fekilde de\u011ferlendirebilmek m\u00fcmk\u00fcn de\u011fildir. <\/p>\n","protected":false},"excerpt":{"rendered":"<p>Elinizdeki eser, Mihne olay\u0131 ile Ha\u015feviye olgusu aras\u0131ndaki ili\u015fkiye i\u015faret ederek bu iki fenomenin hadis tarihindeki etkisini irdelemektedir. Mihne olay\u0131yla hadis ve hadis\u00e7ili\u011fin sosyal tarihine; Ha\u015feviye<span class=\"excerpt-hellip\"> [\u2026]<\/span><\/p>\n","protected":false},"featured_media":0,"template":"","meta":{"_monsterinsights_skip_tracking":false,"_monsterinsights_sitenote_active":false,"_monsterinsights_sitenote_note":"","_monsterinsights_sitenote_category":0},"product_brand":[],"product_cat":[12718,12719,18109],"product_tag":[],"class_list":{"0":"post-703902","1":"product","2":"type-product","3":"status-publish","5":"product_cat-din","6":"product_cat-islam","7":"product_cat-islam-tarihi","8":"pa_cilt-ciltli","9":"pa_tur-kitap","10":"pa_yayinevi-otto-yayinlari","11":"pa_yazar-mehmet-emin-ozafsar","13":"first","14":"instock","15":"sale","16":"shipping-taxable","17":"purchasable","18":"product-type-simple"},"_links":{"self":[{"href":"https:\/\/roveyayinevi.com.tr\/index.php\/wp-json\/wp\/v2\/product\/703902","targetHints":{"allow":["GET"]}}],"collection":[{"href":"https:\/\/roveyayinevi.com.tr\/index.php\/wp-json\/wp\/v2\/product"}],"about":[{"href":"https:\/\/roveyayinevi.com.tr\/index.php\/wp-json\/wp\/v2\/types\/product"}],"wp:attachment":[{"href":"https:\/\/roveyayinevi.com.tr\/index.php\/wp-json\/wp\/v2\/media?parent=703902"}],"wp:term":[{"taxonomy":"product_brand","embeddable":true,"href":"https:\/\/roveyayinevi.com.tr\/index.php\/wp-json\/wp\/v2\/product_brand?post=703902"},{"taxonomy":"product_cat","embeddable":true,"href":"https:\/\/roveyayinevi.com.tr\/index.php\/wp-json\/wp\/v2\/product_cat?post=703902"},{"taxonomy":"product_tag","embeddable":true,"href":"https:\/\/roveyayinevi.com.tr\/index.php\/wp-json\/wp\/v2\/product_tag?post=703902"}],"curies":[{"name":"wp","href":"https:\/\/api.w.org\/{rel}","templated":true}]}}