{"id":703901,"date":"2025-08-27T15:30:08","date_gmt":"2025-08-27T12:30:08","guid":{"rendered":"https:\/\/roveyayinevi.com.tr\/index.php\/urun\/kitle-psikolojisi\/"},"modified":"2026-04-16T02:13:02","modified_gmt":"2026-04-15T23:13:02","slug":"kitle-psikolojisi","status":"publish","type":"product","link":"https:\/\/roveyayinevi.com.tr\/index.php\/urun\/kitle-psikolojisi\/","title":{"rendered":"Kitle Psikolojisi"},"content":{"rendered":"<p>Kitle psikolojisi, kitle eylemlerinde su y\u00fcz\u00fcne \u00e7\u0131kar; bireyi, bir kabilenin, bir ulusun, bir kast\u0131n, bir s\u0131n\u0131f\u0131n, bir kurumun \u00fcyesi ya da belli bir zamanda bir araya gelip belli bir ama\u00e7 i\u00e7in \u00f6rg\u00fctlenmeye gitmi\u015f bir insan kitlesinin par\u00e7as\u0131 gibi ele al\u0131r. Kitlenin bir par\u00e7as\u0131 haline gelen, egemenli\u011fi alt\u0131na giren bireyin bilin\u00e7li ki\u015fili\u011fi kaybolur. Kitle psikolojisinin olu\u015fmas\u0131, bireysel psikolojinin kaybolmas\u0131na, duygular\u0131n bireysel olmaktan \u00e7\u0131k\u0131p kolektif hale gelmesine yol a\u00e7ar. Akl\u0131n ve zek\u00e2n\u0131n \u00f6neminin azald\u0131\u011f\u0131, bireyin kitlesel \u00f6l\u00e7\u00fctlere uyum sa\u011flayarak davran\u0131\u015flar\u0131nda bunlar\u0131 sergiledi\u011fi bu durumda toplumca benimsenmi\u015f de\u011ferlere, inan\u00e7lara bireysel ve grupsal d\u00fczeylerde kar\u015f\u0131 \u00e7\u0131k\u0131ld\u0131\u011f\u0131nda toplumsal d\u0131\u015flanman\u0131n ger\u00e7ekle\u015fti\u011fi, \u015fiddetin ba\u015f g\u00f6sterdi\u011fi g\u00f6r\u00fcl\u00fcr. Bir organizmadaki h\u00fccreler nas\u0131l bir araya gelerek tek bir varl\u0131k olu\u015fturmu\u015fsa, psikolojik kitle de bir an i\u00e7in birbiriyle kayna\u015fm\u0131\u015f ayn\u0131 t\u00fcrden \u00f6\u011felerin olu\u015fturdu\u011fu ge\u00e7ici bir varl\u0131kt\u0131r. Freud bu \u00e7al\u0131\u015fmas\u0131nda, kitle ruhunun, yani kolektif ruh ya\u015fam\u0131n\u0131n tan\u0131m\u0131ndan ba\u015flayarak telkin yoluyla bireyin o ruha yap\u0131\u015ft\u0131r\u0131lmas\u0131n\u0131, kilise ve ordu gibi iki yapay kitlenin egemenli\u011fini, bireyin toplumla \u00f6zde\u015fle\u015fmesini ele al\u0131yor. <\/p>\n","protected":false},"excerpt":{"rendered":"<p>Kitle psikolojisi, kitle eylemlerinde su y\u00fcz\u00fcne \u00e7\u0131kar; bireyi, bir kabilenin, bir ulusun, bir kast\u0131n, bir s\u0131n\u0131f\u0131n, bir kurumun \u00fcyesi ya da belli bir zamanda bir araya<span class=\"excerpt-hellip\"> [\u2026]<\/span><\/p>\n","protected":false},"featured_media":0,"template":"","meta":{"_monsterinsights_skip_tracking":false,"_monsterinsights_sitenote_active":false,"_monsterinsights_sitenote_note":"","_monsterinsights_sitenote_category":0},"product_brand":[],"product_cat":[12358,12357],"product_tag":[],"class_list":{"0":"post-703901","1":"product","2":"type-product","3":"status-publish","5":"product_cat-genel-psikoloji","6":"product_cat-psikoloji","7":"pa_cilt-ciltsiz","8":"pa_tur-kitap","9":"pa_yayinevi-say-yayinlari","10":"pa_yazar-sigmund-freud","12":"first","13":"instock","14":"sale","15":"shipping-taxable","16":"purchasable","17":"product-type-simple"},"_links":{"self":[{"href":"https:\/\/roveyayinevi.com.tr\/index.php\/wp-json\/wp\/v2\/product\/703901","targetHints":{"allow":["GET"]}}],"collection":[{"href":"https:\/\/roveyayinevi.com.tr\/index.php\/wp-json\/wp\/v2\/product"}],"about":[{"href":"https:\/\/roveyayinevi.com.tr\/index.php\/wp-json\/wp\/v2\/types\/product"}],"wp:attachment":[{"href":"https:\/\/roveyayinevi.com.tr\/index.php\/wp-json\/wp\/v2\/media?parent=703901"}],"wp:term":[{"taxonomy":"product_brand","embeddable":true,"href":"https:\/\/roveyayinevi.com.tr\/index.php\/wp-json\/wp\/v2\/product_brand?post=703901"},{"taxonomy":"product_cat","embeddable":true,"href":"https:\/\/roveyayinevi.com.tr\/index.php\/wp-json\/wp\/v2\/product_cat?post=703901"},{"taxonomy":"product_tag","embeddable":true,"href":"https:\/\/roveyayinevi.com.tr\/index.php\/wp-json\/wp\/v2\/product_tag?post=703901"}],"curies":[{"name":"wp","href":"https:\/\/api.w.org\/{rel}","templated":true}]}}