{"id":703899,"date":"2025-08-27T15:30:07","date_gmt":"2025-08-27T12:30:07","guid":{"rendered":"https:\/\/roveyayinevi.com.tr\/index.php\/urun\/vatan-olan-gurbet-2\/"},"modified":"2026-04-16T02:13:02","modified_gmt":"2026-04-15T23:13:02","slug":"vatan-olan-gurbet-2","status":"publish","type":"product","link":"https:\/\/roveyayinevi.com.tr\/index.php\/urun\/vatan-olan-gurbet-2\/","title":{"rendered":"Vatan Olan Gurbet 2"},"content":{"rendered":"<p>1851\u2019de sistemli olarak g\u00f6\u00e7men al\u0131m\u0131na ba\u015flayan Avustralya\u2019da, 1888\u2019de ba\u015flayan \u0131rk\u00e7\u0131 \u201cBeyazlar\u0131n Avustralya\u2019s\u0131 Politikas\u0131\u201d 1959\u2019a dek y\u00fcr\u00fcrl\u00fckte kalarak g\u00f6\u00e7 s\u00fcrecinde belirleyici olmu\u015ftu. Bu politikan\u0131n terkiyle d\u00fcnyan\u0131n t\u00fcm \u00fclkelerinden g\u00f6\u00e7men almaya ba\u015flayan \u00fclkeye T\u00fcrkiye\u2019den ilk kafile 1968\u2019de gitti. 21. y\u00fczy\u0131l\u0131n ba\u015flar\u0131nda Avustralya\u2019n\u0131n 23 milyonluk n\u00fcfusunun d\u00f6rtte birini, 100 farkl\u0131 \u00fclkede do\u011fmu\u015f yeni ku\u015fak g\u00f6\u00e7menler olu\u015fturuyor. G\u00fcn\u00fcm\u00fczde T\u00fcrkiye\u2019den Avustralya\u2019ya yerle\u015fenlerin n\u00fcfusuysa 100.000 ile 150.000 aras\u0131nda tahmin ediliyor.Vatan Olan Gurbet &#8211; I: Almanya\u2019ya \u0130\u015f\u00e7i G\u00f6\u00e7\u00fcn\u00fcn 50. Y\u0131l\u0131 kitab\u0131na imza atan Kenan Mortan ve Monelle Sarfati, Vatan Olan Gurbet &#8211; II ile bu kez T\u00fcrkiye\u2019den Avustralya\u2019ya g\u00f6\u00e7enlerin gayet az bilinen d\u00fcnyas\u0131na geni\u015f perspektifli bir pencere a\u00e7\u0131yorlar. Bu \u00e7al\u0131\u015fma, Avustralya\u2019da yerle\u015fmi\u015f g\u00f6\u00e7menlerle y\u00fcz y\u00fcze yap\u0131lan g\u00f6r\u00fc\u015fmeleri, resmi kaynaklardan derlenen pek \u00e7ok veriyle de harmanlayarak sunan, bu uzak diyar\u0131 vatan edinmi\u015f yurtta\u015flar\u0131m\u0131za dair \u00f6nc\u00fc bir kaynak eser&#8230; <\/p>\n","protected":false},"excerpt":{"rendered":"<p>1851\u2019de sistemli olarak g\u00f6\u00e7men al\u0131m\u0131na ba\u015flayan Avustralya\u2019da, 1888\u2019de ba\u015flayan \u0131rk\u00e7\u0131 \u201cBeyazlar\u0131n Avustralya\u2019s\u0131 Politikas\u0131\u201d 1959\u2019a dek y\u00fcr\u00fcrl\u00fckte kalarak g\u00f6\u00e7 s\u00fcrecinde belirleyici olmu\u015ftu. Bu politikan\u0131n terkiyle d\u00fcnyan\u0131n t\u00fcm<span class=\"excerpt-hellip\"> [\u2026]<\/span><\/p>\n","protected":false},"featured_media":0,"template":"","meta":{"_monsterinsights_skip_tracking":false,"_monsterinsights_sitenote_active":false,"_monsterinsights_sitenote_note":"","_monsterinsights_sitenote_category":0},"product_brand":[],"product_cat":[12364],"product_tag":[],"class_list":{"0":"post-703899","1":"product","2":"type-product","3":"status-publish","5":"product_cat-genel-konular","6":"pa_cilt-ciltsiz","7":"pa_tur-kitap","8":"pa_yayinevi-is-bankasi-kultur-yayinlari","9":"pa_yazar-kenan-mortan","11":"first","12":"instock","13":"sale","14":"shipping-taxable","15":"purchasable","16":"product-type-simple"},"_links":{"self":[{"href":"https:\/\/roveyayinevi.com.tr\/index.php\/wp-json\/wp\/v2\/product\/703899","targetHints":{"allow":["GET"]}}],"collection":[{"href":"https:\/\/roveyayinevi.com.tr\/index.php\/wp-json\/wp\/v2\/product"}],"about":[{"href":"https:\/\/roveyayinevi.com.tr\/index.php\/wp-json\/wp\/v2\/types\/product"}],"wp:attachment":[{"href":"https:\/\/roveyayinevi.com.tr\/index.php\/wp-json\/wp\/v2\/media?parent=703899"}],"wp:term":[{"taxonomy":"product_brand","embeddable":true,"href":"https:\/\/roveyayinevi.com.tr\/index.php\/wp-json\/wp\/v2\/product_brand?post=703899"},{"taxonomy":"product_cat","embeddable":true,"href":"https:\/\/roveyayinevi.com.tr\/index.php\/wp-json\/wp\/v2\/product_cat?post=703899"},{"taxonomy":"product_tag","embeddable":true,"href":"https:\/\/roveyayinevi.com.tr\/index.php\/wp-json\/wp\/v2\/product_tag?post=703899"}],"curies":[{"name":"wp","href":"https:\/\/api.w.org\/{rel}","templated":true}]}}