{"id":703898,"date":"2025-08-27T15:30:07","date_gmt":"2025-08-27T12:30:07","guid":{"rendered":"https:\/\/roveyayinevi.com.tr\/index.php\/urun\/avrupa-afrikayi-nasil-geri-birakti\/"},"modified":"2025-11-22T03:35:16","modified_gmt":"2025-11-22T00:35:16","slug":"avrupa-afrikayi-nasil-geri-birakti","status":"publish","type":"product","link":"https:\/\/roveyayinevi.com.tr\/index.php\/urun\/avrupa-afrikayi-nasil-geri-birakti\/","title":{"rendered":"Avrupa Afrika&#8217;y\u0131 Nas\u0131l Geri B\u0131rakt\u0131"},"content":{"rendered":"<p>Kapitalizmin egemenli\u011finin t\u00fcm d\u00fcnyada ciddi bi\u00e7imde tart\u0131\u015fma konusu oldu\u011fu, alternatif yollar\u0131n hayalden ibaret olmay\u0131p ger\u00e7ek bir ihtimal olarak belirdi\u011fi bir \u00e7a\u011fda Rodney, Afrika\u2019n\u0131n geli\u015fmesine giden yolun, Afrika\u2019n\u0131n geri b\u0131rakt\u0131r\u0131lmas\u0131n\u0131n birinci sorumlusu olarak tan\u0131mlad\u0131\u011f\u0131 uluslararas\u0131 kapitalist sistemden radikal bir kopu\u015fu gerektirdi\u011finde \u0131srar ediyor. Avrupa Afrika&#8217;y\u0131 Nas\u0131l Geri B\u0131rakt\u0131, daha \u00f6nce hi\u00e7 g\u00f6r\u00fclmemi\u015f bi\u00e7imde Afrika tarihini d\u00fcnya \u00f6l\u00e7e\u011finde de\u011ferlendirilen azgeli\u015fmi\u015flik teorisiyle, entelekt\u00fcel bir tutku ve politik sorumlulukla bir arada ele alan klasik bir eserdir. B\u00fcy\u00fck aktivist-ayd\u0131n Walter Rodney \u00fcniversitelerde oldu\u011fu kadar toplumsal hareketler i\u00e7inde de b\u00fcy\u00fck yank\u0131 uyand\u0131ran bu kitab\u0131nda, &#8220;Egemenler ve onlar\u0131n akademi d\u00fcnyas\u0131ndaki s\u00f6zc\u00fclerince belirlenen \u2019standartlar\u0131\u2019 tatmin etmekten \u00e7ok, s\u00f6m\u00fcr\u00fcn\u00fcn do\u011fas\u0131n\u0131 daha fazla ara\u015ft\u0131rmak isteyen Afrikal\u0131lara ula\u015fmay\u0131&#8221; deniyor. &#8220;Walter Rodney&#8217;in bu ufuk a\u00e7\u0131c\u0131 ve devrimci kitab\u0131, d\u00fcnyan\u0131n d\u00f6rt bir yan\u0131nda radikal d\u00fc\u015f\u00fcn\u00fcrlerin yeti\u015fmesini sa\u011flad\u0131 ve g\u00fcn\u00fcm\u00fcz\u00fcn askerile\u015fmi\u015f k\u00fcreselle\u015fmesi ve Afrika&#8217;ya d\u00f6n\u00fck y\u00fcksek teknolojili \u015firket m\u00fcdahalelerinin tahrip edici ba\u011flant\u0131s\u0131n\u0131 ke\u015ffetmek a\u00e7\u0131s\u0131ndan bir t\u00fcr kehanet metni haline geldi.&#8221; Amina Mama, California \u00dcniversitesi Kad\u0131n ve Toplumsal Cinsiyet \u00c7al\u0131\u015fmalar\u0131 Program\u0131 Direkt\u00f6r\u00fc &#8220;Afrika tarihinde, aya\u011f\u0131 Afrika topraklar\u0131na basan d\u00fc\u015f\u00fcnce a\u00e7\u0131s\u0131ndan bir kilometre ta\u015f\u0131.&#8221; Samir Amin, Dakar \u00dc\u00e7\u00fcnc\u00fc D\u00fcnya Forumu Direkt\u00f6r\u00fc<\/p>\n","protected":false},"excerpt":{"rendered":"<p>Kapitalizmin egemenli\u011finin t\u00fcm d\u00fcnyada ciddi bi\u00e7imde tart\u0131\u015fma konusu oldu\u011fu, alternatif yollar\u0131n hayalden ibaret olmay\u0131p ger\u00e7ek bir ihtimal olarak belirdi\u011fi bir \u00e7a\u011fda Rodney, Afrika\u2019n\u0131n geli\u015fmesine giden yolun,<span class=\"excerpt-hellip\"> [\u2026]<\/span><\/p>\n","protected":false},"featured_media":0,"template":"","meta":{"_monsterinsights_skip_tracking":false,"_monsterinsights_sitenote_active":false,"_monsterinsights_sitenote_note":"","_monsterinsights_sitenote_category":0},"product_brand":[],"product_cat":[12370,12304],"product_tag":[],"class_list":{"0":"post-703898","1":"product","2":"type-product","3":"status-publish","5":"product_cat-arastirma-inceleme","6":"product_cat-tarih","7":"pa_cilt-ciltsiz","8":"pa_tur-kitap","9":"pa_yayinevi-dipnot-yayinlari","10":"pa_yazar-walter-rodney","12":"first","13":"instock","14":"sale","15":"shipping-taxable","16":"purchasable","17":"product-type-simple"},"_links":{"self":[{"href":"https:\/\/roveyayinevi.com.tr\/index.php\/wp-json\/wp\/v2\/product\/703898","targetHints":{"allow":["GET"]}}],"collection":[{"href":"https:\/\/roveyayinevi.com.tr\/index.php\/wp-json\/wp\/v2\/product"}],"about":[{"href":"https:\/\/roveyayinevi.com.tr\/index.php\/wp-json\/wp\/v2\/types\/product"}],"wp:attachment":[{"href":"https:\/\/roveyayinevi.com.tr\/index.php\/wp-json\/wp\/v2\/media?parent=703898"}],"wp:term":[{"taxonomy":"product_brand","embeddable":true,"href":"https:\/\/roveyayinevi.com.tr\/index.php\/wp-json\/wp\/v2\/product_brand?post=703898"},{"taxonomy":"product_cat","embeddable":true,"href":"https:\/\/roveyayinevi.com.tr\/index.php\/wp-json\/wp\/v2\/product_cat?post=703898"},{"taxonomy":"product_tag","embeddable":true,"href":"https:\/\/roveyayinevi.com.tr\/index.php\/wp-json\/wp\/v2\/product_tag?post=703898"}],"curies":[{"name":"wp","href":"https:\/\/api.w.org\/{rel}","templated":true}]}}