{"id":703897,"date":"2025-08-27T15:30:06","date_gmt":"2025-08-27T12:30:06","guid":{"rendered":"https:\/\/roveyayinevi.com.tr\/index.php\/urun\/hadisi-yeniden-dusunmek-ciltli\/"},"modified":"2026-04-16T02:13:02","modified_gmt":"2026-04-15T23:13:02","slug":"hadisi-yeniden-dusunmek-ciltli","status":"publish","type":"product","link":"https:\/\/roveyayinevi.com.tr\/index.php\/urun\/hadisi-yeniden-dusunmek-ciltli\/","title":{"rendered":"Hadisi Yeniden D\u00fc\u015f\u00fcnmek ( Ciltli )"},"content":{"rendered":"<p>Hadis, M\u00fcsl\u00fcmanlar i\u00e7in t\u00fcm zamanlar\u0131n de\u011fi\u015fmeyen g\u00fcndem maddesidir. \u0130slam d\u00fcnyas\u0131nda ba\u015fta hadis metinleri olmak \u00fczere dini metinleri anlamadaki yakla\u015f\u0131m farkl\u0131l\u0131klar\u0131n\u0131n k\u00fcresel \u00f6l\u00e7ekteki krizleri besledi\u011fi bir ger\u00e7ektir. Bu akut sorun alan\u0131, g\u00fcn\u00fcm\u00fcze ge\u00e7ti\u011fimiz y\u00fczy\u0131llardan tevar\u00fcs etmi\u015ftir. Bu alanlar\u0131 yeniden d\u00fc\u015f\u00fcnmek, hadisi yeniden yorumlamay\u0131 gerektirir. Bu eserde, klasik hadis usul\u00fc yan\u0131nda dil bilim, sosyoloji ve tarih biliminin kavram ve kuramlar\u0131ndan da yararlan\u0131larak \u00e7a\u011fda\u015f bir hadis de\u011ferlendirme metodolojisi sunulmaktad\u0131r. <\/p>\n","protected":false},"excerpt":{"rendered":"<p>Hadis, M\u00fcsl\u00fcmanlar i\u00e7in t\u00fcm zamanlar\u0131n de\u011fi\u015fmeyen g\u00fcndem maddesidir. \u0130slam d\u00fcnyas\u0131nda ba\u015fta hadis metinleri olmak \u00fczere dini metinleri anlamadaki yakla\u015f\u0131m farkl\u0131l\u0131klar\u0131n\u0131n k\u00fcresel \u00f6l\u00e7ekteki krizleri besledi\u011fi bir ger\u00e7ektir.<span class=\"excerpt-hellip\"> [\u2026]<\/span><\/p>\n","protected":false},"featured_media":0,"template":"","meta":{"_monsterinsights_skip_tracking":false,"_monsterinsights_sitenote_active":false,"_monsterinsights_sitenote_note":"","_monsterinsights_sitenote_category":0},"product_brand":[],"product_cat":[13036,12718,12719],"product_tag":[],"class_list":{"0":"post-703897","1":"product","2":"type-product","3":"status-publish","5":"product_cat-arastirma-inceleme-islam","6":"product_cat-din","7":"product_cat-islam","8":"pa_cilt-ciltli","9":"pa_tur-kitap","10":"pa_yayinevi-otto-yayinlari","11":"pa_yazar-mehmet-emin-ozafsar","13":"first","14":"instock","15":"sale","16":"shipping-taxable","17":"purchasable","18":"product-type-simple"},"_links":{"self":[{"href":"https:\/\/roveyayinevi.com.tr\/index.php\/wp-json\/wp\/v2\/product\/703897","targetHints":{"allow":["GET"]}}],"collection":[{"href":"https:\/\/roveyayinevi.com.tr\/index.php\/wp-json\/wp\/v2\/product"}],"about":[{"href":"https:\/\/roveyayinevi.com.tr\/index.php\/wp-json\/wp\/v2\/types\/product"}],"wp:attachment":[{"href":"https:\/\/roveyayinevi.com.tr\/index.php\/wp-json\/wp\/v2\/media?parent=703897"}],"wp:term":[{"taxonomy":"product_brand","embeddable":true,"href":"https:\/\/roveyayinevi.com.tr\/index.php\/wp-json\/wp\/v2\/product_brand?post=703897"},{"taxonomy":"product_cat","embeddable":true,"href":"https:\/\/roveyayinevi.com.tr\/index.php\/wp-json\/wp\/v2\/product_cat?post=703897"},{"taxonomy":"product_tag","embeddable":true,"href":"https:\/\/roveyayinevi.com.tr\/index.php\/wp-json\/wp\/v2\/product_tag?post=703897"}],"curies":[{"name":"wp","href":"https:\/\/api.w.org\/{rel}","templated":true}]}}