{"id":703896,"date":"2025-08-27T15:30:06","date_gmt":"2025-08-27T12:30:06","guid":{"rendered":"https:\/\/roveyayinevi.com.tr\/index.php\/urun\/ertugrul-gaziyle-bir-gun\/"},"modified":"2026-04-16T02:13:02","modified_gmt":"2026-04-15T23:13:02","slug":"ertugrul-gaziyle-bir-gun","status":"publish","type":"product","link":"https:\/\/roveyayinevi.com.tr\/index.php\/urun\/ertugrul-gaziyle-bir-gun\/","title":{"rendered":"Ertu\u011frul Gazi&#8217;yle Bir G\u00fcn"},"content":{"rendered":"<p>Sevgili ebeveynler, \u00e7ocuklar\u0131n\u0131z\u0131n hem kendi tarihlerini \u00f6\u011frenip hem de ho\u015f\u00e7a vakit ge\u00e7irmelerini mi istiyorsunuz? \u00c7ocu\u011funuz \u201c\u00dcnl\u00fclerle Bir G\u00fcn\u201d dizisinin \u201cErtu\u011frul Gazi\u2019yle Bir G\u00fcn\u201d isimli bu kitab\u0131yla Kay\u0131 Boyu\u2019nun Anadolu\u2019ya yolculu\u011funda Ertu\u011frul Gazi\u2019nin nas\u0131l \u00f6nderlik yapt\u0131\u011f\u0131n\u0131 okurken, M\u00fcsl\u00fcman co\u011frafyas\u0131ndaki birlik ve beraberli\u011fin \u00f6nemini farkeder, \u00fclkesinin ge\u00e7mi\u015fine kar\u015f\u0131 merak olu\u015fur ve metinde verilen ipu\u00e7lar\u0131ndan hareketle kar\u015f\u0131la\u015ft\u0131\u011f\u0131 yeni kelimelerin anlamlar\u0131n\u0131 tahmin eder.<\/p>\n","protected":false},"excerpt":{"rendered":"<p>Sevgili ebeveynler, \u00e7ocuklar\u0131n\u0131z\u0131n hem kendi tarihlerini \u00f6\u011frenip hem de ho\u015f\u00e7a vakit ge\u00e7irmelerini mi istiyorsunuz? \u00c7ocu\u011funuz \u201c\u00dcnl\u00fclerle Bir G\u00fcn\u201d dizisinin \u201cErtu\u011frul Gazi\u2019yle Bir G\u00fcn\u201d isimli bu kitab\u0131yla<span class=\"excerpt-hellip\"> [\u2026]<\/span><\/p>\n","protected":false},"featured_media":0,"template":"","meta":{"_monsterinsights_skip_tracking":false,"_monsterinsights_sitenote_active":false,"_monsterinsights_sitenote_note":"","_monsterinsights_sitenote_category":0},"product_brand":[],"product_cat":[12275,12274],"product_tag":[],"class_list":{"0":"post-703896","1":"product","2":"type-product","3":"status-publish","5":"product_cat-6-12-yas-kitaplari","6":"product_cat-cocuk-ve-genclik-kitaplari","7":"pa_cilt-ciltsiz","8":"pa_tur-kitap","9":"pa_yayinevi-timas-cocuk","10":"pa_yazar-mustafa-orakci","12":"first","13":"instock","14":"sale","15":"shipping-taxable","16":"purchasable","17":"product-type-simple"},"_links":{"self":[{"href":"https:\/\/roveyayinevi.com.tr\/index.php\/wp-json\/wp\/v2\/product\/703896","targetHints":{"allow":["GET"]}}],"collection":[{"href":"https:\/\/roveyayinevi.com.tr\/index.php\/wp-json\/wp\/v2\/product"}],"about":[{"href":"https:\/\/roveyayinevi.com.tr\/index.php\/wp-json\/wp\/v2\/types\/product"}],"wp:attachment":[{"href":"https:\/\/roveyayinevi.com.tr\/index.php\/wp-json\/wp\/v2\/media?parent=703896"}],"wp:term":[{"taxonomy":"product_brand","embeddable":true,"href":"https:\/\/roveyayinevi.com.tr\/index.php\/wp-json\/wp\/v2\/product_brand?post=703896"},{"taxonomy":"product_cat","embeddable":true,"href":"https:\/\/roveyayinevi.com.tr\/index.php\/wp-json\/wp\/v2\/product_cat?post=703896"},{"taxonomy":"product_tag","embeddable":true,"href":"https:\/\/roveyayinevi.com.tr\/index.php\/wp-json\/wp\/v2\/product_tag?post=703896"}],"curies":[{"name":"wp","href":"https:\/\/api.w.org\/{rel}","templated":true}]}}