{"id":703894,"date":"2025-08-27T15:30:05","date_gmt":"2025-08-27T12:30:05","guid":{"rendered":"https:\/\/roveyayinevi.com.tr\/index.php\/urun\/cinsel-refleksoloji\/"},"modified":"2026-04-13T02:15:46","modified_gmt":"2026-04-12T23:15:46","slug":"cinsel-refleksoloji","status":"publish","type":"product","link":"https:\/\/roveyayinevi.com.tr\/index.php\/urun\/cinsel-refleksoloji\/","title":{"rendered":"Cinsel Refleksoloji"},"content":{"rendered":"<p>Refleksoloji, b\u00fct\u00fcn organlar\u0131n bedenin farkl\u0131 b\u00f6lgelerinde refleks noktalar\u0131n\u0131n bulundu\u011fu d\u00fc\u015f\u00fcncesine dayanan, v\u00fccudun belirli b\u00f6lgelerine bask\u0131 ya da masaj uygulanarak yap\u0131lan alternatif tedavi y\u00f6ntemidir. Cinsel refleksoloji ise sevi\u015fme s\u0131ras\u0131nda, cinsel refleks noktalar\u0131n\u0131 kullanmaya ili\u015fkin uygulamalar\u0131 kapsar. Tao ustas\u0131 Mantak Chia ve k\u0131demli Evrensel Tao e\u011fitmeni William U. Wei\u2019nin birlikte haz\u0131rlad\u0131klar\u0131 Cinsel Refleksoloji, klasik Taocu cinsel metinlerle \u00e7a\u011fda\u015f refleksoloji kuram\u0131n\u0131n bir sentezi niteli\u011finde. Kitapta yer alan uygulamalar, bireylerin ya da \u00e7iftlerin kendi cinsel enerjilerini daha iyi anlamalar\u0131n\u0131 ve sa\u011fl\u0131kl\u0131 bir \u015fekilde geli\u015ftirmelerini sa\u011flamay\u0131 ama\u00e7l\u0131yor. Cinsel Refleksoloji, \u00e7iftlerin cinsel ili\u015fkiyi bir \u015fifa sanat\u0131 olarak uygulamalar\u0131na yard\u0131mc\u0131 olacak bir eser&#8230;<\/p>\n","protected":false},"excerpt":{"rendered":"<p>Refleksoloji, b\u00fct\u00fcn organlar\u0131n bedenin farkl\u0131 b\u00f6lgelerinde refleks noktalar\u0131n\u0131n bulundu\u011fu d\u00fc\u015f\u00fcncesine dayanan, v\u00fccudun belirli b\u00f6lgelerine bask\u0131 ya da masaj uygulanarak yap\u0131lan alternatif tedavi y\u00f6ntemidir. Cinsel refleksoloji ise<span class=\"excerpt-hellip\"> [\u2026]<\/span><\/p>\n","protected":false},"featured_media":0,"template":"","meta":{"_monsterinsights_skip_tracking":false,"_monsterinsights_sitenote_active":false,"_monsterinsights_sitenote_note":"","_monsterinsights_sitenote_category":0},"product_brand":[],"product_cat":[17502,13488],"product_tag":[],"class_list":{"0":"post-703894","1":"product","2":"type-product","3":"status-publish","5":"product_cat-cinsellik","6":"product_cat-toplum-ve-insan","7":"pa_cilt-ciltsiz","8":"pa_tur-kitap","9":"pa_yayinevi-omega","10":"pa_yazar-mantak-chia","12":"first","13":"instock","14":"sale","15":"shipping-taxable","16":"purchasable","17":"product-type-simple"},"_links":{"self":[{"href":"https:\/\/roveyayinevi.com.tr\/index.php\/wp-json\/wp\/v2\/product\/703894","targetHints":{"allow":["GET"]}}],"collection":[{"href":"https:\/\/roveyayinevi.com.tr\/index.php\/wp-json\/wp\/v2\/product"}],"about":[{"href":"https:\/\/roveyayinevi.com.tr\/index.php\/wp-json\/wp\/v2\/types\/product"}],"wp:attachment":[{"href":"https:\/\/roveyayinevi.com.tr\/index.php\/wp-json\/wp\/v2\/media?parent=703894"}],"wp:term":[{"taxonomy":"product_brand","embeddable":true,"href":"https:\/\/roveyayinevi.com.tr\/index.php\/wp-json\/wp\/v2\/product_brand?post=703894"},{"taxonomy":"product_cat","embeddable":true,"href":"https:\/\/roveyayinevi.com.tr\/index.php\/wp-json\/wp\/v2\/product_cat?post=703894"},{"taxonomy":"product_tag","embeddable":true,"href":"https:\/\/roveyayinevi.com.tr\/index.php\/wp-json\/wp\/v2\/product_tag?post=703894"}],"curies":[{"name":"wp","href":"https:\/\/api.w.org\/{rel}","templated":true}]}}