{"id":703890,"date":"2025-08-27T15:30:03","date_gmt":"2025-08-27T12:30:03","guid":{"rendered":"https:\/\/roveyayinevi.com.tr\/index.php\/urun\/annenannenin-aradigi-ayna-renkli-resimli-buyuk-boy\/"},"modified":"2026-04-16T02:13:02","modified_gmt":"2026-04-15T23:13:02","slug":"annenannenin-aradigi-ayna-renkli-resimli-buyuk-boy","status":"publish","type":"product","link":"https:\/\/roveyayinevi.com.tr\/index.php\/urun\/annenannenin-aradigi-ayna-renkli-resimli-buyuk-boy\/","title":{"rendered":"Annenannenin Arad\u0131\u011f\u0131 Ayna (Renkli Resimli B\u00fcy\u00fck Boy)"},"content":{"rendered":"<p>Metin\u2019le anneannesi \u00e7ar\u015f\u0131ya \u00e7\u0131kt\u0131lar e\u015fit \u00e7e\u015fit meyveler satan manav\u0131n, vitrininde etler olan kasab\u0131n, k\u00f6\u015fedeki b\u00fcy\u00fck bakkal\u0131n, marangozun \u00f6n\u00fcnden ge\u00e7tiler. Metin merak i\u00e7indeydi. Acaba nereye gidiyorlard\u0131? Anneannesi vitrinlere bak\u0131p ne ar\u0131yordu? <\/p>\n","protected":false},"excerpt":{"rendered":"<p>Metin\u2019le anneannesi \u00e7ar\u015f\u0131ya \u00e7\u0131kt\u0131lar e\u015fit \u00e7e\u015fit meyveler satan manav\u0131n, vitrininde etler olan kasab\u0131n, k\u00f6\u015fedeki b\u00fcy\u00fck bakkal\u0131n, marangozun \u00f6n\u00fcnden ge\u00e7tiler. Metin merak i\u00e7indeydi. Acaba nereye gidiyorlard\u0131? Anneannesi<span class=\"excerpt-hellip\"> [\u2026]<\/span><\/p>\n","protected":false},"featured_media":0,"template":"","meta":{"_monsterinsights_skip_tracking":false,"_monsterinsights_sitenote_active":false,"_monsterinsights_sitenote_note":"","_monsterinsights_sitenote_category":0},"product_brand":[],"product_cat":[12274,12284],"product_tag":[],"class_list":{"0":"post-703890","1":"product","2":"type-product","3":"status-publish","5":"product_cat-cocuk-ve-genclik-kitaplari","6":"product_cat-hikayeler","7":"pa_cilt-ciltsiz","8":"pa_tur-kitap","9":"pa_yayinevi-say-cocuk","10":"pa_yazar-gulsum-cengiz","12":"first","13":"instock","14":"sale","15":"shipping-taxable","16":"purchasable","17":"product-type-simple"},"_links":{"self":[{"href":"https:\/\/roveyayinevi.com.tr\/index.php\/wp-json\/wp\/v2\/product\/703890","targetHints":{"allow":["GET"]}}],"collection":[{"href":"https:\/\/roveyayinevi.com.tr\/index.php\/wp-json\/wp\/v2\/product"}],"about":[{"href":"https:\/\/roveyayinevi.com.tr\/index.php\/wp-json\/wp\/v2\/types\/product"}],"wp:attachment":[{"href":"https:\/\/roveyayinevi.com.tr\/index.php\/wp-json\/wp\/v2\/media?parent=703890"}],"wp:term":[{"taxonomy":"product_brand","embeddable":true,"href":"https:\/\/roveyayinevi.com.tr\/index.php\/wp-json\/wp\/v2\/product_brand?post=703890"},{"taxonomy":"product_cat","embeddable":true,"href":"https:\/\/roveyayinevi.com.tr\/index.php\/wp-json\/wp\/v2\/product_cat?post=703890"},{"taxonomy":"product_tag","embeddable":true,"href":"https:\/\/roveyayinevi.com.tr\/index.php\/wp-json\/wp\/v2\/product_tag?post=703890"}],"curies":[{"name":"wp","href":"https:\/\/api.w.org\/{rel}","templated":true}]}}