{"id":703888,"date":"2025-08-27T15:30:03","date_gmt":"2025-08-27T12:30:03","guid":{"rendered":"https:\/\/roveyayinevi.com.tr\/index.php\/urun\/gercekten-bilmeniz-gereken-50-ekonomi-fikri-ciltli\/"},"modified":"2026-04-16T02:13:02","modified_gmt":"2026-04-15T23:13:02","slug":"gercekten-bilmeniz-gereken-50-ekonomi-fikri-ciltli","status":"publish","type":"product","link":"https:\/\/roveyayinevi.com.tr\/index.php\/urun\/gercekten-bilmeniz-gereken-50-ekonomi-fikri-ciltli\/","title":{"rendered":"Ger\u00e7ekten Bilmeniz Gereken 50 Ekonomi Fikri (Ciltli)"},"content":{"rendered":"<p>B\u00fcy\u00fck fikirleri kolay anla\u015f\u0131l\u0131r ve etkileyici bir \u00fcslupla okura sunmaktaki ba\u015far\u0131s\u0131yla d\u00fcnyada bir milyondan fazla sat\u0131\u015fa ula\u015fm\u0131\u015f 50 Fikir serisinin be\u015finci kitab\u0131nda, Edmund Conway bizi ekonominin merkezini olu\u015fturan fikir ve ak\u0131mlarla tan\u0131\u015ft\u0131r\u0131yor. Ger\u00e7ekten Bilmeniz Gereken 50 Ekonomi Fikri, Adam Smith&#8217;in   g\u00f6r\u00fcnmez el  i ve arz talep kanunu gibi temel doktrinlerden servet ile mutluluk aras\u0131ndaki ili\u015fkiyi sorgulayan son d\u00f6nem ara\u015ft\u0131rmalar\u0131na, Keynes&#8217;in 20. y\u00fczy\u0131l\u0131n ak\u0131betini de\u011fi\u015ftiren   Genel Teori  sinden irrasyonel do\u011fam\u0131z\u0131 hesaba katmak i\u00e7in ekonomi ile psikolojiyi birle\u015ftiren davran\u0131\u015fsal iktisada ve hatta gelecekte belirleyici olacak alternatif ekonomi ak\u0131mlar\u0131na kadar uzan\u0131yor. Bize ekonomideki g\u00fc\u00e7 dengelerini, bankalar\u0131n i\u015fleyi\u015fini, d\u00fcnyan\u0131n uzak bir k\u00f6\u015fesinde belirip sofram\u0131za kadar giren finansal krizleri, neden futbolcular\u0131n bu kadar \u00e7ok kazand\u0131\u011f\u0131n\u0131, piyasan\u0131n   ay\u0131   ve   bo\u011fa  lar\u0131n\u0131, yarat\u0131c\u0131 y\u0131k\u0131m\u0131, k\u00fcreselle\u015fmeyi, e\u015fitsizli\u011fi, toplu piyasa hezeyanlar\u0131n\u0131 ve bitmeyen emeklilik ya\u015f\u0131 pazarl\u0131klar\u0131n\u0131 anlamam\u0131z\u0131 sa\u011flayacak alet \u00e7antas\u0131n\u0131 sunuyor.Ger\u00e7ek hayattan pek \u00e7ok \u00f6rnek ile desteklenmi\u015f Ger\u00e7ekten Bilmeniz Gereken 50 Ekonomi Fikri, ekonominin her bir g\u00fcn her birimizin hayat\u0131n\u0131 nas\u0131l derinden etkiledi\u011fini anlamak ve etkilerine kar\u015f\u0131 biraz olsun haz\u0131rl\u0131kl\u0131 olmak i\u00e7in g\u00fczel bir rehber. <\/p>\n","protected":false},"excerpt":{"rendered":"<p>B\u00fcy\u00fck fikirleri kolay anla\u015f\u0131l\u0131r ve etkileyici bir \u00fcslupla okura sunmaktaki ba\u015far\u0131s\u0131yla d\u00fcnyada bir milyondan fazla sat\u0131\u015fa ula\u015fm\u0131\u015f 50 Fikir serisinin be\u015finci kitab\u0131nda, Edmund Conway bizi ekonominin<span class=\"excerpt-hellip\"> [\u2026]<\/span><\/p>\n","protected":false},"featured_media":0,"template":"","meta":{"_monsterinsights_skip_tracking":false,"_monsterinsights_sitenote_active":false,"_monsterinsights_sitenote_note":"","_monsterinsights_sitenote_category":0},"product_brand":[],"product_cat":[13043,19008],"product_tag":[],"class_list":{"0":"post-703888","1":"product","2":"type-product","3":"status-publish","5":"product_cat-ekonomi","6":"product_cat-yonetim","7":"pa_cilt-ciltli","8":"pa_tur-kitap","9":"pa_yayinevi-domingo-yayinevi","10":"pa_yazar-edmund-conway","12":"first","13":"instock","14":"sale","15":"shipping-taxable","16":"purchasable","17":"product-type-simple"},"_links":{"self":[{"href":"https:\/\/roveyayinevi.com.tr\/index.php\/wp-json\/wp\/v2\/product\/703888","targetHints":{"allow":["GET"]}}],"collection":[{"href":"https:\/\/roveyayinevi.com.tr\/index.php\/wp-json\/wp\/v2\/product"}],"about":[{"href":"https:\/\/roveyayinevi.com.tr\/index.php\/wp-json\/wp\/v2\/types\/product"}],"wp:attachment":[{"href":"https:\/\/roveyayinevi.com.tr\/index.php\/wp-json\/wp\/v2\/media?parent=703888"}],"wp:term":[{"taxonomy":"product_brand","embeddable":true,"href":"https:\/\/roveyayinevi.com.tr\/index.php\/wp-json\/wp\/v2\/product_brand?post=703888"},{"taxonomy":"product_cat","embeddable":true,"href":"https:\/\/roveyayinevi.com.tr\/index.php\/wp-json\/wp\/v2\/product_cat?post=703888"},{"taxonomy":"product_tag","embeddable":true,"href":"https:\/\/roveyayinevi.com.tr\/index.php\/wp-json\/wp\/v2\/product_tag?post=703888"}],"curies":[{"name":"wp","href":"https:\/\/api.w.org\/{rel}","templated":true}]}}