{"id":703882,"date":"2025-08-27T15:30:00","date_gmt":"2025-08-27T12:30:00","guid":{"rendered":"https:\/\/roveyayinevi.com.tr\/index.php\/urun\/cocuk-davamiz\/"},"modified":"2026-04-16T02:13:02","modified_gmt":"2026-04-15T23:13:02","slug":"cocuk-davamiz","status":"publish","type":"product","link":"https:\/\/roveyayinevi.com.tr\/index.php\/urun\/cocuk-davamiz\/","title":{"rendered":"\u00c7ocuk Davam\u0131z"},"content":{"rendered":"<p>\u201cCihan Harbinde muhtelif cephelerdeki yard\u0131mlar\u0131m daha geni\u015f \u00f6l\u00e7\u00fcde oldu. \u00c7\u00fcnk\u00fc harp sahalar\u0131nda \u00e7abuk ve b\u00fcy\u00fck komuta mevkilerine ge\u00e7mi\u015ftim. Her gitti\u011fim yerde mektepleri dahi dola\u015fmak ve bak\u0131ms\u0131z \u00e7ocuklara m\u00fcmk\u00fcn olan yard\u0131m\u0131 temin etmekten b\u00fcy\u00fck haz duyuyordum. Suret-i umumiyede \u00e7ocuk toplulu\u011fu mekteplerimizin s\u0131hhi durumlar\u0131 ile ve hele ia\u015feleriyle yak\u0131ndan ilgilendiyordum. Yer yer vilayetlerin a\u00e7t\u0131\u011f\u0131 yetim yurtlar\u0131n\u0131 ziyaretle yiyecek hususundaki eksikliklerine ordumdan yard\u0131m ettiriyordum. Diyarbak\u0131r, Tekirda\u011f, Erzurum yetim yurtlar\u0131n\u0131 burada sayabilirim. <\/p>\n","protected":false},"excerpt":{"rendered":"<p>\u201cCihan Harbinde muhtelif cephelerdeki yard\u0131mlar\u0131m daha geni\u015f \u00f6l\u00e7\u00fcde oldu. \u00c7\u00fcnk\u00fc harp sahalar\u0131nda \u00e7abuk ve b\u00fcy\u00fck komuta mevkilerine ge\u00e7mi\u015ftim. Her gitti\u011fim yerde mektepleri dahi dola\u015fmak ve bak\u0131ms\u0131z<span class=\"excerpt-hellip\"> [\u2026]<\/span><\/p>\n","protected":false},"featured_media":0,"template":"","meta":{"_monsterinsights_skip_tracking":false,"_monsterinsights_sitenote_active":false,"_monsterinsights_sitenote_note":"","_monsterinsights_sitenote_category":0},"product_brand":[],"product_cat":[13590,12337],"product_tag":[],"class_list":{"0":"post-703882","1":"product","2":"type-product","3":"status-publish","5":"product_cat-arastirma-inceleme-politika-siyaset","6":"product_cat-politika-siyaset","7":"pa_cilt-ciltsiz","8":"pa_tur-kitap","9":"pa_yayinevi-yapi-kredi-yayinlari","10":"pa_yazar-kazim-karabekir","12":"first","13":"instock","14":"sale","15":"shipping-taxable","16":"purchasable","17":"product-type-simple"},"_links":{"self":[{"href":"https:\/\/roveyayinevi.com.tr\/index.php\/wp-json\/wp\/v2\/product\/703882","targetHints":{"allow":["GET"]}}],"collection":[{"href":"https:\/\/roveyayinevi.com.tr\/index.php\/wp-json\/wp\/v2\/product"}],"about":[{"href":"https:\/\/roveyayinevi.com.tr\/index.php\/wp-json\/wp\/v2\/types\/product"}],"wp:attachment":[{"href":"https:\/\/roveyayinevi.com.tr\/index.php\/wp-json\/wp\/v2\/media?parent=703882"}],"wp:term":[{"taxonomy":"product_brand","embeddable":true,"href":"https:\/\/roveyayinevi.com.tr\/index.php\/wp-json\/wp\/v2\/product_brand?post=703882"},{"taxonomy":"product_cat","embeddable":true,"href":"https:\/\/roveyayinevi.com.tr\/index.php\/wp-json\/wp\/v2\/product_cat?post=703882"},{"taxonomy":"product_tag","embeddable":true,"href":"https:\/\/roveyayinevi.com.tr\/index.php\/wp-json\/wp\/v2\/product_tag?post=703882"}],"curies":[{"name":"wp","href":"https:\/\/api.w.org\/{rel}","templated":true}]}}