{"id":703881,"date":"2025-08-27T15:30:00","date_gmt":"2025-08-27T12:30:00","guid":{"rendered":"https:\/\/roveyayinevi.com.tr\/index.php\/urun\/shakespearein-titremesi-orwellin-oksurugu\/"},"modified":"2026-04-16T02:13:02","modified_gmt":"2026-04-15T23:13:02","slug":"shakespearein-titremesi-orwellin-oksurugu","status":"publish","type":"product","link":"https:\/\/roveyayinevi.com.tr\/index.php\/urun\/shakespearein-titremesi-orwellin-oksurugu\/","title":{"rendered":"Shakespeare\u2019in Titremesi Orwell\u2019in \u00d6ks\u00fcr\u00fc\u011f\u00fc"},"content":{"rendered":"<p>Jack London\u2019\u0131n ini\u015fli \u00e7\u0131k\u0131\u015fl\u0131 hayat\u0131, Swift\u2019in saplant\u0131l\u0131 temizlik d\u00fc\u015fk\u00fcnl\u00fc\u011f\u00fc, Joyce\u2019un say\u0131s\u0131z g\u00f6z ameliyat\u0131&#8230; \ufffcTan\u0131t\u0131m Metni<\/p>\n","protected":false},"excerpt":{"rendered":"<p>Jack London\u2019\u0131n ini\u015fli \u00e7\u0131k\u0131\u015fl\u0131 hayat\u0131, Swift\u2019in saplant\u0131l\u0131 temizlik d\u00fc\u015fk\u00fcnl\u00fc\u011f\u00fc, Joyce\u2019un say\u0131s\u0131z g\u00f6z ameliyat\u0131&#8230; \ufffcTan\u0131t\u0131m Metni<\/p>\n","protected":false},"featured_media":0,"template":"","meta":{"_monsterinsights_skip_tracking":false,"_monsterinsights_sitenote_active":false,"_monsterinsights_sitenote_note":"","_monsterinsights_sitenote_category":0},"product_brand":[],"product_cat":[13590,12337],"product_tag":[],"class_list":{"0":"post-703881","1":"product","2":"type-product","3":"status-publish","5":"product_cat-arastirma-inceleme-politika-siyaset","6":"product_cat-politika-siyaset","7":"pa_cilt-ciltsiz","8":"pa_tur-kitap","9":"pa_yayinevi-yapi-kredi-yayinlari","10":"pa_yazar-john-j-ross","12":"first","13":"instock","14":"sale","15":"shipping-taxable","16":"purchasable","17":"product-type-simple"},"_links":{"self":[{"href":"https:\/\/roveyayinevi.com.tr\/index.php\/wp-json\/wp\/v2\/product\/703881","targetHints":{"allow":["GET"]}}],"collection":[{"href":"https:\/\/roveyayinevi.com.tr\/index.php\/wp-json\/wp\/v2\/product"}],"about":[{"href":"https:\/\/roveyayinevi.com.tr\/index.php\/wp-json\/wp\/v2\/types\/product"}],"wp:attachment":[{"href":"https:\/\/roveyayinevi.com.tr\/index.php\/wp-json\/wp\/v2\/media?parent=703881"}],"wp:term":[{"taxonomy":"product_brand","embeddable":true,"href":"https:\/\/roveyayinevi.com.tr\/index.php\/wp-json\/wp\/v2\/product_brand?post=703881"},{"taxonomy":"product_cat","embeddable":true,"href":"https:\/\/roveyayinevi.com.tr\/index.php\/wp-json\/wp\/v2\/product_cat?post=703881"},{"taxonomy":"product_tag","embeddable":true,"href":"https:\/\/roveyayinevi.com.tr\/index.php\/wp-json\/wp\/v2\/product_tag?post=703881"}],"curies":[{"name":"wp","href":"https:\/\/api.w.org\/{rel}","templated":true}]}}