{"id":703880,"date":"2025-08-27T15:29:59","date_gmt":"2025-08-27T12:29:59","guid":{"rendered":"https:\/\/roveyayinevi.com.tr\/index.php\/urun\/doctor-who-trenzalore-oykuleri\/"},"modified":"2026-04-11T13:31:23","modified_gmt":"2026-04-11T10:31:23","slug":"doctor-who-trenzalore-oykuleri","status":"publish","type":"product","link":"https:\/\/roveyayinevi.com.tr\/index.php\/urun\/doctor-who-trenzalore-oykuleri\/","title":{"rendered":"Doctor Who: Trenzalore \u00d6yk\u00fcleri"},"content":{"rendered":"<p>\u201cy\u00fczy\u0131llard\u0131r Buraday\u0131m, Bir An Olsun Rahat Vermediler\u2026\u201d\u00d6ng\u00f6r\u00fcld\u00fc\u011f\u00fc \u00fczere, evrenin ordular\u0131 Trenzalore kap\u0131lar\u0131na dayanm\u0131\u015ft\u0131. Gezegenin yerle bir olmas\u0131n\u0131n \u00f6n\u00fcnde tek bir engel vard\u0131: Doktor. Bu pejm\u00fcrde adam, dokuz y\u00fcz y\u0131l boyunca gezegeni ve \u00fczerindeki Noel adl\u0131 ufak kasabay\u0131 k\u00f6t\u00fc niyetli g\u00fc\u00e7lere kar\u015f\u0131 korumu\u015ftu.O korkun\u00e7 y\u0131llarda ya\u015fanan olaylar\u0131n bir k\u0131sm\u0131 kay\u0131tlara ge\u00e7ti. Ancak di\u011fer pek \u00e7ok hik\u00e2ye gizemini korumay\u0131 ba\u015fard\u0131. Ta ki bug\u00fcne dek&#8230;Bu kitapta anlat\u0131lanlar, y\u00fczy\u0131llar boyunca Noel\u2019in ve sakinlerinin y\u00fczle\u015fti\u011fi tehlikeleri savu\u015fturan Doktor\u2019un \u00f6yk\u00fclerinden sadece birka\u00e7\u0131. Bu \u00f6yk\u00fcler, g\u00fcn\u00fcn sonunda dizleri titreyen canavarlar\u0131n ve her \u015feye ra\u011fmen onlara kar\u015f\u0131 duran bir adam\u0131n son an\u0131na kadar nas\u0131l direndi\u011finin \u015fimdilik elimizdeki tek kan\u0131t\u0131. <\/p>\n","protected":false},"excerpt":{"rendered":"<p>\u201cy\u00fczy\u0131llard\u0131r Buraday\u0131m, Bir An Olsun Rahat Vermediler\u2026\u201d\u00d6ng\u00f6r\u00fcld\u00fc\u011f\u00fc \u00fczere, evrenin ordular\u0131 Trenzalore kap\u0131lar\u0131na dayanm\u0131\u015ft\u0131. Gezegenin yerle bir olmas\u0131n\u0131n \u00f6n\u00fcnde tek bir engel vard\u0131: Doktor. Bu pejm\u00fcrde adam,<span class=\"excerpt-hellip\"> [\u2026]<\/span><\/p>\n","protected":false},"featured_media":0,"template":"","meta":{"_monsterinsights_skip_tracking":false,"_monsterinsights_sitenote_active":false,"_monsterinsights_sitenote_note":"","_monsterinsights_sitenote_category":0},"product_brand":[],"product_cat":[12291,12711],"product_tag":[],"class_list":{"0":"post-703880","1":"product","2":"type-product","3":"status-publish","5":"product_cat-edebiyat","6":"product_cat-roman-oyku","7":"pa_cilt-ciltsiz","8":"pa_tur-kitap","9":"pa_yayinevi-ithaki-yayinlari","10":"pa_yazar-j-richards-g-mann-p-finch-m-morris","12":"first","13":"instock","14":"sale","15":"shipping-taxable","16":"purchasable","17":"product-type-simple"},"_links":{"self":[{"href":"https:\/\/roveyayinevi.com.tr\/index.php\/wp-json\/wp\/v2\/product\/703880","targetHints":{"allow":["GET"]}}],"collection":[{"href":"https:\/\/roveyayinevi.com.tr\/index.php\/wp-json\/wp\/v2\/product"}],"about":[{"href":"https:\/\/roveyayinevi.com.tr\/index.php\/wp-json\/wp\/v2\/types\/product"}],"wp:attachment":[{"href":"https:\/\/roveyayinevi.com.tr\/index.php\/wp-json\/wp\/v2\/media?parent=703880"}],"wp:term":[{"taxonomy":"product_brand","embeddable":true,"href":"https:\/\/roveyayinevi.com.tr\/index.php\/wp-json\/wp\/v2\/product_brand?post=703880"},{"taxonomy":"product_cat","embeddable":true,"href":"https:\/\/roveyayinevi.com.tr\/index.php\/wp-json\/wp\/v2\/product_cat?post=703880"},{"taxonomy":"product_tag","embeddable":true,"href":"https:\/\/roveyayinevi.com.tr\/index.php\/wp-json\/wp\/v2\/product_tag?post=703880"}],"curies":[{"name":"wp","href":"https:\/\/api.w.org\/{rel}","templated":true}]}}