{"id":703876,"date":"2025-08-27T15:29:57","date_gmt":"2025-08-27T12:29:57","guid":{"rendered":"https:\/\/roveyayinevi.com.tr\/index.php\/urun\/iste-lao-tse\/"},"modified":"2026-04-16T02:13:01","modified_gmt":"2026-04-15T23:13:01","slug":"iste-lao-tse","status":"publish","type":"product","link":"https:\/\/roveyayinevi.com.tr\/index.php\/urun\/iste-lao-tse\/","title":{"rendered":"\u0130\u015f\u2019te Lao Tse"},"content":{"rendered":"<p>\u0130\u015f d\u00fcnyas\u0131n\u0131n gerilimi, bazen kaosa d\u00f6n\u00fc\u015fen rekabet ve \u00e7at\u0131\u015fmalar\u0131 i\u00e7inde biraz s\u00fckunete, dinginli\u011fe ihtiyac\u0131n\u0131z olmuyor mu? B\u00f6yle anlarda, S\u00fckunet g\u00fc\u00e7t\u00fcr diyen Lao Tse&#8217;ye ba\u015fvurabilirsiniz. Ad\u0131n\u0131n anlam\u0131 Ya\u015fl\u0131 Bilge olan Taoizmin kurucusu bu b\u00fcy\u00fck filozof, do\u011fayla uyum i\u00e7inde olmay\u0131 savunur. Mistik nedenlerden dolay\u0131 81 adet (3x3x3x3) aforizma i\u00e7eren 5 bin kelimelik kitab\u0131 Tao Te Ching, yani Yol ve Erdemler Kitab\u0131 sade ve basit olman\u0131n, hatta bazen hi\u00e7bir \u015fey yapmaman\u0131n ne kadar \u00f6nemli oldu\u011funu anlat\u0131r. Bilgece, \u015fefkatle ve al\u00e7akg\u00f6n\u00fcll\u00fcl\u00fckle davran\u0131l\u0131rsa hayat\u0131n ak\u0131\u015f\u0131n\u0131n, do\u011fal de\u011fi\u015fim-d\u00f6n\u00fc\u015f\u00fcm s\u00fcrecinin bir\u00e7ok sorunu \u00e7\u00f6zece\u011fini vurgular. \ufffcTan\u0131t\u0131m Metni<\/p>\n","protected":false},"excerpt":{"rendered":"<p>\u0130\u015f d\u00fcnyas\u0131n\u0131n gerilimi, bazen kaosa d\u00f6n\u00fc\u015fen rekabet ve \u00e7at\u0131\u015fmalar\u0131 i\u00e7inde biraz s\u00fckunete, dinginli\u011fe ihtiyac\u0131n\u0131z olmuyor mu? B\u00f6yle anlarda, S\u00fckunet g\u00fc\u00e7t\u00fcr diyen Lao Tse&#8217;ye ba\u015fvurabilirsiniz. Ad\u0131n\u0131n anlam\u0131<span class=\"excerpt-hellip\"> [\u2026]<\/span><\/p>\n","protected":false},"featured_media":0,"template":"","meta":{"_monsterinsights_skip_tracking":false,"_monsterinsights_sitenote_active":false,"_monsterinsights_sitenote_note":"","_monsterinsights_sitenote_category":0},"product_brand":[],"product_cat":[13043,19008],"product_tag":[],"class_list":{"0":"post-703876","1":"product","2":"type-product","3":"status-publish","5":"product_cat-ekonomi","6":"product_cat-yonetim","7":"pa_tur-kitap","8":"pa_yayinevi-kuraldisi-yayinevi","9":"pa_yazar-werner-schwanfelder","11":"first","12":"instock","13":"sale","14":"shipping-taxable","15":"purchasable","16":"product-type-simple"},"_links":{"self":[{"href":"https:\/\/roveyayinevi.com.tr\/index.php\/wp-json\/wp\/v2\/product\/703876","targetHints":{"allow":["GET"]}}],"collection":[{"href":"https:\/\/roveyayinevi.com.tr\/index.php\/wp-json\/wp\/v2\/product"}],"about":[{"href":"https:\/\/roveyayinevi.com.tr\/index.php\/wp-json\/wp\/v2\/types\/product"}],"wp:attachment":[{"href":"https:\/\/roveyayinevi.com.tr\/index.php\/wp-json\/wp\/v2\/media?parent=703876"}],"wp:term":[{"taxonomy":"product_brand","embeddable":true,"href":"https:\/\/roveyayinevi.com.tr\/index.php\/wp-json\/wp\/v2\/product_brand?post=703876"},{"taxonomy":"product_cat","embeddable":true,"href":"https:\/\/roveyayinevi.com.tr\/index.php\/wp-json\/wp\/v2\/product_cat?post=703876"},{"taxonomy":"product_tag","embeddable":true,"href":"https:\/\/roveyayinevi.com.tr\/index.php\/wp-json\/wp\/v2\/product_tag?post=703876"}],"curies":[{"name":"wp","href":"https:\/\/api.w.org\/{rel}","templated":true}]}}