{"id":703874,"date":"2025-08-27T15:29:57","date_gmt":"2025-08-27T12:29:57","guid":{"rendered":"https:\/\/roveyayinevi.com.tr\/index.php\/urun\/hizli-ve-yavas-dusunme\/"},"modified":"2026-04-16T02:13:01","modified_gmt":"2026-04-15T23:13:01","slug":"hizli-ve-yavas-dusunme","status":"publish","type":"product","link":"https:\/\/roveyayinevi.com.tr\/index.php\/urun\/hizli-ve-yavas-dusunme\/","title":{"rendered":"H\u0131zl\u0131 ve Yava\u015f D\u00fc\u015f\u00fcnme"},"content":{"rendered":"<p>Rasyonel yarg\u0131 ve karar al\u0131m\u0131n\u0131 sorgulayan ufuk a\u00e7\u0131c\u0131 psikoloji \u00e7al\u0131\u015fmas\u0131yla 2002 Nobel Ekonomi \u00d6d\u00fcl\u00fc\u2019ne lay\u0131k g\u00f6r\u00fclen Daniel Kahneman, \u00e7a\u011f\u0131m\u0131z\u0131n en \u00f6nemli d\u00fc\u015f\u00fcn\u00fcrleri aras\u0131nda yer al\u0131yor. Fikirleriyle ekonomi, t\u0131p ve siyaset dahil, pek \u00e7ok alan\u0131 etkilemi\u015f olan yazar, bu kitapta y\u0131llard\u0131r s\u00fcrd\u00fcrd\u00fc\u011f\u00fc ara\u015ft\u0131rmalar\u0131n sonu\u00e7lar\u0131n\u0131 bir araya getiriyor. Okuyucuyla canl\u0131 bir sohbete giren yazar, sezgimize ne zaman g\u00fcvenip g\u00fcvenmeyece\u011fimizi ve yava\u015f d\u00fc\u015f\u00fcnmenin ne zaman daha iyi olaca\u011f\u0131n\u0131 \u00f6\u011fretiyor. \u0130\u015f ve \u00f6zel ya\u015fam\u0131m\u0131zda se\u00e7imlerimizi nas\u0131l yapt\u0131\u011f\u0131m\u0131z\u0131 ve ba\u015f\u0131m\u0131za s\u0131k s\u0131k dert a\u00e7an zihinsel hatalardan korunman\u0131n farkl\u0131 tekniklerini nas\u0131l kullanaca\u011f\u0131m\u0131z\u0131 g\u00f6steriyor. H\u0131zl\u0131 ve Yava\u015f D\u00fc\u015f\u00fcnme, d\u00fc\u015f\u00fcnmeyle ilgili d\u00fc\u015f\u00fcncelerinizi sonsuza dek de\u011fi\u015ftirecek. \ufffcTan\u0131t\u0131m Metni<\/p>\n","protected":false},"excerpt":{"rendered":"<p>Rasyonel yarg\u0131 ve karar al\u0131m\u0131n\u0131 sorgulayan ufuk a\u00e7\u0131c\u0131 psikoloji \u00e7al\u0131\u015fmas\u0131yla 2002 Nobel Ekonomi \u00d6d\u00fcl\u00fc\u2019ne lay\u0131k g\u00f6r\u00fclen Daniel Kahneman, \u00e7a\u011f\u0131m\u0131z\u0131n en \u00f6nemli d\u00fc\u015f\u00fcn\u00fcrleri aras\u0131nda yer al\u0131yor. Fikirleriyle<span class=\"excerpt-hellip\"> [\u2026]<\/span><\/p>\n","protected":false},"featured_media":0,"template":"","meta":{"_monsterinsights_skip_tracking":false,"_monsterinsights_sitenote_active":false,"_monsterinsights_sitenote_note":"","_monsterinsights_sitenote_category":0},"product_brand":[],"product_cat":[20502,12357],"product_tag":[],"class_list":{"0":"post-703874","1":"product","2":"type-product","3":"status-publish","5":"product_cat-basvuru-kitaplari-psikoloji","6":"product_cat-psikoloji","7":"pa_cilt-ciltsiz","8":"pa_tur-kitap","9":"pa_yayinevi-varlik-yayinlari","10":"pa_yazar-daniel-kahneman","12":"first","13":"instock","14":"sale","15":"shipping-taxable","16":"purchasable","17":"product-type-simple"},"_links":{"self":[{"href":"https:\/\/roveyayinevi.com.tr\/index.php\/wp-json\/wp\/v2\/product\/703874","targetHints":{"allow":["GET"]}}],"collection":[{"href":"https:\/\/roveyayinevi.com.tr\/index.php\/wp-json\/wp\/v2\/product"}],"about":[{"href":"https:\/\/roveyayinevi.com.tr\/index.php\/wp-json\/wp\/v2\/types\/product"}],"wp:attachment":[{"href":"https:\/\/roveyayinevi.com.tr\/index.php\/wp-json\/wp\/v2\/media?parent=703874"}],"wp:term":[{"taxonomy":"product_brand","embeddable":true,"href":"https:\/\/roveyayinevi.com.tr\/index.php\/wp-json\/wp\/v2\/product_brand?post=703874"},{"taxonomy":"product_cat","embeddable":true,"href":"https:\/\/roveyayinevi.com.tr\/index.php\/wp-json\/wp\/v2\/product_cat?post=703874"},{"taxonomy":"product_tag","embeddable":true,"href":"https:\/\/roveyayinevi.com.tr\/index.php\/wp-json\/wp\/v2\/product_tag?post=703874"}],"curies":[{"name":"wp","href":"https:\/\/api.w.org\/{rel}","templated":true}]}}