{"id":703871,"date":"2025-08-27T15:29:55","date_gmt":"2025-08-27T12:29:55","guid":{"rendered":"https:\/\/roveyayinevi.com.tr\/index.php\/urun\/labirent\/"},"modified":"2026-04-16T02:13:01","modified_gmt":"2026-04-15T23:13:01","slug":"labirent","status":"publish","type":"product","link":"https:\/\/roveyayinevi.com.tr\/index.php\/urun\/labirent\/","title":{"rendered":"Labirent"},"content":{"rendered":"<p>\u015eenay Seba, i\u00e7ten ve kararl\u0131 c\u00fcmleleriyle, basmakal\u0131p fikirlerin \u00f6n\u00fcnde y\u0131llanm\u0131\u015f bir kap\u0131 gibi duruyor: \u00c7ocuklar, yeti\u015fkinlerin \u0131srarc\u0131 r\u00fczg\u00e2r\u0131yla olu\u015fan ak\u0131nt\u0131da s\u00fcr\u00fcklenecek bal\u0131klar de\u011fildir; onlar yava\u015f ama istedi\u011fi y\u00f6ne y\u00fczen bal\u0131klar olmal\u0131d\u0131rlar. Heyecan\u0131n hep dorukta tutuldu\u011fu, bir \u00e7ocu\u011fun hayal g\u00fcc\u00fcn\u00fcn g\u00f6t\u00fcrd\u00fc\u011f\u00fc yere giden bu \u00e7al\u0131\u015fma, yetimhane ya\u015fam\u0131n\u0131n bar\u0131nd\u0131rd\u0131\u011f\u0131 hisleri de t\u00fcm samimiyetiyle \u00f6n\u00fcm\u00fcze seriyor. Yetimhanelerde reng\u00e2renk kap\u0131lar a\u00e7an g\u00f6revlilerin \u00e7o\u011falmas\u0131 umuduyla.  Yasak katta kilitli bir kap\u0131\u2026 Ard\u0131nda b\u00fcy\u00fck bir gizem oldu\u011funu d\u00fc\u015f\u00fcn\u00fcyorsan\u0131z onu g\u00f6rmezden gelebilir misiniz? Emir, g\u00fczel a\u011fa\u00e7lar ve kat\u0131 kurallarla \u00e7evrelenmi\u015f bir yetimhanede ya\u015famaktad\u0131r. Burada her g\u00fcn bir sonrakiyle ayn\u0131d\u0131r. Arkada\u015flarla oynanan sessiz oyunlar, temizlik saatleri, otomatik davran\u0131\u015flar ve uyku\u2026 \u00dcstelik g\u00f6z\u00fcn\u00fcz\u00fcn i\u00e7ine i\u00e7ine bakan \u015f\u00fcpheci n\u00f6bet\u00e7iler ve size nas\u0131l d\u00fc\u015f\u00fcnmeniz gerekti\u011fini s\u00f6yleyenlerle bezenmi\u015f koridorlar da var. Ama bu koridorlardan biri, \u00e7ocuksu d\u00fc\u015flere ho\u015f geldin diyen pasl\u0131 bir kap\u0131ya \u00e7\u0131k\u0131yor. Bu kilitli kap\u0131 herkesin dilinde fakat i\u00e7lerinden yaln\u0131zca Emir cesaretini topluyor ve kap\u0131n\u0131n s\u0131rr\u0131n\u0131 \u00e7\u00f6zmek i\u00e7in ad\u0131m at\u0131yor. \u0130lk denemesinde aya\u011f\u0131n\u0131 k\u0131r\u0131nca d\u00fc\u015f\u00fcnmek i\u00e7in epey vakti oluyor. Kap\u0131y\u0131 akl\u0131yla a\u00e7\u0131p bitmeyen hayallere dal\u0131yor tabii, hem de ne hayaller\u2026 Ne de olsa hayallerin a\u00e7amad\u0131\u011f\u0131 kap\u0131 yoktur! B\u00f6ylece Emir, o kap\u0131yla yeniden g\u00f6z g\u00f6ze gelmek i\u00e7in kollar\u0131 s\u0131v\u0131yor. Kim bilir belki bu sefer Efe ve Dilara da ona e\u015flik eder. Sonras\u0131 m\u0131? Kitab\u0131m\u0131z\u0131n kap\u0131s\u0131 sizin i\u00e7in sonuna kadar a\u00e7\u0131k, buyurmaz m\u0131s\u0131n\u0131z? <\/p>\n","protected":false},"excerpt":{"rendered":"<p>\u015eenay Seba, i\u00e7ten ve kararl\u0131 c\u00fcmleleriyle, basmakal\u0131p fikirlerin \u00f6n\u00fcnde y\u0131llanm\u0131\u015f bir kap\u0131 gibi duruyor: \u00c7ocuklar, yeti\u015fkinlerin \u0131srarc\u0131 r\u00fczg\u00e2r\u0131yla olu\u015fan ak\u0131nt\u0131da s\u00fcr\u00fcklenecek bal\u0131klar de\u011fildir; onlar yava\u015f ama<span class=\"excerpt-hellip\"> [\u2026]<\/span><\/p>\n","protected":false},"featured_media":0,"template":"","meta":{"_monsterinsights_skip_tracking":false,"_monsterinsights_sitenote_active":false,"_monsterinsights_sitenote_note":"","_monsterinsights_sitenote_category":0},"product_brand":[],"product_cat":[12291,12711],"product_tag":[],"class_list":{"0":"post-703871","1":"product","2":"type-product","3":"status-publish","5":"product_cat-edebiyat","6":"product_cat-roman-oyku","7":"pa_cilt-ciltsiz","8":"pa_tur-kitap","9":"pa_yayinevi-elma-yayinevi","10":"pa_yazar-senay-seba","12":"first","13":"instock","14":"sale","15":"shipping-taxable","16":"purchasable","17":"product-type-simple"},"_links":{"self":[{"href":"https:\/\/roveyayinevi.com.tr\/index.php\/wp-json\/wp\/v2\/product\/703871","targetHints":{"allow":["GET"]}}],"collection":[{"href":"https:\/\/roveyayinevi.com.tr\/index.php\/wp-json\/wp\/v2\/product"}],"about":[{"href":"https:\/\/roveyayinevi.com.tr\/index.php\/wp-json\/wp\/v2\/types\/product"}],"wp:attachment":[{"href":"https:\/\/roveyayinevi.com.tr\/index.php\/wp-json\/wp\/v2\/media?parent=703871"}],"wp:term":[{"taxonomy":"product_brand","embeddable":true,"href":"https:\/\/roveyayinevi.com.tr\/index.php\/wp-json\/wp\/v2\/product_brand?post=703871"},{"taxonomy":"product_cat","embeddable":true,"href":"https:\/\/roveyayinevi.com.tr\/index.php\/wp-json\/wp\/v2\/product_cat?post=703871"},{"taxonomy":"product_tag","embeddable":true,"href":"https:\/\/roveyayinevi.com.tr\/index.php\/wp-json\/wp\/v2\/product_tag?post=703871"}],"curies":[{"name":"wp","href":"https:\/\/api.w.org\/{rel}","templated":true}]}}