{"id":703868,"date":"2025-08-27T15:29:54","date_gmt":"2025-08-27T12:29:54","guid":{"rendered":"https:\/\/roveyayinevi.com.tr\/index.php\/urun\/piyano-icin-prelud-balat-ve-nokturnler\/"},"modified":"2026-04-16T02:13:01","modified_gmt":"2026-04-15T23:13:01","slug":"piyano-icin-prelud-balat-ve-nokturnler","status":"publish","type":"product","link":"https:\/\/roveyayinevi.com.tr\/index.php\/urun\/piyano-icin-prelud-balat-ve-nokturnler\/","title":{"rendered":"Piyano \u0130\u00e7in Prel\u00fcd, Balat Ve Nokt\u00fcrnler"},"content":{"rendered":"<p>Bu kitab\u0131n i\u00e7erisindeki eserler, daha yirmili ya\u015flar\u0131nda gen\u00e7 bir piyanist olan Derya Kavuncu\u2019ya ait olmakla birlikte eserlerin olgunlu\u011fu, bestecinin ya\u015f\u0131 ile bir tezat olu\u015fturmaktad\u0131r. Ancak kitab\u0131n as\u0131l ilgi \u00e7ekici olmas\u0131n\u0131 sa\u011flayan etmen de budur. Bu \u00e7al\u0131\u015fman\u0131n ortaya \u00e7\u0131kmas\u0131nda ilk k\u0131v\u0131lc\u0131m\u0131 \u00e7akan bilgisayar yaz\u0131l\u0131mc\u0131s\u0131 ve m\u00fczisyen Say\u0131n Ersen \u00d6zpirin\u00e7ci beni arayarak 21 ya\u015f\u0131nda bir gencin piyano i\u00e7in yazd\u0131\u011f\u0131 prel\u00fcd, balat ve nokt\u00fcrnler oldu\u011funu, bu eserleri \u00e7alacak bir piyanist arad\u0131klar\u0131n\u0131 ve kay\u0131t yapmak istediklerini s\u00f6ylediklerinde i\u015fin asl\u0131 pek de \u00f6nemsememi\u015ftim. <\/p>\n","protected":false},"excerpt":{"rendered":"<p>Bu kitab\u0131n i\u00e7erisindeki eserler, daha yirmili ya\u015flar\u0131nda gen\u00e7 bir piyanist olan Derya Kavuncu\u2019ya ait olmakla birlikte eserlerin olgunlu\u011fu, bestecinin ya\u015f\u0131 ile bir tezat olu\u015fturmaktad\u0131r. Ancak kitab\u0131n<span class=\"excerpt-hellip\"> [\u2026]<\/span><\/p>\n","protected":false},"featured_media":0,"template":"","meta":{"_monsterinsights_skip_tracking":false,"_monsterinsights_sitenote_active":false,"_monsterinsights_sitenote_note":"","_monsterinsights_sitenote_category":0},"product_brand":[],"product_cat":[14591,14556],"product_tag":[],"class_list":{"0":"post-703868","1":"product","2":"type-product","3":"status-publish","5":"product_cat-genel-kavramlar-kuram-ve-tarihce","6":"product_cat-muzik","7":"pa_tur-kitap","8":"pa_yayinevi-muzik-egitimi-yayinlari","9":"pa_yazar-derya-kavuncu","11":"first","12":"instock","13":"sale","14":"shipping-taxable","15":"purchasable","16":"product-type-simple"},"_links":{"self":[{"href":"https:\/\/roveyayinevi.com.tr\/index.php\/wp-json\/wp\/v2\/product\/703868","targetHints":{"allow":["GET"]}}],"collection":[{"href":"https:\/\/roveyayinevi.com.tr\/index.php\/wp-json\/wp\/v2\/product"}],"about":[{"href":"https:\/\/roveyayinevi.com.tr\/index.php\/wp-json\/wp\/v2\/types\/product"}],"wp:attachment":[{"href":"https:\/\/roveyayinevi.com.tr\/index.php\/wp-json\/wp\/v2\/media?parent=703868"}],"wp:term":[{"taxonomy":"product_brand","embeddable":true,"href":"https:\/\/roveyayinevi.com.tr\/index.php\/wp-json\/wp\/v2\/product_brand?post=703868"},{"taxonomy":"product_cat","embeddable":true,"href":"https:\/\/roveyayinevi.com.tr\/index.php\/wp-json\/wp\/v2\/product_cat?post=703868"},{"taxonomy":"product_tag","embeddable":true,"href":"https:\/\/roveyayinevi.com.tr\/index.php\/wp-json\/wp\/v2\/product_tag?post=703868"}],"curies":[{"name":"wp","href":"https:\/\/api.w.org\/{rel}","templated":true}]}}