{"id":703867,"date":"2025-08-27T15:29:54","date_gmt":"2025-08-27T12:29:54","guid":{"rendered":"https:\/\/roveyayinevi.com.tr\/index.php\/urun\/piyano-icin-diziler-kadanslar-ve-arpejler\/"},"modified":"2026-04-16T02:13:01","modified_gmt":"2026-04-15T23:13:01","slug":"piyano-icin-diziler-kadanslar-ve-arpejler","status":"publish","type":"product","link":"https:\/\/roveyayinevi.com.tr\/index.php\/urun\/piyano-icin-diziler-kadanslar-ve-arpejler\/","title":{"rendered":"Piyano \u0130\u00e7in Diziler, Kadanslar ve Arpejler"},"content":{"rendered":"<p>Bu kitap her d\u00fczeyde piyano \u00e7alan \u00f6\u011frenci ve \u00f6\u011fretmenler i\u00e7in haz\u0131rlanm\u0131\u015f bir teknik \u00e7al\u0131\u015fmalar kitab\u0131d\u0131r. Bu bak\u0131mdan hem \u00f6zel ders, hem de mesleki piyano e\u011fitimi veren \u00f6\u011fretmenler i\u00e7in kulland\u0131klar\u0131 di\u011fer kitap\/metot eser vb. materyallerin yan\u0131nda yararlanabilecekleri ikinci bir ba\u015fucu kitab\u0131 niteli\u011fi ta\u015f\u0131maktad\u0131r. Ba\u015fka bir ifadeyle, piyano \u00e7alan herkesin elinin alt\u0131nda bulundurmas\u0131 gereken \u00f6nemli bir kitapt\u0131r. \ufffcTan\u0131t\u0131m Metni<\/p>\n","protected":false},"excerpt":{"rendered":"<p>Bu kitap her d\u00fczeyde piyano \u00e7alan \u00f6\u011frenci ve \u00f6\u011fretmenler i\u00e7in haz\u0131rlanm\u0131\u015f bir teknik \u00e7al\u0131\u015fmalar kitab\u0131d\u0131r. Bu bak\u0131mdan hem \u00f6zel ders, hem de mesleki piyano e\u011fitimi veren<span class=\"excerpt-hellip\"> [\u2026]<\/span><\/p>\n","protected":false},"featured_media":0,"template":"","meta":{"_monsterinsights_skip_tracking":false,"_monsterinsights_sitenote_active":false,"_monsterinsights_sitenote_note":"","_monsterinsights_sitenote_category":0},"product_brand":[],"product_cat":[14591,14556],"product_tag":[],"class_list":{"0":"post-703867","1":"product","2":"type-product","3":"status-publish","5":"product_cat-genel-kavramlar-kuram-ve-tarihce","6":"product_cat-muzik","7":"pa_cilt-ciltsiz","8":"pa_tur-kitap","9":"pa_yayinevi-muzik-egitimi-yayinlari","10":"pa_yazar-suleyman-tarman","12":"first","13":"instock","14":"sale","15":"shipping-taxable","16":"purchasable","17":"product-type-simple"},"_links":{"self":[{"href":"https:\/\/roveyayinevi.com.tr\/index.php\/wp-json\/wp\/v2\/product\/703867","targetHints":{"allow":["GET"]}}],"collection":[{"href":"https:\/\/roveyayinevi.com.tr\/index.php\/wp-json\/wp\/v2\/product"}],"about":[{"href":"https:\/\/roveyayinevi.com.tr\/index.php\/wp-json\/wp\/v2\/types\/product"}],"wp:attachment":[{"href":"https:\/\/roveyayinevi.com.tr\/index.php\/wp-json\/wp\/v2\/media?parent=703867"}],"wp:term":[{"taxonomy":"product_brand","embeddable":true,"href":"https:\/\/roveyayinevi.com.tr\/index.php\/wp-json\/wp\/v2\/product_brand?post=703867"},{"taxonomy":"product_cat","embeddable":true,"href":"https:\/\/roveyayinevi.com.tr\/index.php\/wp-json\/wp\/v2\/product_cat?post=703867"},{"taxonomy":"product_tag","embeddable":true,"href":"https:\/\/roveyayinevi.com.tr\/index.php\/wp-json\/wp\/v2\/product_tag?post=703867"}],"curies":[{"name":"wp","href":"https:\/\/api.w.org\/{rel}","templated":true}]}}