{"id":703866,"date":"2025-08-27T15:29:54","date_gmt":"2025-08-27T12:29:54","guid":{"rendered":"https:\/\/roveyayinevi.com.tr\/index.php\/urun\/ermenistan\/"},"modified":"2026-04-16T02:13:01","modified_gmt":"2026-04-15T23:13:01","slug":"ermenistan","status":"publish","type":"product","link":"https:\/\/roveyayinevi.com.tr\/index.php\/urun\/ermenistan\/","title":{"rendered":"Ermenistan"},"content":{"rendered":"<p>1-1915 y\u0131l\u0131 Ermeni Tehciri 2-Uluslararas\u0131 hukuk a\u00e7\u0131s\u0131ndan Soyk\u0131r\u0131m su\u00e7u ve 1915-1916 Ermeni olaylar\u0131 3-Ermeni Sorununun k\u00f6kenleri ve XIX.Y\u00fczy\u0131l\u0131n ikinci yar\u0131s\u0131nda k\u00fcrt-ermeni siyasal ve toplumsal ili\u015fkileri 4-XIX Y\u00fczy\u0131l Osmanl\u0131 ve Ermeni Modernle\u015fmesinin Kar\u015f\u0131la\u015ft\u0131rmal\u0131 Analizi 5-Konstr\u00fcktivist Yakla\u015f\u0131m \u00c7er\u00e7evesinde Ermeni Kimli\u011finin in\u015fas\u0131 ve Ermenista D\u0131\u015f Politikas\u0131na Yans\u0131malar\u0131 5-Sovyetler Birli\u011finin Da\u011f\u0131lmas\u0131ndan G\u00fcn\u00fcm\u00fcze kadar Ermenistan \u0131n demokratikle\u015fme \u00e7abalar\u0131 6-Ermenistan \u0131n ekonomik yap\u0131s\u0131 ve bu yap\u0131n\u0131n b\u00f6lgedeki jeopolitik dengeler i\u00e7in \u00f6nemi 7-Uluslararas\u0131 ili\u015fkilerde realist yakla\u015f\u0131m ve Ermenistan \u0131n ulusal g\u00fc\u00e7 bile\u015fenlerinin analizi 8-T\u00fcrkiyenin Ermenistan politikas\u0131n\u0131 etkileyen fakt\u00f6rler ve Analizi 9-Bir yap\u0131s\u00f6k\u00fcm Denemesi ;Bir Ermenistan D\u0131\u015f politikas\u0131nda t\u00fcrkiye 10-T\u00fcrkiyede T\u00fcrk Ermeni ili\u015fkilerine dair kolektif belleklerin ku\u015faklararas\u0131 aktar\u0131m\u0131 11-T\u00fcrkiye-Ermenistan ili\u015fkilerinde Ermeni Diasporas\u0131 ve Ermeni devleti\/Halk\u0131 \u00d6zelinde muhatab\u0131 belirleme sorunsal\u0131 12-H\u00fck\u00fcmet d\u0131\u015f\u0131 kurulu\u015flar\u0131n 1915 olaylar\u0131na yakla\u015f\u0131mlar\u0131 13-Ermeni Anma G\u00fcn\u00fc konu\u015fmalar\u0131 \u0131\u015f\u0131\u011f\u0131nda ABD Nin 1915 olaylar\u0131na yakla\u015f\u0131m\u0131 ve analizi 2001-2014 14-Uti Possidetis (juris) ilkesi ve da\u011fl\u0131k karaba\u011f sorunu 15-\u0130kid devlet bir milletten stratejik ortakl\u0131\u011fa ; Ermenistan protokollerinin T\u00fcrkiye &#8211; Azerbaycan \u0130li\u015fkilerine etkileri 16-Anla\u015fmalar\u0131n Yorumlanmas\u0131 ve Ermenistan Anayasa mahkemesinin T\u00fcrkiye-Ermenistan protokol karar\u0131 17-Rusya-Ermenistan ili\u015fkileri ve Rusyadaki ermeni diasporas\u0131 18-Ermeni Komitac\u0131l\u0131k faaliyetlerinde k\u0131br\u0131s adas\u0131n\u0131n yeri ve osmanl\u0131 n\u0131n toprak b\u00fct\u00fcnl\u00fc\u011f\u00fcne tesirleri 19-L\u00fcbnan ermenileri ; Tarihi, l\u00fcbnan daki konumu ve t\u00fcrkiyedeki bak\u0131\u015flar\u0131 <\/p>\n","protected":false},"excerpt":{"rendered":"<p>1-1915 y\u0131l\u0131 Ermeni Tehciri 2-Uluslararas\u0131 hukuk a\u00e7\u0131s\u0131ndan Soyk\u0131r\u0131m su\u00e7u ve 1915-1916 Ermeni olaylar\u0131 3-Ermeni Sorununun k\u00f6kenleri ve XIX.Y\u00fczy\u0131l\u0131n ikinci yar\u0131s\u0131nda k\u00fcrt-ermeni siyasal ve toplumsal ili\u015fkileri 4-XIX<span class=\"excerpt-hellip\"> [\u2026]<\/span><\/p>\n","protected":false},"featured_media":0,"template":"","meta":{"_monsterinsights_skip_tracking":false,"_monsterinsights_sitenote_active":false,"_monsterinsights_sitenote_note":"","_monsterinsights_sitenote_category":0},"product_brand":[],"product_cat":[12573,12566],"product_tag":[],"class_list":{"0":"post-703866","1":"product","2":"type-product","3":"status-publish","5":"product_cat-akademik-kitaplar","6":"product_cat-egitim","7":"pa_cilt-ciltsiz","8":"pa_tur-kitap","9":"pa_yayinevi-gazi-kitabevi","10":"pa_yazar-kolektif","12":"first","13":"instock","14":"sale","15":"shipping-taxable","16":"purchasable","17":"product-type-simple"},"_links":{"self":[{"href":"https:\/\/roveyayinevi.com.tr\/index.php\/wp-json\/wp\/v2\/product\/703866","targetHints":{"allow":["GET"]}}],"collection":[{"href":"https:\/\/roveyayinevi.com.tr\/index.php\/wp-json\/wp\/v2\/product"}],"about":[{"href":"https:\/\/roveyayinevi.com.tr\/index.php\/wp-json\/wp\/v2\/types\/product"}],"wp:attachment":[{"href":"https:\/\/roveyayinevi.com.tr\/index.php\/wp-json\/wp\/v2\/media?parent=703866"}],"wp:term":[{"taxonomy":"product_brand","embeddable":true,"href":"https:\/\/roveyayinevi.com.tr\/index.php\/wp-json\/wp\/v2\/product_brand?post=703866"},{"taxonomy":"product_cat","embeddable":true,"href":"https:\/\/roveyayinevi.com.tr\/index.php\/wp-json\/wp\/v2\/product_cat?post=703866"},{"taxonomy":"product_tag","embeddable":true,"href":"https:\/\/roveyayinevi.com.tr\/index.php\/wp-json\/wp\/v2\/product_tag?post=703866"}],"curies":[{"name":"wp","href":"https:\/\/api.w.org\/{rel}","templated":true}]}}