{"id":703863,"date":"2025-08-27T15:29:52","date_gmt":"2025-08-27T12:29:52","guid":{"rendered":"https:\/\/roveyayinevi.com.tr\/index.php\/urun\/putlarin-alacakaranligi-3\/"},"modified":"2026-04-16T02:13:01","modified_gmt":"2026-04-15T23:13:01","slug":"putlarin-alacakaranligi-3","status":"publish","type":"product","link":"https:\/\/roveyayinevi.com.tr\/index.php\/urun\/putlarin-alacakaranligi-3\/","title":{"rendered":"Putlar\u0131n Alacakaranl\u0131\u011f\u0131"},"content":{"rendered":"<p>Putlar\u0131n Alacakaranl\u0131\u011f\u0131 <\/p>\n","protected":false},"excerpt":{"rendered":"<p>Putlar\u0131n Alacakaranl\u0131\u011f\u0131<\/p>\n","protected":false},"featured_media":0,"template":"","meta":{"_monsterinsights_skip_tracking":false,"_monsterinsights_sitenote_active":false,"_monsterinsights_sitenote_note":"","_monsterinsights_sitenote_category":0},"product_brand":[],"product_cat":[12388,15309],"product_tag":[],"class_list":{"0":"post-703863","1":"product","2":"type-product","3":"status-publish","5":"product_cat-felsefe","6":"product_cat-felsefi-akimlar","7":"pa_cilt-ciltsiz","8":"pa_tur-kitap","9":"pa_yayinevi-say-yayinlari","10":"pa_yazar-friedrich-wilhelm-nietzsche","12":"first","13":"instock","14":"sale","15":"shipping-taxable","16":"purchasable","17":"product-type-simple"},"_links":{"self":[{"href":"https:\/\/roveyayinevi.com.tr\/index.php\/wp-json\/wp\/v2\/product\/703863","targetHints":{"allow":["GET"]}}],"collection":[{"href":"https:\/\/roveyayinevi.com.tr\/index.php\/wp-json\/wp\/v2\/product"}],"about":[{"href":"https:\/\/roveyayinevi.com.tr\/index.php\/wp-json\/wp\/v2\/types\/product"}],"wp:attachment":[{"href":"https:\/\/roveyayinevi.com.tr\/index.php\/wp-json\/wp\/v2\/media?parent=703863"}],"wp:term":[{"taxonomy":"product_brand","embeddable":true,"href":"https:\/\/roveyayinevi.com.tr\/index.php\/wp-json\/wp\/v2\/product_brand?post=703863"},{"taxonomy":"product_cat","embeddable":true,"href":"https:\/\/roveyayinevi.com.tr\/index.php\/wp-json\/wp\/v2\/product_cat?post=703863"},{"taxonomy":"product_tag","embeddable":true,"href":"https:\/\/roveyayinevi.com.tr\/index.php\/wp-json\/wp\/v2\/product_tag?post=703863"}],"curies":[{"name":"wp","href":"https:\/\/api.w.org\/{rel}","templated":true}]}}