{"id":703862,"date":"2025-08-27T15:29:52","date_gmt":"2025-08-27T12:29:52","guid":{"rendered":"https:\/\/roveyayinevi.com.tr\/index.php\/urun\/kotu-cocuk-ii-ciltli\/"},"modified":"2026-04-16T02:13:01","modified_gmt":"2026-04-15T23:13:01","slug":"kotu-cocuk-ii-ciltli","status":"publish","type":"product","link":"https:\/\/roveyayinevi.com.tr\/index.php\/urun\/kotu-cocuk-ii-ciltli\/","title":{"rendered":"K\u00f6t\u00fc \u00c7ocuk &#8211; II (Ciltli)"},"content":{"rendered":"<p>Kayla ve Meri\u00e7&#8217;in beklenmedik \u015fekilde ba\u015flayan ili\u015fkileri, aile s\u0131rlar\u0131n\u0131n ortaya \u00e7\u0131kmas\u0131yla daha da derinle\u015fir. Meri\u00e7 herkesten gizlemeye \u00e7al\u0131\u015ft\u0131\u011f\u0131 ge\u00e7mi\u015finin kap\u0131s\u0131n\u0131 Kayla\u2019ya a\u00e7m\u0131\u015ft\u0131r ve onun hep yan\u0131nda olmas\u0131n\u0131 ister. Meri\u00e7 kendi aile sorunlar\u0131yla bo\u011fu\u015furken, Kayla&#8217;n\u0131n onu de\u011fi\u015ftirdi\u011fine inan\u0131p, iyi ve k\u00f6t\u00fc aras\u0131nda denge kurmaya \u00e7al\u0131\u015f\u0131r. Kayla ise Meri\u00e7&#8217;in daha derin bir karanl\u0131\u011fa d\u00fc\u015fmemesi i\u00e7in, ondan ayr\u0131lmaya karar verir. Meri\u00e7\u2019ten uzakla\u015ft\u0131k\u00e7a hatalar yapan Kayla\u2019n\u0131n hayat\u0131nda iyi olan tek \u015fey, anne ve babas\u0131yla birlikte ya\u015fayamad\u0131klar\u0131n\u0131 ge\u00e7 de olsa ger\u00e7ekle\u015ftirmesidir.  <\/p>\n","protected":false},"excerpt":{"rendered":"<p>Kayla ve Meri\u00e7&#8217;in beklenmedik \u015fekilde ba\u015flayan ili\u015fkileri, aile s\u0131rlar\u0131n\u0131n ortaya \u00e7\u0131kmas\u0131yla daha da derinle\u015fir. Meri\u00e7 herkesten gizlemeye \u00e7al\u0131\u015ft\u0131\u011f\u0131 ge\u00e7mi\u015finin kap\u0131s\u0131n\u0131 Kayla\u2019ya a\u00e7m\u0131\u015ft\u0131r ve onun hep yan\u0131nda<span class=\"excerpt-hellip\"> [\u2026]<\/span><\/p>\n","protected":false},"featured_media":0,"template":"","meta":{"_monsterinsights_skip_tracking":false,"_monsterinsights_sitenote_active":false,"_monsterinsights_sitenote_note":"","_monsterinsights_sitenote_category":0},"product_brand":[],"product_cat":[12291,12711],"product_tag":[],"class_list":{"0":"post-703862","1":"product","2":"type-product","3":"status-publish","5":"product_cat-edebiyat","6":"product_cat-roman-oyku","7":"pa_cilt-ciltli","8":"pa_tur-kitap","9":"pa_yayinevi-ephesus-yayinlari","10":"pa_yazar-busra-kucuk","12":"first","13":"instock","14":"sale","15":"shipping-taxable","16":"purchasable","17":"product-type-simple"},"_links":{"self":[{"href":"https:\/\/roveyayinevi.com.tr\/index.php\/wp-json\/wp\/v2\/product\/703862","targetHints":{"allow":["GET"]}}],"collection":[{"href":"https:\/\/roveyayinevi.com.tr\/index.php\/wp-json\/wp\/v2\/product"}],"about":[{"href":"https:\/\/roveyayinevi.com.tr\/index.php\/wp-json\/wp\/v2\/types\/product"}],"wp:attachment":[{"href":"https:\/\/roveyayinevi.com.tr\/index.php\/wp-json\/wp\/v2\/media?parent=703862"}],"wp:term":[{"taxonomy":"product_brand","embeddable":true,"href":"https:\/\/roveyayinevi.com.tr\/index.php\/wp-json\/wp\/v2\/product_brand?post=703862"},{"taxonomy":"product_cat","embeddable":true,"href":"https:\/\/roveyayinevi.com.tr\/index.php\/wp-json\/wp\/v2\/product_cat?post=703862"},{"taxonomy":"product_tag","embeddable":true,"href":"https:\/\/roveyayinevi.com.tr\/index.php\/wp-json\/wp\/v2\/product_tag?post=703862"}],"curies":[{"name":"wp","href":"https:\/\/api.w.org\/{rel}","templated":true}]}}