{"id":703861,"date":"2025-08-27T15:29:52","date_gmt":"2025-08-27T12:29:52","guid":{"rendered":"https:\/\/roveyayinevi.com.tr\/index.php\/urun\/uluslararasi-hukukta-guncel-sorun-alanlari\/"},"modified":"2025-10-30T10:30:57","modified_gmt":"2025-10-30T07:30:57","slug":"uluslararasi-hukukta-guncel-sorun-alanlari","status":"publish","type":"product","link":"https:\/\/roveyayinevi.com.tr\/index.php\/urun\/uluslararasi-hukukta-guncel-sorun-alanlari\/","title":{"rendered":"Uluslararas\u0131 Hukukta G\u00fcncel Sorun Alanlar\u0131"},"content":{"rendered":"<p>Dr. Murat Sara\u00e7l\u0131 taraf\u0131ndan haz\u0131rlanan Uluslararas\u0131 Hukukta G\u00fcncel Sorun Alanlar\u0131 ba\u015fl\u0131kl\u0131 edit\u00f6ryal bu \u00e7al\u0131\u015fma, yak\u0131n bir ge\u00e7mi\u015fte uluslararas\u0131 sistemde ya\u015fanan de\u011fi\u015fimlerin uluslararas\u0131 hukuktaki kar\u015f\u0131l\u0131\u011f\u0131n\u0131 bulmaya ve anlamland\u0131rmaya y\u00f6nelik \u00f6nemli bir \u00e7al\u0131\u015fmad\u0131r. \u00c7e\u015fitli \u00fcniversitelerden gen\u00e7 akademisyenlerin makaleleriyle katk\u0131da bulunduklar\u0131 bu kitap, yak\u0131n ge\u00e7mi\u015fimizde ya\u015fanan ve etkileri g\u00fcn\u00fcm\u00fczde hala hissedilen \u00e7e\u015fitli sorun alanlar\u0131na y\u00f6nelik uluslararas\u0131 hukukun yakla\u015f\u0131m\u0131n\u0131 ortaya koyarken, ayr\u0131ca g\u00fcncel sorunlar\u0131n nas\u0131l uluslararas\u0131 hukuku da etkiledi\u011fi ve d\u00f6n\u00fc\u015ft\u00fcrd\u00fc\u011f\u00fc sorunsal\u0131na da \u00f6nemli cevaplar i\u00e7ermektedir. Bu a\u00e7\u0131dan bak\u0131ld\u0131\u011f\u0131nda kitapta bir yandan, g\u00fcncel geli\u015fmelere y\u00f6nelik uluslararas\u0131 hukuk alan\u0131ndaki de\u011fi\u015fimleri takip ederken bir yandan da de\u011fi\u015fim s\u00fcrecindeki k\u00fcresel sistem ve akt\u00f6rlerin uluslararas\u0131 hukuku d\u00f6n\u00fc\u015ft\u00fcrmeye y\u00f6nelik giri\u015fimlerini de izleyebilmekteyiz. <\/p>\n","protected":false},"excerpt":{"rendered":"<p>Dr. Murat Sara\u00e7l\u0131 taraf\u0131ndan haz\u0131rlanan Uluslararas\u0131 Hukukta G\u00fcncel Sorun Alanlar\u0131 ba\u015fl\u0131kl\u0131 edit\u00f6ryal bu \u00e7al\u0131\u015fma, yak\u0131n bir ge\u00e7mi\u015fte uluslararas\u0131 sistemde ya\u015fanan de\u011fi\u015fimlerin uluslararas\u0131 hukuktaki kar\u015f\u0131l\u0131\u011f\u0131n\u0131 bulmaya ve<span class=\"excerpt-hellip\"> [\u2026]<\/span><\/p>\n","protected":false},"featured_media":0,"template":"","meta":{"_monsterinsights_skip_tracking":false,"_monsterinsights_sitenote_active":false,"_monsterinsights_sitenote_note":"","_monsterinsights_sitenote_category":0},"product_brand":[],"product_cat":[15350,17602],"product_tag":[],"class_list":{"0":"post-703861","1":"product","2":"type-product","3":"status-publish","5":"product_cat-hukuk","6":"product_cat-hukuk-uzerine","7":"pa_cilt-ciltsiz","8":"pa_tur-kitap","9":"pa_yayinevi-bigbang-yayinlari","10":"pa_yazar-kolektif","12":"first","13":"instock","14":"sale","15":"shipping-taxable","16":"purchasable","17":"product-type-simple"},"_links":{"self":[{"href":"https:\/\/roveyayinevi.com.tr\/index.php\/wp-json\/wp\/v2\/product\/703861","targetHints":{"allow":["GET"]}}],"collection":[{"href":"https:\/\/roveyayinevi.com.tr\/index.php\/wp-json\/wp\/v2\/product"}],"about":[{"href":"https:\/\/roveyayinevi.com.tr\/index.php\/wp-json\/wp\/v2\/types\/product"}],"wp:attachment":[{"href":"https:\/\/roveyayinevi.com.tr\/index.php\/wp-json\/wp\/v2\/media?parent=703861"}],"wp:term":[{"taxonomy":"product_brand","embeddable":true,"href":"https:\/\/roveyayinevi.com.tr\/index.php\/wp-json\/wp\/v2\/product_brand?post=703861"},{"taxonomy":"product_cat","embeddable":true,"href":"https:\/\/roveyayinevi.com.tr\/index.php\/wp-json\/wp\/v2\/product_cat?post=703861"},{"taxonomy":"product_tag","embeddable":true,"href":"https:\/\/roveyayinevi.com.tr\/index.php\/wp-json\/wp\/v2\/product_tag?post=703861"}],"curies":[{"name":"wp","href":"https:\/\/api.w.org\/{rel}","templated":true}]}}