{"id":703859,"date":"2025-08-27T15:29:51","date_gmt":"2025-08-27T12:29:51","guid":{"rendered":"https:\/\/roveyayinevi.com.tr\/index.php\/urun\/postmodern-edebiyat-kurami-giris\/"},"modified":"2026-04-16T02:13:01","modified_gmt":"2026-04-15T23:13:01","slug":"postmodern-edebiyat-kurami-giris","status":"publish","type":"product","link":"https:\/\/roveyayinevi.com.tr\/index.php\/urun\/postmodern-edebiyat-kurami-giris\/","title":{"rendered":"Postmodern Edebiyat Kuram\u0131 (Giri\u015f)"},"content":{"rendered":"<p>Postmodern edebiyat kuram\u0131 XVIII. y\u00fczy\u0131l sonu Romantik gelene\u011finden beslenir, iki ak\u0131m\u0131n kesi\u015fti\u011fi en \u00f6nemli nokta, edebiyatla edebiyat kuram\u0131n\u0131n i\u00e7 i\u00e7e ge\u00e7mi\u015f, giderek birbirine d\u00f6n\u00fc\u015fm\u00fc\u015f olmas\u0131d\u0131r. T\u0131pk\u0131 romantiklerin yapt\u0131\u011f\u0131 gibi postmodern edebiyat\u00e7\u0131lar da s\u00fcrekli edebiyat meselesinin bizatihi kendisiyle u\u011fra\u015f\u0131rlar. Bu da bizi edebi mutlak kavram\u0131na g\u00f6t\u00fcr\u00fcr. Edebi yarat\u0131lar hakk\u0131nda yarg\u0131da bulunmaya soyunan edebiyat ele\u015ftirisiyle, edebiyat\u0131n ne oldu\u011funa dair sorular soran -edebiyat kuram\u0131 aras\u0131ndaki ayr\u0131m ortadan kalkarken edebiyat\u0131n kendisi de edebi mutlak m i\u00e7inde erir. Ancak Romantik edebi mutla\u011f\u0131n ay\u0131rt edici \u00f6zelli\u011fi hen\u00fcz d\u00fc\u015f\u00fcn\u00fclmemi\u015f olana, olas\u0131l\u0131klara, var olanlar\u0131n antitezlerine a\u00e7\u0131k olu\u015fudur, k\u0131sacas\u0131 devrimci bir y\u00f6n\u00fc vard\u0131r. Postmodern edebiyattan ayr\u0131ld\u0131\u011f\u0131 nokta da budur. Bu temel sav etraf\u0131nda geli\u015fen kitap al\u0131\u015f\u0131lagelmi\u015f giri\u015f kitaplar\u0131 gibi belli bir d\u00f6nemselle\u015ftirme \u00fczerinden, birbirini takip eden ak\u0131mlar ya da ki\u015fileri izleyerek \u00f6rg\u00fctlenmiyor. Onun yerine bu sav ile buna eklemlenen ba\u015fka temalar etraf\u0131nda, metinler \u00fczerinden geli\u015fiyor ve ele\u015ftirel bir yakla\u015f\u0131m benimsiyor. Yazar Hobbes, Johnson, Rousseau, Kant, Nietzsche, Freud ve Heidegger\u2019in d\u00fc\u015f\u00fcncelerini izleyerek \u00e7al\u0131\u015fmas\u0131n\u0131 tarihsel le\u015ftiriyor; Levi-Strauss, Barthes, Baudrillard, Derrida, Kristeva, Lyotard, Deleuze ve Guattari\u2019yi izleyerek, bu d\u00fc\u015f\u00fcn\u00fcrlerin d\u00fc\u015f\u00fcncelerini birbirleriyle \u00e7arp\u0131\u015ft\u0131rarak sav\u0131n\u0131 kuramsalla\u015ft\u0131r\u0131yor. Sadece kuramc\u0131lar\u0131n de\u011fil, Acker, Auster, Barth, Pynchon gibi postmodern yazarlar\u0131n metinlerinin de derinlemesine \u00e7\u00f6z\u00fcmlemelerini yap\u0131yor. Kar\u015f\u0131m\u0131za zevkle ve kolay okunan bir kitap \u00e7\u0131k\u0131yor. Edebiyat alan\u0131nda b\u00fcy\u00fck bir eksikli\u011fi kapatacak k\u0131\u015fk\u0131rt\u0131c\u0131, bilgilendirici ve d\u00fc\u015f\u00fcnd\u00fcr\u00fcc\u00fc bir kitap Postmodern Edebiyat Kuram\u0131. Sadece edebiyatla ilgilenenlere de\u011fil, politika ve k\u00fclt\u00fcrel meselelerle ilgilenen ki\u015filere de s\u00f6yleyecek s\u00f6z\u00fc var. \ufffcTan\u0131t\u0131m Metni<\/p>\n","protected":false},"excerpt":{"rendered":"<p>Postmodern edebiyat kuram\u0131 XVIII. y\u00fczy\u0131l sonu Romantik gelene\u011finden beslenir, iki ak\u0131m\u0131n kesi\u015fti\u011fi en \u00f6nemli nokta, edebiyatla edebiyat kuram\u0131n\u0131n i\u00e7 i\u00e7e ge\u00e7mi\u015f, giderek birbirine d\u00f6n\u00fc\u015fm\u00fc\u015f olmas\u0131d\u0131r. T\u0131pk\u0131<span class=\"excerpt-hellip\"> [\u2026]<\/span><\/p>\n","protected":false},"featured_media":0,"template":"","meta":{"_monsterinsights_skip_tracking":false,"_monsterinsights_sitenote_active":false,"_monsterinsights_sitenote_note":"","_monsterinsights_sitenote_category":0},"product_brand":[],"product_cat":[13548,12408],"product_tag":[],"class_list":{"0":"post-703859","1":"product","2":"type-product","3":"status-publish","5":"product_cat-kuram","6":"product_cat-sanat","7":"pa_cilt-ciltsiz","8":"pa_tur-kitap","9":"pa_yayinevi-ayrinti-yayinlari","10":"pa_yazar-niall-lucy","12":"first","13":"instock","14":"sale","15":"shipping-taxable","16":"purchasable","17":"product-type-simple"},"_links":{"self":[{"href":"https:\/\/roveyayinevi.com.tr\/index.php\/wp-json\/wp\/v2\/product\/703859","targetHints":{"allow":["GET"]}}],"collection":[{"href":"https:\/\/roveyayinevi.com.tr\/index.php\/wp-json\/wp\/v2\/product"}],"about":[{"href":"https:\/\/roveyayinevi.com.tr\/index.php\/wp-json\/wp\/v2\/types\/product"}],"wp:attachment":[{"href":"https:\/\/roveyayinevi.com.tr\/index.php\/wp-json\/wp\/v2\/media?parent=703859"}],"wp:term":[{"taxonomy":"product_brand","embeddable":true,"href":"https:\/\/roveyayinevi.com.tr\/index.php\/wp-json\/wp\/v2\/product_brand?post=703859"},{"taxonomy":"product_cat","embeddable":true,"href":"https:\/\/roveyayinevi.com.tr\/index.php\/wp-json\/wp\/v2\/product_cat?post=703859"},{"taxonomy":"product_tag","embeddable":true,"href":"https:\/\/roveyayinevi.com.tr\/index.php\/wp-json\/wp\/v2\/product_tag?post=703859"}],"curies":[{"name":"wp","href":"https:\/\/api.w.org\/{rel}","templated":true}]}}